{"id":9936,"date":"2019-10-15T17:57:53","date_gmt":"2019-10-15T17:57:53","guid":{"rendered":"https:\/\/drhorn-yam35rk0s9.live-website.com\/?page_id=9936"},"modified":"2020-04-09T07:46:40","modified_gmt":"2020-04-09T07:46:40","slug":"qualitaet","status":"publish","type":"page","link":"https:\/\/dr-horn.org\/en\/qualitaet\/","title":{"rendered":"Quality"},"content":{"rendered":"<div data-elementor-type=\"wp-page\" data-elementor-id=\"9936\" class=\"elementor elementor-9936\" data-elementor-settings=\"{&quot;element_pack_global_tooltip_width&quot;:{&quot;unit&quot;:&quot;px&quot;,&quot;size&quot;:&quot;&quot;,&quot;sizes&quot;:[]},&quot;element_pack_global_tooltip_width_tablet&quot;:{&quot;unit&quot;:&quot;px&quot;,&quot;size&quot;:&quot;&quot;,&quot;sizes&quot;:[]},&quot;element_pack_global_tooltip_width_mobile&quot;:{&quot;unit&quot;:&quot;px&quot;,&quot;size&quot;:&quot;&quot;,&quot;sizes&quot;:[]},&quot;element_pack_global_tooltip_padding&quot;:{&quot;unit&quot;:&quot;px&quot;,&quot;top&quot;:&quot;&quot;,&quot;right&quot;:&quot;&quot;,&quot;bottom&quot;:&quot;&quot;,&quot;left&quot;:&quot;&quot;,&quot;isLinked&quot;:true},&quot;element_pack_global_tooltip_padding_tablet&quot;:{&quot;unit&quot;:&quot;px&quot;,&quot;top&quot;:&quot;&quot;,&quot;right&quot;:&quot;&quot;,&quot;bottom&quot;:&quot;&quot;,&quot;left&quot;:&quot;&quot;,&quot;isLinked&quot;:true},&quot;element_pack_global_tooltip_padding_mobile&quot;:{&quot;unit&quot;:&quot;px&quot;,&quot;top&quot;:&quot;&quot;,&quot;right&quot;:&quot;&quot;,&quot;bottom&quot;:&quot;&quot;,&quot;left&quot;:&quot;&quot;,&quot;isLinked&quot;:true},&quot;element_pack_global_tooltip_border_radius&quot;:{&quot;unit&quot;:&quot;px&quot;,&quot;top&quot;:&quot;&quot;,&quot;right&quot;:&quot;&quot;,&quot;bottom&quot;:&quot;&quot;,&quot;left&quot;:&quot;&quot;,&quot;isLinked&quot;:true},&quot;element_pack_global_tooltip_border_radius_tablet&quot;:{&quot;unit&quot;:&quot;px&quot;,&quot;top&quot;:&quot;&quot;,&quot;right&quot;:&quot;&quot;,&quot;bottom&quot;:&quot;&quot;,&quot;left&quot;:&quot;&quot;,&quot;isLinked&quot;:true},&quot;element_pack_global_tooltip_border_radius_mobile&quot;:{&quot;unit&quot;:&quot;px&quot;,&quot;top&quot;:&quot;&quot;,&quot;right&quot;:&quot;&quot;,&quot;bottom&quot;:&quot;&quot;,&quot;left&quot;:&quot;&quot;,&quot;isLinked&quot;:true}}\" data-elementor-post-type=\"page\">\n\t\t\t\t\t\t<section class=\"elementor-section elementor-top-section elementor-element elementor-element-42948bbe elementor-section-boxed elementor-section-height-default elementor-section-height-default\" data-id=\"42948bbe\" data-element_type=\"section\" data-e-type=\"section\" data-settings=\"{&quot;background_background&quot;:&quot;classic&quot;}\">\n\t\t\t\t\t\t<div class=\"elementor-container elementor-column-gap-default\">\n\t\t\t\t\t<div class=\"elementor-column elementor-col-100 elementor-top-column elementor-element elementor-element-5c71b500\" data-id=\"5c71b500\" data-element_type=\"column\" data-e-type=\"column\">\n\t\t\t<div class=\"elementor-widget-wrap elementor-element-populated\">\n\t\t\t\t\t\t<div class=\"elementor-element elementor-element-732e803e elementor-widget elementor-widget-spacer\" data-id=\"732e803e\" data-element_type=\"widget\" data-e-type=\"widget\" data-widget_type=\"spacer.default\">\n\t\t\t\t<div class=\"elementor-widget-container\">\n\t\t\t\t\t\t\t<div class=\"elementor-spacer\">\n\t\t\t<div class=\"elementor-spacer-inner\"><\/div>\n\t\t<\/div>\n\t\t\t\t\t\t<\/div>\n\t\t\t\t<\/div>\n\t\t\t\t<section class=\"elementor-section elementor-inner-section elementor-element elementor-element-6a62c1d6 elementor-section-content-middle elementor-section-boxed elementor-section-height-default elementor-section-height-default\" data-id=\"6a62c1d6\" data-element_type=\"section\" data-e-type=\"section\" data-settings=\"{&quot;background_background&quot;:&quot;classic&quot;}\">\n\t\t\t\t\t\t<div class=\"elementor-container elementor-column-gap-default\">\n\t\t\t\t\t<div class=\"elementor-column elementor-col-50 elementor-inner-column elementor-element elementor-element-324d18f2\" data-id=\"324d18f2\" data-element_type=\"column\" data-e-type=\"column\">\n\t\t\t<div class=\"elementor-widget-wrap elementor-element-populated\">\n\t\t\t\t\t\t<div class=\"elementor-element elementor-element-8b1e2ff elementor-widget elementor-widget-text-editor\" data-id=\"8b1e2ff\" data-element_type=\"widget\" data-e-type=\"widget\" data-widget_type=\"text-editor.default\">\n\t\t\t\t<div class=\"elementor-widget-container\">\n\t\t\t\t\t\t\t\t\t<h6><span class=\"gt3_title_line left\" style=\"color: #0080c8;\"><span><\/span><\/span><span style=\"color: #0080c8;\">Business for Success<\/span><\/h6>\t\t\t\t\t\t\t\t<\/div>\n\t\t\t\t<\/div>\n\t\t\t\t<div class=\"elementor-element elementor-element-120882ef elementor-widget elementor-widget-heading\" data-id=\"120882ef\" data-element_type=\"widget\" data-e-type=\"widget\" data-widget_type=\"heading.default\">\n\t\t\t\t<div class=\"elementor-widget-container\">\n\t\t\t\t\t<h1 class=\"elementor-heading-title elementor-size-default\">Produkt&shy;qualit\u00e4t durch Wertsch\u00f6p&shy;fung aus einer Hand<\/h1>\t\t\t\t<\/div>\n\t\t\t\t<\/div>\n\t\t\t\t\t<\/div>\n\t\t<\/div>\n\t\t\t\t<div class=\"elementor-column elementor-col-50 elementor-inner-column elementor-element elementor-element-ea2a7cb\" data-id=\"ea2a7cb\" data-element_type=\"column\" data-e-type=\"column\">\n\t\t\t<div class=\"elementor-widget-wrap\">\n\t\t\t\t\t\t\t<\/div>\n\t\t<\/div>\n\t\t\t\t\t<\/div>\n\t\t<\/section>\n\t\t\t\t<section class=\"elementor-section elementor-inner-section elementor-element elementor-element-7935317d elementor-section-content-middle elementor-section-boxed elementor-section-height-default elementor-section-height-default\" data-id=\"7935317d\" data-element_type=\"section\" data-e-type=\"section\" data-settings=\"{&quot;background_background&quot;:&quot;classic&quot;}\">\n\t\t\t\t\t\t<div class=\"elementor-container elementor-column-gap-default\">\n\t\t\t\t\t<div class=\"elementor-column elementor-col-50 elementor-inner-column elementor-element elementor-element-656862a7\" data-id=\"656862a7\" data-element_type=\"column\" data-e-type=\"column\">\n\t\t\t<div class=\"elementor-widget-wrap elementor-element-populated\">\n\t\t\t\t\t\t<div class=\"elementor-element elementor-element-36e14cd9 elementor-widget elementor-widget-toggle\" data-id=\"36e14cd9\" data-element_type=\"widget\" data-e-type=\"widget\" data-widget_type=\"toggle.default\">\n\t\t\t\t<div class=\"elementor-widget-container\">\n\t\t\t\t\t\t\t<div class=\"elementor-toggle\">\n\t\t\t\t\t\t\t<div class=\"elementor-toggle-item\">\n\t\t\t\t\t<div id=\"elementor-tab-title-9201\" class=\"elementor-tab-title\" data-tab=\"1\" role=\"button\" aria-controls=\"elementor-tab-content-9201\" aria-expanded=\"false\">\n\t\t\t\t\t\t\t\t\t\t\t\t<span class=\"elementor-toggle-icon elementor-toggle-icon-left\" aria-hidden=\"true\">\n\t\t\t\t\t\t\t\t\t\t\t\t\t\t\t<span class=\"elementor-toggle-icon-closed\"><i class=\"fas fa-chevron-down\"><\/i><\/span>\n\t\t\t\t\t\t\t\t<span class=\"elementor-toggle-icon-opened\"><i class=\"elementor-toggle-icon-opened fas fa-chevron-up\"><\/i><\/span>\n\t\t\t\t\t\t\t\t\t\t\t\t\t<\/span>\n\t\t\t\t\t\t\t\t\t\t\t\t<a class=\"elementor-toggle-title\" tabindex=\"0\">Unsere Produkte Mess&shy;ge&shy;r\u00e4te von Horn sind ro&shy;bust, wartungs&shy;frei und uni&shy;ver&shy;sell ver&shy;wend&shy;bar. Wir stellen h\u00f6chs&shy;te An&shy;spr\u00fcche an Pr\u00e4zi&shy;sion und Quali&shy;t\u00e4t. Des&shy;halb sind unsere Pro&shy;dukte unter dem Ge&shy;sichts&shy;punkt der Kosten \u00fcber den Le&shy;bens&shy;zy&shy;klus auch als preis&shy;attraktiv zu be&shy;zeichnen.<\/a>\n\t\t\t\t\t<\/div>\n\n\t\t\t\t\t<div id=\"elementor-tab-content-9201\" class=\"elementor-tab-content elementor-clearfix\" data-tab=\"1\" role=\"region\" aria-labelledby=\"elementor-tab-title-9201\"><p>The company has been independent for more than 100\u00a0years, because we are con\u00advinced that this is the best way to make the most of our innovative strength and flexibility and to meet our high qual\u00adity stan&shy;dards.<\/p><p>Also, for reasons of quality, we do not use suppliers as far as possible. We have deliberately decided on this high vertical range of manufacture. We have all the relevant production steps in our own hands. This not only makes us more in\u00adde\u00adpen\u00addent, but also allows us to con\u00adcen\u00adtrate specifically on the high de\u00admands that we place on the quality, per\u00adfor&shy;mance, reliability and de\u00adliv\u00ader\u00adabil\u00adity of our products.<\/p><p>We have this quality checked regularly. It goes without saying that we are certified according to DIN ISO 9001:2016. In\u00adter\u00adna\u00adtional classification societies are re\u00adspon\u00adsi\u00adble for the acceptance and approval of the products made by Dr. E. Horn GmbH &amp; Co KG. This means that the quality and safety of our measuring instruments and mea\u00adsur&shy;ing systems are certified world\u00adwide.<\/p><\/div>\n\t\t\t\t<\/div>\n\t\t\t\t\t\t\t\t<\/div>\n\t\t\t\t\t\t<\/div>\n\t\t\t\t<\/div>\n\t\t\t\t\t<\/div>\n\t\t<\/div>\n\t\t\t\t<div class=\"elementor-column elementor-col-50 elementor-inner-column elementor-element elementor-element-1634600b\" data-id=\"1634600b\" data-element_type=\"column\" data-e-type=\"column\">\n\t\t\t<div class=\"elementor-widget-wrap\">\n\t\t\t\t\t\t\t<\/div>\n\t\t<\/div>\n\t\t\t\t\t<\/div>\n\t\t<\/section>\n\t\t\t\t<div class=\"elementor-element elementor-element-5a9be6a3 elementor-widget elementor-widget-spacer\" data-id=\"5a9be6a3\" data-element_type=\"widget\" data-e-type=\"widget\" data-widget_type=\"spacer.default\">\n\t\t\t\t<div class=\"elementor-widget-container\">\n\t\t\t\t\t\t\t<div class=\"elementor-spacer\">\n\t\t\t<div class=\"elementor-spacer-inner\"><\/div>\n\t\t<\/div>\n\t\t\t\t\t\t<\/div>\n\t\t\t\t<\/div>\n\t\t\t\t<div class=\"elementor-element elementor-element-51fdbc20 elementor-widget elementor-widget-spacer\" data-id=\"51fdbc20\" data-element_type=\"widget\" data-e-type=\"widget\" data-widget_type=\"spacer.default\">\n\t\t\t\t<div class=\"elementor-widget-container\">\n\t\t\t\t\t\t\t<div class=\"elementor-spacer\">\n\t\t\t<div class=\"elementor-spacer-inner\"><\/div>\n\t\t<\/div>\n\t\t\t\t\t\t<\/div>\n\t\t\t\t<\/div>\n\t\t\t\t\t<\/div>\n\t\t<\/div>\n\t\t\t\t\t<\/div>\n\t\t<\/section>\n\t\t\t\t<section class=\"elementor-section elementor-top-section elementor-element elementor-element-53a15334 elementor-section-stretched elementor-section-boxed elementor-section-height-default elementor-section-height-default\" data-id=\"53a15334\" data-element_type=\"section\" data-e-type=\"section\" data-settings=\"{&quot;stretch_section&quot;:&quot;section-stretched&quot;,&quot;background_background&quot;:&quot;classic&quot;}\">\n\t\t\t\t\t\t\t<div class=\"elementor-background-overlay\"><\/div>\n\t\t\t\t\t\t\t<div class=\"elementor-container elementor-column-gap-default\">\n\t\t\t\t\t<div class=\"elementor-column elementor-col-100 elementor-top-column elementor-element elementor-element-1a93dd9b\" data-id=\"1a93dd9b\" data-element_type=\"column\" data-e-type=\"column\">\n\t\t\t<div class=\"elementor-widget-wrap elementor-element-populated\">\n\t\t\t\t\t\t<div class=\"elementor-element elementor-element-1b9b158 elementor-widget elementor-widget-gt3pg-masonry\" data-id=\"1b9b158\" data-element_type=\"widget\" data-e-type=\"widget\" data-widget_type=\"gt3pg-masonry.default\">\n\t\t\t\t<div class=\"elementor-widget-container\">\n\t\t\t\t\t<style>.uid-c21d59c39f39b232  .gt3pg-isotope-item {\n\tpadding-right: 0px;\n\tpadding-bottom: 0px;\n}\n.uid-c21d59c39f39b232  .gallery-isotope-wrapper {\n\tmargin-right: -0px;\n\tmargin-bottom: -0px;\n}\n<\/style><div id=\"uid-c21d59c39f39b232\" data-gt3pg-block=\"masonry\" data-index=\"1\" class=\"gt3-photo-gallery-pro--isotope_gallery uid-c21d59c39f39b232 gt3pg-pro--wrapper gt3pg-pro--masonry\">\t\t<div data-cols=\"3\" data-cols-tablet=\"3\" data-cols-mobile=\"2\" class=\"gt3pg-isotope-gallery columns-3 hover-none gallery-masonry corner-standard\" data-settings=\"{&quot;lightbox&quot;:false,&quot;id&quot;:1,&quot;uid&quot;:&quot;uid-c21d59c39f39b232&quot;,&quot;modules&quot;:[]}\">\r\n\t\t\t<div class=\"gallery-isotope-wrapper\">\r\n\t\t\t\t<div class=\"gt3pg-isotope-item loading\" ><div class=\"isotope_item-wrapper\"><div class=\"img-wrapper\"><img fetchpriority=\"high\" decoding=\"async\" width=\"768\" height=\"912\" src=\"https:\/\/dr-horn.org\/wp-content\/uploads\/2020\/03\/qualitaet-1-dr-e-horn-768x912.jpg\" class=\"skip-lazy gt3-lazy-image\" alt=\"Qualitaet\" data-lazy-srcset=\"https:\/\/dr-horn.org\/wp-content\/uploads\/2020\/03\/qualitaet-1-dr-e-horn-768x912.jpg 768w, https:\/\/dr-horn.org\/wp-content\/uploads\/2020\/03\/qualitaet-1-dr-e-horn-253x300.jpg 253w\" data-lazy-sizes=\"(max-width: 768px) 100vw, 768px\" data-lazy-src=\"https:\/\/dr-horn.org\/wp-content\/uploads\/2020\/03\/qualitaet-1-dr-e-horn-768x912.jpg?is-pending-load=1\" srcset=\"data:image\/png;base64,iVBORw0KGgoAAAANSUhEUgAAAE0AAABbCAYAAAA2hgg2AAAACXBIWXMAAA7EAAAOxAGVKw4bAAAAMUlEQVR42u3BAQEAAACCIP+vbkhAAQAAAAAAAAAAAAAAAAAAAAAAAAAAAAAAAAAAXBtt1wABhkIoUgAAAABJRU5ErkJggg==\" title=\"Qualitaet\" \/><\/div><\/div><\/div><div class=\"gt3pg-isotope-item loading\" ><div class=\"isotope_item-wrapper\"><div class=\"img-wrapper\"><img decoding=\"async\" width=\"768\" height=\"912\" src=\"https:\/\/dr-horn.org\/wp-content\/uploads\/2020\/03\/qualitaet-2-dr-e-horn-768x912.jpg\" class=\"skip-lazy gt3-lazy-image\" alt=\"Qualitaet\" data-lazy-srcset=\"https:\/\/dr-horn.org\/wp-content\/uploads\/2020\/03\/qualitaet-2-dr-e-horn-768x912.jpg 768w, https:\/\/dr-horn.org\/wp-content\/uploads\/2020\/03\/qualitaet-2-dr-e-horn-253x300.jpg 253w\" data-lazy-sizes=\"(max-width: 768px) 100vw, 768px\" data-lazy-src=\"https:\/\/dr-horn.org\/wp-content\/uploads\/2020\/03\/qualitaet-2-dr-e-horn-768x912.jpg?is-pending-load=1\" srcset=\"data:image\/png;base64,iVBORw0KGgoAAAANSUhEUgAAAE0AAABbCAYAAAA2hgg2AAAACXBIWXMAAA7EAAAOxAGVKw4bAAAAMUlEQVR42u3BAQEAAACCIP+vbkhAAQAAAAAAAAAAAAAAAAAAAAAAAAAAAAAAAAAAXBtt1wABhkIoUgAAAABJRU5ErkJggg==\" title=\"Qualitaet\" \/><\/div><\/div><\/div><div class=\"gt3pg-isotope-item loading\" ><div class=\"isotope_item-wrapper\"><div class=\"img-wrapper\"><img decoding=\"async\" width=\"768\" height=\"426\" src=\"https:\/\/dr-horn.org\/wp-content\/uploads\/2020\/03\/slider-business-for-longlasting-performance-8-e1585228093905-768x426.jpg\" class=\"skip-lazy gt3-lazy-image\" alt=\"\" data-lazy-srcset=\"https:\/\/dr-horn.org\/wp-content\/uploads\/2020\/03\/slider-business-for-longlasting-performance-8-e1585228093905-768x426.jpg 768w, https:\/\/dr-horn.org\/wp-content\/uploads\/2020\/03\/slider-business-for-longlasting-performance-8-e1585228093905-300x167.jpg 300w\" data-lazy-sizes=\"(max-width: 768px) 100vw, 768px\" data-lazy-src=\"https:\/\/dr-horn.org\/wp-content\/uploads\/2020\/03\/slider-business-for-longlasting-performance-8-e1585228093905-768x426.jpg?is-pending-load=1\" srcset=\"data:image\/png;base64,iVBORw0KGgoAAAANSUhEUgAAAE0AAAAqCAYAAAD2+NZSAAAACXBIWXMAAA7EAAAOxAGVKw4bAAAAI0lEQVRo3u3BMQEAAADCoPVPbQlPoAAAAAAAAAAAAAAAAOBpMrIAAZzcjdUAAAAASUVORK5CYII=\" title=\"slider-business-for-longlasting-performance-8\" \/><\/div><\/div><\/div>\t\t\t<\/div>\r\n\t\t<\/div>\r\n\t\t<script type=\"application\/json\" id=\"settings--uid-c21d59c39f39b232\">{\"lightbox\":false,\"id\":1,\"uid\":\"uid-c21d59c39f39b232\",\"modules\":[]}<\/script>\r\n\t\t<\/div>\t\t\t\t<\/div>\n\t\t\t\t<\/div>\n\t\t\t\t<div class=\"elementor-element elementor-element-e604930 elementor-widget elementor-widget-spacer\" data-id=\"e604930\" data-element_type=\"widget\" data-e-type=\"widget\" data-widget_type=\"spacer.default\">\n\t\t\t\t<div class=\"elementor-widget-container\">\n\t\t\t\t\t\t\t<div class=\"elementor-spacer\">\n\t\t\t<div class=\"elementor-spacer-inner\"><\/div>\n\t\t<\/div>\n\t\t\t\t\t\t<\/div>\n\t\t\t\t<\/div>\n\t\t\t\t\t<\/div>\n\t\t<\/div>\n\t\t\t\t\t<\/div>\n\t\t<\/section>\n\t\t\t\t<\/div>","protected":false},"excerpt":{"rendered":"<p>Business for Success Produkt\u00adqualit\u00e4t durch Wertsch\u00f6p\u00adfung aus einer Hand Unsere Produkte Mess\u00adge\u00adr\u00e4te von Horn sind ro\u00adbust, wartungs\u00adfrei und uni\u00adver\u00adsell ver\u00adwend\u00adbar. Wir stellen h\u00f6chs\u00adte An\u00adspr\u00fcche an Pr\u00e4zi\u00adsion und Quali\u00adt\u00e4t. Des\u00adhalb sind unsere Pro\u00addukte unter dem Ge\u00adsichts\u00adpunkt der Kosten \u00fcber den Le\u00adbens\u00adzy\u00adklus auch als preis\u00adattraktiv zu be\u00adzeichnen. Seit mehr als 100 Jahren Fir\u00admen\u00ad\u00adge\u00adschich\u00adte ist das Unter\u00adnehmen eigen\u00adst\u00e4ndig. [&hellip;]<\/p>\n","protected":false},"author":1,"featured_media":0,"parent":0,"menu_order":0,"comment_status":"closed","ping_status":"closed","template":"","meta":{"footnotes":""},"class_list":["post-9936","page","type-page","status-publish","hentry"],"_links":{"self":[{"href":"https:\/\/dr-horn.org\/en\/wp-json\/wp\/v2\/pages\/9936","targetHints":{"allow":["GET"]}}],"collection":[{"href":"https:\/\/dr-horn.org\/en\/wp-json\/wp\/v2\/pages"}],"about":[{"href":"https:\/\/dr-horn.org\/en\/wp-json\/wp\/v2\/types\/page"}],"author":[{"embeddable":true,"href":"https:\/\/dr-horn.org\/en\/wp-json\/wp\/v2\/users\/1"}],"replies":[{"embeddable":true,"href":"https:\/\/dr-horn.org\/en\/wp-json\/wp\/v2\/comments?post=9936"}],"version-history":[{"count":0,"href":"https:\/\/dr-horn.org\/en\/wp-json\/wp\/v2\/pages\/9936\/revisions"}],"wp:attachment":[{"href":"https:\/\/dr-horn.org\/en\/wp-json\/wp\/v2\/media?parent=9936"}],"curies":[{"name":"wp","href":"https:\/\/api.w.org\/{rel}","templated":true}]}}