{"id":16705,"date":"2020-03-20T14:06:13","date_gmt":"2020-03-20T14:06:13","guid":{"rendered":"https:\/\/drhorn-yam35rk0s9.live-website.com\/?page_id=16705"},"modified":"2020-08-25T15:46:36","modified_gmt":"2020-08-25T15:46:36","slug":"truebung","status":"publish","type":"page","link":"https:\/\/dr-horn.org\/en\/produkte\/truebung\/","title":{"rendered":"Turbidity"},"content":{"rendered":"<div data-elementor-type=\"wp-post\" data-elementor-id=\"16705\" class=\"elementor elementor-16705\" data-elementor-settings=\"{&quot;element_pack_global_tooltip_width&quot;:{&quot;unit&quot;:&quot;px&quot;,&quot;size&quot;:&quot;&quot;,&quot;sizes&quot;:[]},&quot;element_pack_global_tooltip_width_tablet&quot;:{&quot;unit&quot;:&quot;px&quot;,&quot;size&quot;:&quot;&quot;,&quot;sizes&quot;:[]},&quot;element_pack_global_tooltip_width_mobile&quot;:{&quot;unit&quot;:&quot;px&quot;,&quot;size&quot;:&quot;&quot;,&quot;sizes&quot;:[]},&quot;element_pack_global_tooltip_padding&quot;:{&quot;unit&quot;:&quot;px&quot;,&quot;top&quot;:&quot;&quot;,&quot;right&quot;:&quot;&quot;,&quot;bottom&quot;:&quot;&quot;,&quot;left&quot;:&quot;&quot;,&quot;isLinked&quot;:true},&quot;element_pack_global_tooltip_padding_tablet&quot;:{&quot;unit&quot;:&quot;px&quot;,&quot;top&quot;:&quot;&quot;,&quot;right&quot;:&quot;&quot;,&quot;bottom&quot;:&quot;&quot;,&quot;left&quot;:&quot;&quot;,&quot;isLinked&quot;:true},&quot;element_pack_global_tooltip_padding_mobile&quot;:{&quot;unit&quot;:&quot;px&quot;,&quot;top&quot;:&quot;&quot;,&quot;right&quot;:&quot;&quot;,&quot;bottom&quot;:&quot;&quot;,&quot;left&quot;:&quot;&quot;,&quot;isLinked&quot;:true},&quot;element_pack_global_tooltip_border_radius&quot;:{&quot;unit&quot;:&quot;px&quot;,&quot;top&quot;:&quot;&quot;,&quot;right&quot;:&quot;&quot;,&quot;bottom&quot;:&quot;&quot;,&quot;left&quot;:&quot;&quot;,&quot;isLinked&quot;:true},&quot;element_pack_global_tooltip_border_radius_tablet&quot;:{&quot;unit&quot;:&quot;px&quot;,&quot;top&quot;:&quot;&quot;,&quot;right&quot;:&quot;&quot;,&quot;bottom&quot;:&quot;&quot;,&quot;left&quot;:&quot;&quot;,&quot;isLinked&quot;:true},&quot;element_pack_global_tooltip_border_radius_mobile&quot;:{&quot;unit&quot;:&quot;px&quot;,&quot;top&quot;:&quot;&quot;,&quot;right&quot;:&quot;&quot;,&quot;bottom&quot;:&quot;&quot;,&quot;left&quot;:&quot;&quot;,&quot;isLinked&quot;:true}}\" data-elementor-post-type=\"page\">\n\t\t\t\t\t\t<section class=\"elementor-section elementor-top-section elementor-element elementor-element-3c87ab09 elementor-section-boxed elementor-section-height-default elementor-section-height-default\" data-id=\"3c87ab09\" data-element_type=\"section\" data-e-type=\"section\" data-settings=\"{&quot;background_background&quot;:&quot;classic&quot;}\">\n\t\t\t\t\t\t<div class=\"elementor-container elementor-column-gap-default\">\n\t\t\t\t\t<div class=\"elementor-column elementor-col-100 elementor-top-column elementor-element elementor-element-5db61e1\" data-id=\"5db61e1\" data-element_type=\"column\" data-e-type=\"column\">\n\t\t\t<div class=\"elementor-widget-wrap elementor-element-populated\">\n\t\t\t\t\t\t<div class=\"elementor-element elementor-element-529fe8df elementor-widget elementor-widget-spacer\" data-id=\"529fe8df\" data-element_type=\"widget\" data-e-type=\"widget\" data-widget_type=\"spacer.default\">\n\t\t\t\t<div class=\"elementor-widget-container\">\n\t\t\t\t\t\t\t<div class=\"elementor-spacer\">\n\t\t\t<div class=\"elementor-spacer-inner\"><\/div>\n\t\t<\/div>\n\t\t\t\t\t\t<\/div>\n\t\t\t\t<\/div>\n\t\t\t\t<div class=\"elementor-element elementor-element-e8eb29a bdt-flip-box-direction-up bdt-flip-box-effect-flip bdt-flip-box-easing-ease-out elementor-widget elementor-widget-bdt-flip-box\" data-id=\"e8eb29a\" data-element_type=\"widget\" data-e-type=\"widget\" data-widget_type=\"bdt-flip-box.default\">\n\t\t\t\t<div class=\"elementor-widget-container\">\n\t\t\t\t\t\t\t<div class=\"bdt-flip-box\" data-settings=\"{&quot;flipTrigger&quot;:&quot;hover&quot;}\">\n\t\t\t<div class=\"bdt-flip-box-layer bdt-flip-box-front\">\n\t\t\t\t<div class=\"bdt-flip-box-layer-overlay\">\n\t\t\t\t\t<div class=\"bdt-flip-box-layer-inner\">\n\t\t\t\t\t\t\t\t\t\t\t\t\t<div class=\"elementor-icon-wrapper elementor-view-stacked elementor-shape-circle\">\n\t\t\t\t\t\t\t\t<div class=\"elementor-icon\">\n\n\t\t\t\t\t\t\t\t\t<svg xmlns=\"http:\/\/www.w3.org\/2000\/svg\" xmlns:xlink=\"http:\/\/www.w3.org\/1999\/xlink\" id=\"truebung\" x=\"0px\" y=\"0px\" width=\"51px\" height=\"51px\" viewbox=\"0 0 51 51\" style=\"enable-background:new 0 0 51 51;\" xml:space=\"preserve\"><style type=\"text\/css\">\t.st0{fill:#FFFFFF;}<\/style><g>\t<path class=\"st0\" d=\"M16,31.8H7.5c-3-0.1-5.3-2.4-5.4-5.4c-0.1-1.5,0.4-3,1.4-4.1c1-1.1,2.4-1.8,4-1.8c0.6,0,1.4,0.2,2.1,0.5   c0.6-2.5,2.5-4.5,5-5c3.4-0.8,6.8,1.3,7.6,4.8l0.1,0c0.4-0.1,0.8-0.2,1.2-0.2c3.2,0,5.7,2.6,5.7,5.7H29c0-3-2.5-5.5-5.5-5.5   c-0.4,0-0.8,0.1-1.2,0.2l-0.2,0c-0.1,0-0.1,0-0.1-0.1c-0.8-3.4-4.1-5.5-7.3-4.7c-2.4,0.6-4.3,2.5-4.8,5c0,0,0,0.1-0.1,0.1   c0,0-0.1,0-0.1,0c-0.7-0.3-1.5-0.5-2.2-0.5c-1.5,0-2.8,0.7-3.8,1.8c-1,1.1-1.5,2.5-1.4,3.9c0.1,2.9,2.3,5.1,5.2,5.2H16V31.8z\"><\/path><\/g><g>\t<path class=\"st0\" d=\"M31.2,24.4c-0.1,0-0.1,0-0.2,0l0-0.2c3,0.1,5.6-2.2,5.7-5.2c0.1-3-2.2-5.6-5.2-5.7H31c-0.4,0-0.8,0.1-1.2,0.2   l-0.2,0c-0.1,0-0.1,0-0.1-0.1c-0.4-1.6-1.3-3-2.7-3.9c-1.4-0.9-3-1.2-4.6-0.8c-2.4,0.6-4.3,2.5-4.8,5c0,0,0,0.1-0.1,0.1   s-0.1,0-0.1,0c-0.7-0.3-1.5-0.5-2.2-0.5c-2.1,0-3.9,1.1-4.8,2.8L10,16c0.9-1.8,2.8-3,5-3c0.6,0,1.4,0.2,2.1,0.5   c0.6-2.5,2.5-4.5,5-5c1.7-0.4,3.4-0.1,4.8,0.8c1.4,0.9,2.4,2.3,2.8,3.9l0.1,0c0.4-0.1,0.8-0.2,1.2-0.2h0.5c3.1,0.1,5.5,2.8,5.4,5.9   C36.8,22,34.3,24.4,31.2,24.4z\"><\/path><\/g><g>\t<path class=\"st0\" d=\"M42.2,32.6c-0.3,0-0.5,0-0.8,0c-2.7,0-4.3-0.8-5.8-1.5c-1.7-0.8-3.4-1.6-6.5-1.6c-3.4-0.1-6.7,1-9.4,3.1   l-0.2-0.2c2.7-2.1,6.1-3.2,9.6-3.1c3.2,0,4.9,0.8,6.7,1.6c1.6,0.7,3.1,1.4,5.7,1.5c2.2,0.1,4.4-0.2,6.3-1l0.1,0.2   C46.1,32.3,44.1,32.6,42.2,32.6z\"><\/path><\/g><g>\t<path class=\"st0\" d=\"M42,37.7c-0.2,0-0.4,0-0.7,0c-2.7,0-4.3-0.8-5.8-1.5c-1.7-0.8-3.4-1.6-6.5-1.6c-3.4-0.1-6.7,1-9.4,3.1   l-0.2-0.2c2.6-2,5.8-3.1,9.1-3.1c0.1,0,0.3,0,0.4,0c3.2,0,4.9,0.8,6.7,1.6c1.6,0.7,3.1,1.4,5.7,1.5c2,0.1,4.1-0.2,6.3-1l0.1,0.2   C45.8,37.4,43.9,37.7,42,37.7z\"><\/path><\/g><g>\t<path class=\"st0\" d=\"M42.2,42.7c-0.3,0-0.5,0-0.8,0c-2.7,0-4.3-0.8-5.8-1.5c-1.7-0.8-3.4-1.6-6.5-1.6c-3.4-0.1-6.7,1-9.4,3.1   l-0.2-0.2c2.6-2,5.8-3.1,9.1-3.1c0.1,0,0.3,0,0.4,0c3.2,0,4.9,0.8,6.7,1.6c1.6,0.7,3.1,1.4,5.7,1.5c2.2,0.1,4.4-0.2,6.3-1l0.1,0.2   C46.1,42.4,44.1,42.7,42.2,42.7z\"><\/path><\/g><\/svg>\n\t\t\t\t\t\t\t\t<\/div>\n\t\t\t\t\t\t\t<\/div>\n\t\t\t\t\t\t\n\t\t\t\t\t\t\t\t\t\t\t\t\t<h3 class=\"bdt-flip-box-layer-title\">\n\t\t\t\t\t\t\t\tTurbidity\t\t\t\t\t\t\t<\/h3>\n\t\t\t\t\t\t\n\t\t\t\t\t\t\t\t\t\t\t\t\t<div class=\"bdt-flip-box-layer-desc\">\n\t\t\t\t\t\t\t\tSensors\t\t\t\t\t\t\t<\/div>\n\t\t\t\t\t\t\t\t\t\t\t<\/div>\n\t\t\t\t<\/div>\n\t\t\t<\/div>\n\t\t\t<div class=\"bdt-flip-box-layer bdt-flip-box-back\">\n\t\t\t\t<div class=\"bdt-flip-box-layer-overlay\">\n\t\t\t\t\t<div class=\"bdt-flip-box-layer-inner\">\n\t\t\t\t\t\t\t\t\t\t\t\t\t<h3 class=\"bdt-flip-box-layer-title\">\n\t\t\t\t\t\t\t\tInforma&shy;tionen\t\t\t\t\t\t\t<\/h3>\n\t\t\t\t\t\t\n\t\t\t\t\t\t\t\t\t\t\t\t\t<div class=\"bdt-flip-box-layer-desc\">\n\t\t\t\t\t\t\t\tTurbidity\t\t\t\t\t\t\t<\/div>\n\t\t\t\t\t\t\n\t\t\t\t\t\t\t\t\t\t\t<\/div>\n\t\t\t\t<\/div>\n\t\t\t<\/div>\n\t\t<\/div>\n\t\t\t\t\t<\/div>\n\t\t\t\t<\/div>\n\t\t\t\t<div class=\"elementor-element elementor-element-8ea805f elementor-widget elementor-widget-spacer\" data-id=\"8ea805f\" data-element_type=\"widget\" data-e-type=\"widget\" data-widget_type=\"spacer.default\">\n\t\t\t\t<div class=\"elementor-widget-container\">\n\t\t\t\t\t\t\t<div class=\"elementor-spacer\">\n\t\t\t<div class=\"elementor-spacer-inner\"><\/div>\n\t\t<\/div>\n\t\t\t\t\t\t<\/div>\n\t\t\t\t<\/div>\n\t\t\t\t<section class=\"elementor-section elementor-inner-section elementor-element elementor-element-4c008005 elementor-section-boxed elementor-section-height-default elementor-section-height-default\" data-id=\"4c008005\" data-element_type=\"section\" data-e-type=\"section\" data-settings=\"{&quot;background_background&quot;:&quot;classic&quot;}\">\n\t\t\t\t\t\t<div class=\"elementor-container elementor-column-gap-default\">\n\t\t\t\t\t<div class=\"elementor-column elementor-col-100 elementor-inner-column elementor-element elementor-element-57d2b41a\" data-id=\"57d2b41a\" data-element_type=\"column\" data-e-type=\"column\">\n\t\t\t<div class=\"elementor-widget-wrap elementor-element-populated\">\n\t\t\t\t\t\t<div class=\"elementor-element elementor-element-e80e90b elementor-widget elementor-widget-text-editor\" data-id=\"e80e90b\" data-element_type=\"widget\" data-e-type=\"widget\" data-widget_type=\"text-editor.default\">\n\t\t\t\t<div class=\"elementor-widget-container\">\n\t\t\t\t\t\t\t\t\tDie Firma Dr. E. Horn ent&shy;wi&shy;ckelte be&shy;reits sehr fr\u00fch eine op&shy;tische Trieb&shy;raum&shy;\u00fcber&shy;wach&shy;ung zur Detek&shy;tion ent&shy;stehen&shy;den \u00d6l&shy;ne&shy;bels f\u00fcr 4-Takt Die&shy;sel&shy;mo&shy;toren. Die&shy;ser bildet ge&shy;mein&shy;sam mit an&shy;de&shy;ren Sen&shy;soren ein Sicher&shy;heits&shy;system an gro&shy;\u00dfen 4-Takt Ver&shy;bren&shy;nungs&shy;moto&shy;ren. Die op&shy;tische Tr\u00fc&shy;bungs&shy;mes&shy;sung ist in vielen An&shy;wen&shy;dungen rea&shy;li&shy;siert und ba&shy;siert auf Sen&shy;so&shy;ren der FRG-Serie.\t\t\t\t\t\t\t\t<\/div>\n\t\t\t\t<\/div>\n\t\t\t\t\t<\/div>\n\t\t<\/div>\n\t\t\t\t\t<\/div>\n\t\t<\/section>\n\t\t\t\t<div class=\"elementor-element elementor-element-227bd3dc elementor-widget elementor-widget-spacer\" data-id=\"227bd3dc\" data-element_type=\"widget\" data-e-type=\"widget\" data-widget_type=\"spacer.default\">\n\t\t\t\t<div class=\"elementor-widget-container\">\n\t\t\t\t\t\t\t<div class=\"elementor-spacer\">\n\t\t\t<div class=\"elementor-spacer-inner\"><\/div>\n\t\t<\/div>\n\t\t\t\t\t\t<\/div>\n\t\t\t\t<\/div>\n\t\t\t\t\t<\/div>\n\t\t<\/div>\n\t\t\t\t\t<\/div>\n\t\t<\/section>\n\t\t\t\t<section class=\"elementor-section elementor-top-section elementor-element elementor-element-36ad6a34 elementor-section-boxed elementor-section-height-default elementor-section-height-default\" data-id=\"36ad6a34\" data-element_type=\"section\" data-e-type=\"section\" data-settings=\"{&quot;background_background&quot;:&quot;classic&quot;}\">\n\t\t\t\t\t\t<div class=\"elementor-container elementor-column-gap-default\">\n\t\t\t\t\t<div class=\"elementor-column elementor-col-100 elementor-top-column elementor-element elementor-element-411a9e3c\" data-id=\"411a9e3c\" data-element_type=\"column\" data-e-type=\"column\">\n\t\t\t<div class=\"elementor-widget-wrap elementor-element-populated\">\n\t\t\t\t\t\t<div class=\"elementor-element elementor-element-200e488b elementor-widget elementor-widget-spacer\" data-id=\"200e488b\" data-element_type=\"widget\" data-e-type=\"widget\" data-widget_type=\"spacer.default\">\n\t\t\t\t<div class=\"elementor-widget-container\">\n\t\t\t\t\t\t\t<div class=\"elementor-spacer\">\n\t\t\t<div class=\"elementor-spacer-inner\"><\/div>\n\t\t<\/div>\n\t\t\t\t\t\t<\/div>\n\t\t\t\t<\/div>\n\t\t\t\t<div class=\"elementor-element elementor-element-44579b4e elementor-widget elementor-widget-bdt-fancy-tabs\" data-id=\"44579b4e\" data-element_type=\"widget\" data-e-type=\"widget\" data-widget_type=\"bdt-fancy-tabs.default\">\n\t\t\t\t<div class=\"elementor-widget-container\">\n\t\t\t\t\t\t\t<div id=\"bdt-ep-fancy-tabs-44579b4e\" class=\"bdt-ep-fancy-tabs\" data-settings=\"{&quot;tabs_id&quot;:&quot;bdt-ep-fancy-tabs-44579b4e&quot;,&quot;mouse_event&quot;:&quot;click&quot;}\">\n\t\t\t<div class=\"bdt-grid bdt-flex bdt-flex-middle\">\n\n\t\t\t\t\t\t\t\t\t<div class=\"bdt-width-1-1 bdt-width-1-2@s bdt-flex-center bdt-custom-width\">\n\t\t\t\t\t\t\t\t<div data-bdt-ep-fancy-tabs-items=\"connect: #bdt-tab-content-44579b4e;\">\n\t\t\t<div class=\"bdt-grid bdt-grid-collapse bdt-child-width-1-1 bdt-child-width-1-1@s bdt-child-width-1-1@l\" data-bdt-grid>\n\n\t\t\t\t\t\t\t\t\t<div>\n\t\t\t\t\t\t<div class=\"bdt-ep-fancy-tabs-item active\" data-id=\"bdt-tab-144579b4e\">\n\t\t\t\t\t\t\t<a class=\"bdt-ep-fancy-tabs-icon-box\" href=\"javascript:void(0);\" data-tab-index=\"0\">\n\n\t\t\t\t\t\t\t\t\t\t\t\t\t\t\t\t\t<span class=\"bdt-ep-fancy-tabs-icon\">\n\t\t\t\t\t\t\t\t\t\t<img fetchpriority=\"high\" decoding=\"async\" width=\"300\" height=\"212\" src=\"https:\/\/dr-horn.org\/wp-content\/uploads\/2020\/03\/Nr1_Nr2-FRG00025-300x212.png\" class=\"attachment-medium size-medium\" alt=\"Optischer Sender\" srcset=\"https:\/\/dr-horn.org\/wp-content\/uploads\/2020\/03\/Nr1_Nr2-FRG00025-300x212.png 300w, https:\/\/dr-horn.org\/wp-content\/uploads\/2020\/03\/Nr1_Nr2-FRG00025-768x543.png 768w, https:\/\/dr-horn.org\/wp-content\/uploads\/2020\/03\/Nr1_Nr2-FRG00025.png 841w\" sizes=\"(max-width: 300px) 100vw, 300px\" title=\"Nr1_Nr2-FRG00025\" \/>\t\t\t\t\t\t\t\t\t<\/span>\n\t\t\t\t\t\t\t\t\n\t\t\t\t\t\t\t<\/a>\n\t\t\t\t\t\t<\/div>\n\t\t\t\t\t<\/div>\n\t\t\t\t\n\t\t\t<\/div>\n\t\t<\/div>\n\t\t\t\t\t<\/div>\n\t\t\t\t\t<div class=\"bdt-width-1-1 bdt-width-expand@s\">\n\t\t\t\t\t\t\t\t<div class=\"bdt-ep-fancy-tabs-content-wrap\">\n\t\t\t\n\t\t\t\t<div id=\"bdt-tab-144579b4e\" class=\"bdt-ep-fancy-tabs-content active\">\n\n\t\t\t\t\t\t\t\t\t\t\t<div class=\"bdt-ep-fancy-tabs-sub-title\">\n\t\t\t\t\t\t\tFRG00025\t\t\t\t\t\t<\/div>\n\t\t\t\t\t\n\t\t\t\t\t\t\t\t\t\t\t<div class=\"bdt-ep-fancy-tabs-title\">\n\t\t\t\t\t\t\tOptical transmitter\t\t\t\t\t\t<\/div>\n\t\t\t\t\t\n\t\t\t\t\t\n\t\t\t\t\t\n\t\t\t\t<\/div>\n\t\t\t\t\t<\/div>\n\n\t\t\t\t\t\t<\/div>\n\t\t\t\t\n\t\t\t\t\n\t\t\t<\/div>\n\t\t<\/div>\n\t\t\t\t\t<\/div>\n\t\t\t\t<\/div>\n\t\t\t\t<div class=\"elementor-element elementor-element-72381eaa elementor-widget elementor-widget-spacer\" data-id=\"72381eaa\" data-element_type=\"widget\" data-e-type=\"widget\" data-widget_type=\"spacer.default\">\n\t\t\t\t<div class=\"elementor-widget-container\">\n\t\t\t\t\t\t\t<div class=\"elementor-spacer\">\n\t\t\t<div class=\"elementor-spacer-inner\"><\/div>\n\t\t<\/div>\n\t\t\t\t\t\t<\/div>\n\t\t\t\t<\/div>\n\t\t\t\t<div class=\"elementor-element elementor-element-a9256f5 elementor-widget elementor-widget-bdt-fancy-tabs\" data-id=\"a9256f5\" data-element_type=\"widget\" data-e-type=\"widget\" data-widget_type=\"bdt-fancy-tabs.default\">\n\t\t\t\t<div class=\"elementor-widget-container\">\n\t\t\t\t\t\t\t<div id=\"bdt-ep-fancy-tabs-a9256f5\" class=\"bdt-ep-fancy-tabs\" data-settings=\"{&quot;tabs_id&quot;:&quot;bdt-ep-fancy-tabs-a9256f5&quot;,&quot;mouse_event&quot;:&quot;click&quot;}\">\n\t\t\t<div class=\"bdt-grid bdt-flex bdt-flex-middle\">\n\n\t\t\t\t\t\t\t\t\t<div class=\"bdt-width-1-1 bdt-width-1-2@s bdt-flex-center bdt-custom-width\">\n\t\t\t\t\t\t\t\t<div data-bdt-ep-fancy-tabs-items=\"connect: #bdt-tab-content-a9256f5;\">\n\t\t\t<div class=\"bdt-grid bdt-grid-collapse bdt-child-width-1-1 bdt-child-width-1-1@s bdt-child-width-1-1@l\" data-bdt-grid>\n\n\t\t\t\t\t\t\t\t\t<div>\n\t\t\t\t\t\t<div class=\"bdt-ep-fancy-tabs-item active\" data-id=\"bdt-tab-1a9256f5\">\n\t\t\t\t\t\t\t<a class=\"bdt-ep-fancy-tabs-icon-box\" href=\"javascript:void(0);\" data-tab-index=\"0\">\n\n\t\t\t\t\t\t\t\t\t\t\t\t\t\t\t\t\t<span class=\"bdt-ep-fancy-tabs-icon\">\n\t\t\t\t\t\t\t\t\t\t<img decoding=\"async\" width=\"300\" height=\"212\" src=\"https:\/\/dr-horn.org\/wp-content\/uploads\/2020\/03\/Nr1_Nr2-FRG00025-300x212.png\" class=\"attachment-medium size-medium\" alt=\"Optischer Empf\u00e4nger\" srcset=\"https:\/\/dr-horn.org\/wp-content\/uploads\/2020\/03\/Nr1_Nr2-FRG00025-300x212.png 300w, https:\/\/dr-horn.org\/wp-content\/uploads\/2020\/03\/Nr1_Nr2-FRG00025-768x543.png 768w, https:\/\/dr-horn.org\/wp-content\/uploads\/2020\/03\/Nr1_Nr2-FRG00025.png 841w\" sizes=\"(max-width: 300px) 100vw, 300px\" title=\"Nr1_Nr2-FRG00025\" \/>\t\t\t\t\t\t\t\t\t<\/span>\n\t\t\t\t\t\t\t\t\n\t\t\t\t\t\t\t<\/a>\n\t\t\t\t\t\t<\/div>\n\t\t\t\t\t<\/div>\n\t\t\t\t\n\t\t\t<\/div>\n\t\t<\/div>\n\t\t\t\t\t<\/div>\n\t\t\t\t\t<div class=\"bdt-width-1-1 bdt-width-expand@s\">\n\t\t\t\t\t\t\t\t<div class=\"bdt-ep-fancy-tabs-content-wrap\">\n\t\t\t\n\t\t\t\t<div id=\"bdt-tab-1a9256f5\" class=\"bdt-ep-fancy-tabs-content active\">\n\n\t\t\t\t\t\t\t\t\t\t\t<div class=\"bdt-ep-fancy-tabs-sub-title\">\n\t\t\t\t\t\t\tFRG00015\t\t\t\t\t\t<\/div>\n\t\t\t\t\t\n\t\t\t\t\t\t\t\t\t\t\t<div class=\"bdt-ep-fancy-tabs-title\">\n\t\t\t\t\t\t\tOptical receiver\t\t\t\t\t\t<\/div>\n\t\t\t\t\t\n\t\t\t\t\t\n\t\t\t\t\t\n\t\t\t\t<\/div>\n\t\t\t\t\t<\/div>\n\n\t\t\t\t\t\t<\/div>\n\t\t\t\t\n\t\t\t\t\n\t\t\t<\/div>\n\t\t<\/div>\n\t\t\t\t\t<\/div>\n\t\t\t\t<\/div>\n\t\t\t\t<div class=\"elementor-element elementor-element-7ca0623d elementor-widget elementor-widget-spacer\" data-id=\"7ca0623d\" data-element_type=\"widget\" data-e-type=\"widget\" data-widget_type=\"spacer.default\">\n\t\t\t\t<div class=\"elementor-widget-container\">\n\t\t\t\t\t\t\t<div class=\"elementor-spacer\">\n\t\t\t<div class=\"elementor-spacer-inner\"><\/div>\n\t\t<\/div>\n\t\t\t\t\t\t<\/div>\n\t\t\t\t<\/div>\n\t\t\t\t<div class=\"elementor-element elementor-element-5a332f02 elementor-widget elementor-widget-bdt-fancy-tabs\" data-id=\"5a332f02\" data-element_type=\"widget\" data-e-type=\"widget\" data-widget_type=\"bdt-fancy-tabs.default\">\n\t\t\t\t<div class=\"elementor-widget-container\">\n\t\t\t\t\t\t\t<div id=\"bdt-ep-fancy-tabs-5a332f02\" class=\"bdt-ep-fancy-tabs\" data-settings=\"{&quot;tabs_id&quot;:&quot;bdt-ep-fancy-tabs-5a332f02&quot;,&quot;mouse_event&quot;:&quot;click&quot;}\">\n\t\t\t<div class=\"bdt-grid bdt-flex bdt-flex-middle\">\n\n\t\t\t\t\t\t\t\t\t<div class=\"bdt-width-1-1 bdt-width-1-2@s bdt-flex-center bdt-custom-width\">\n\t\t\t\t\t\t\t\t<div data-bdt-ep-fancy-tabs-items=\"connect: #bdt-tab-content-5a332f02;\">\n\t\t\t<div class=\"bdt-grid bdt-grid-collapse bdt-child-width-1-1 bdt-child-width-1-1@s bdt-child-width-1-1@l\" data-bdt-grid>\n\n\t\t\t\t\t\t\t\t\t<div>\n\t\t\t\t\t\t<div class=\"bdt-ep-fancy-tabs-item active\" data-id=\"bdt-tab-15a332f02\">\n\t\t\t\t\t\t\t<a class=\"bdt-ep-fancy-tabs-icon-box\" href=\"javascript:void(0);\" data-tab-index=\"0\">\n\n\t\t\t\t\t\t\t\t\t\t\t\t\t\t\t\t\t<span class=\"bdt-ep-fancy-tabs-icon\">\n\t\t\t\t\t\t\t\t\t\t<img decoding=\"async\" width=\"300\" height=\"212\" src=\"https:\/\/dr-horn.org\/wp-content\/uploads\/2020\/04\/kein-bild-300x212.png\" class=\"attachment-medium size-medium\" alt=\"Tr\u00fcbungsmessung in F\u00f6rderluft von Kom&shy;pres&shy;soren\" srcset=\"https:\/\/dr-horn.org\/wp-content\/uploads\/2020\/04\/kein-bild-300x212.png 300w, https:\/\/dr-horn.org\/wp-content\/uploads\/2020\/04\/kein-bild-768x543.png 768w, https:\/\/dr-horn.org\/wp-content\/uploads\/2020\/04\/kein-bild.png 841w\" sizes=\"(max-width: 300px) 100vw, 300px\" title=\"Sensor Truebung\" \/>\t\t\t\t\t\t\t\t\t<\/span>\n\t\t\t\t\t\t\t\t\n\t\t\t\t\t\t\t<\/a>\n\t\t\t\t\t\t<\/div>\n\t\t\t\t\t<\/div>\n\t\t\t\t\n\t\t\t<\/div>\n\t\t<\/div>\n\t\t\t\t\t<\/div>\n\t\t\t\t\t<div class=\"bdt-width-1-1 bdt-width-expand@s\">\n\t\t\t\t\t\t\t\t<div class=\"bdt-ep-fancy-tabs-content-wrap\">\n\t\t\t\n\t\t\t\t<div id=\"bdt-tab-15a332f02\" class=\"bdt-ep-fancy-tabs-content active\">\n\n\t\t\t\t\t\t\t\t\t\t\t<div class=\"bdt-ep-fancy-tabs-sub-title\">\n\t\t\t\t\t\t\tFRGxxxxx\t\t\t\t\t\t<\/div>\n\t\t\t\t\t\n\t\t\t\t\t\t\t\t\t\t\t<div class=\"bdt-ep-fancy-tabs-title\">\n\t\t\t\t\t\t\tTr\u00fcbungsmessung in F\u00f6rderluft von Kom&shy;pres&shy;soren\t\t\t\t\t\t<\/div>\n\t\t\t\t\t\n\t\t\t\t\t\n\t\t\t\t\t\n\t\t\t\t<\/div>\n\t\t\t\t\t<\/div>\n\n\t\t\t\t\t\t<\/div>\n\t\t\t\t\n\t\t\t\t\n\t\t\t<\/div>\n\t\t<\/div>\n\t\t\t\t\t<\/div>\n\t\t\t\t<\/div>\n\t\t\t\t\t<\/div>\n\t\t<\/div>\n\t\t\t\t\t<\/div>\n\t\t<\/section>\n\t\t\t\t<section class=\"elementor-section elementor-top-section elementor-element elementor-element-5deed43 elementor-section-boxed elementor-section-height-default elementor-section-height-default\" data-id=\"5deed43\" data-element_type=\"section\" data-e-type=\"section\">\n\t\t\t\t\t\t<div class=\"elementor-container elementor-column-gap-default\">\n\t\t\t\t\t<div class=\"elementor-column elementor-col-100 elementor-top-column elementor-element elementor-element-2aef5e7\" data-id=\"2aef5e7\" data-element_type=\"column\" data-e-type=\"column\">\n\t\t\t<div class=\"elementor-widget-wrap elementor-element-populated\">\n\t\t\t\t\t\t<div class=\"elementor-element elementor-element-a6434c9 elementor-widget elementor-widget-spacer\" data-id=\"a6434c9\" data-element_type=\"widget\" data-e-type=\"widget\" data-widget_type=\"spacer.default\">\n\t\t\t\t<div class=\"elementor-widget-container\">\n\t\t\t\t\t\t\t<div class=\"elementor-spacer\">\n\t\t\t<div class=\"elementor-spacer-inner\"><\/div>\n\t\t<\/div>\n\t\t\t\t\t\t<\/div>\n\t\t\t\t<\/div>\n\t\t\t\t\t<\/div>\n\t\t<\/div>\n\t\t\t\t\t<\/div>\n\t\t<\/section>\n\t\t\t\t<\/div>","protected":false},"excerpt":{"rendered":"<p>Tr\u00fcbung Sensoren Informa&shy;tionen Tr\u00fcbung Die Firma Dr. E. Horn ent&shy;wi&shy;ckelte be&shy;reits sehr fr\u00fch eine op&shy;tische Trieb&shy;raum&shy;\u00fcber&shy;wach&shy;ung zur Detek&shy;tion ent&shy;stehen&shy;den \u00d6l&shy;ne&shy;bels f\u00fcr 4-Takt Die&shy;sel&shy;mo&shy;toren. Die&shy;ser bildet ge&shy;mein&shy;sam mit an&shy;de&shy;ren Sen&shy;soren ein Sicher&shy;heits&shy;system an gro&shy;\u00dfen 4-Takt Ver&shy;bren&shy;nungs&shy;moto&shy;ren. Die op&shy;tische Tr\u00fc&shy;bungs&shy;mes&shy;sung ist in vielen An&shy;wen&shy;dungen rea&shy;li&shy;siert und ba&shy;siert auf Sen&shy;so&shy;ren der FRG-Serie. FRG00025 Optischer Sender FRG00015 Optischer Empf\u00e4nger [&hellip;]<\/p>\n","protected":false},"author":1,"featured_media":0,"parent":8022,"menu_order":0,"comment_status":"closed","ping_status":"closed","template":"","meta":{"footnotes":""},"class_list":["post-16705","page","type-page","status-publish","hentry"],"_links":{"self":[{"href":"https:\/\/dr-horn.org\/en\/wp-json\/wp\/v2\/pages\/16705","targetHints":{"allow":["GET"]}}],"collection":[{"href":"https:\/\/dr-horn.org\/en\/wp-json\/wp\/v2\/pages"}],"about":[{"href":"https:\/\/dr-horn.org\/en\/wp-json\/wp\/v2\/types\/page"}],"author":[{"embeddable":true,"href":"https:\/\/dr-horn.org\/en\/wp-json\/wp\/v2\/users\/1"}],"replies":[{"embeddable":true,"href":"https:\/\/dr-horn.org\/en\/wp-json\/wp\/v2\/comments?post=16705"}],"version-history":[{"count":0,"href":"https:\/\/dr-horn.org\/en\/wp-json\/wp\/v2\/pages\/16705\/revisions"}],"up":[{"embeddable":true,"href":"https:\/\/dr-horn.org\/en\/wp-json\/wp\/v2\/pages\/8022"}],"wp:attachment":[{"href":"https:\/\/dr-horn.org\/en\/wp-json\/wp\/v2\/media?parent=16705"}],"curies":[{"name":"wp","href":"https:\/\/api.w.org\/{rel}","templated":true}]}}