{"id":9933,"date":"2019-10-15T17:56:24","date_gmt":"2019-10-15T17:56:24","guid":{"rendered":"https:\/\/drhorn-yam35rk0s9.live-website.com\/?page_id=9933"},"modified":"2023-08-01T06:44:03","modified_gmt":"2023-08-01T06:44:03","slug":"service","status":"publish","type":"page","link":"https:\/\/dr-horn.org\/de\/service\/","title":{"rendered":"Service"},"content":{"rendered":"\t\t<div data-elementor-type=\"wp-page\" data-elementor-id=\"9933\" class=\"elementor elementor-9933\" data-elementor-settings=\"{&quot;element_pack_global_tooltip_width&quot;:{&quot;unit&quot;:&quot;px&quot;,&quot;size&quot;:&quot;&quot;,&quot;sizes&quot;:[]},&quot;element_pack_global_tooltip_width_tablet&quot;:{&quot;unit&quot;:&quot;px&quot;,&quot;size&quot;:&quot;&quot;,&quot;sizes&quot;:[]},&quot;element_pack_global_tooltip_width_mobile&quot;:{&quot;unit&quot;:&quot;px&quot;,&quot;size&quot;:&quot;&quot;,&quot;sizes&quot;:[]},&quot;element_pack_global_tooltip_padding&quot;:{&quot;unit&quot;:&quot;px&quot;,&quot;top&quot;:&quot;&quot;,&quot;right&quot;:&quot;&quot;,&quot;bottom&quot;:&quot;&quot;,&quot;left&quot;:&quot;&quot;,&quot;isLinked&quot;:true},&quot;element_pack_global_tooltip_padding_tablet&quot;:{&quot;unit&quot;:&quot;px&quot;,&quot;top&quot;:&quot;&quot;,&quot;right&quot;:&quot;&quot;,&quot;bottom&quot;:&quot;&quot;,&quot;left&quot;:&quot;&quot;,&quot;isLinked&quot;:true},&quot;element_pack_global_tooltip_padding_mobile&quot;:{&quot;unit&quot;:&quot;px&quot;,&quot;top&quot;:&quot;&quot;,&quot;right&quot;:&quot;&quot;,&quot;bottom&quot;:&quot;&quot;,&quot;left&quot;:&quot;&quot;,&quot;isLinked&quot;:true},&quot;element_pack_global_tooltip_border_radius&quot;:{&quot;unit&quot;:&quot;px&quot;,&quot;top&quot;:&quot;&quot;,&quot;right&quot;:&quot;&quot;,&quot;bottom&quot;:&quot;&quot;,&quot;left&quot;:&quot;&quot;,&quot;isLinked&quot;:true},&quot;element_pack_global_tooltip_border_radius_tablet&quot;:{&quot;unit&quot;:&quot;px&quot;,&quot;top&quot;:&quot;&quot;,&quot;right&quot;:&quot;&quot;,&quot;bottom&quot;:&quot;&quot;,&quot;left&quot;:&quot;&quot;,&quot;isLinked&quot;:true},&quot;element_pack_global_tooltip_border_radius_mobile&quot;:{&quot;unit&quot;:&quot;px&quot;,&quot;top&quot;:&quot;&quot;,&quot;right&quot;:&quot;&quot;,&quot;bottom&quot;:&quot;&quot;,&quot;left&quot;:&quot;&quot;,&quot;isLinked&quot;:true}}\" data-elementor-post-type=\"page\">\n\t\t\t\t\t\t<section class=\"elementor-section elementor-top-section elementor-element elementor-element-28e24f65 elementor-section-boxed elementor-section-height-default elementor-section-height-default\" data-id=\"28e24f65\" data-element_type=\"section\" data-e-type=\"section\" data-settings=\"{&quot;background_background&quot;:&quot;classic&quot;}\">\n\t\t\t\t\t\t<div class=\"elementor-container elementor-column-gap-default\">\n\t\t\t\t\t<div class=\"elementor-column elementor-col-100 elementor-top-column elementor-element elementor-element-5af6a98a\" data-id=\"5af6a98a\" data-element_type=\"column\" data-e-type=\"column\">\n\t\t\t<div class=\"elementor-widget-wrap elementor-element-populated\">\n\t\t\t\t\t\t<div class=\"elementor-element elementor-element-10f39b38 elementor-widget elementor-widget-spacer\" data-id=\"10f39b38\" data-element_type=\"widget\" data-e-type=\"widget\" data-widget_type=\"spacer.default\">\n\t\t\t\t<div class=\"elementor-widget-container\">\n\t\t\t\t\t\t\t<div class=\"elementor-spacer\">\n\t\t\t<div class=\"elementor-spacer-inner\"><\/div>\n\t\t<\/div>\n\t\t\t\t\t\t<\/div>\n\t\t\t\t<\/div>\n\t\t\t\t<section class=\"elementor-section elementor-inner-section elementor-element elementor-element-7ea463d6 elementor-section-content-middle elementor-section-boxed elementor-section-height-default elementor-section-height-default\" data-id=\"7ea463d6\" data-element_type=\"section\" data-e-type=\"section\" data-settings=\"{&quot;background_background&quot;:&quot;classic&quot;}\">\n\t\t\t\t\t\t<div class=\"elementor-container elementor-column-gap-default\">\n\t\t\t\t\t<div class=\"elementor-column elementor-col-50 elementor-inner-column elementor-element elementor-element-40a8bc8b\" data-id=\"40a8bc8b\" data-element_type=\"column\" data-e-type=\"column\">\n\t\t\t<div class=\"elementor-widget-wrap elementor-element-populated\">\n\t\t\t\t\t\t<div class=\"elementor-element elementor-element-4c11454d elementor-widget elementor-widget-text-editor\" data-id=\"4c11454d\" data-element_type=\"widget\" data-e-type=\"widget\" data-widget_type=\"text-editor.default\">\n\t\t\t\t<div class=\"elementor-widget-container\">\n\t\t\t\t\t\t\t\t\t<h6><span class=\"gt3_title_line left\" style=\"color: #0080c8;\"><span><\/span><\/span><span style=\"color: #0080c8;\">Business for longlasting PerformancE<\/span><\/h6>\t\t\t\t\t\t\t\t<\/div>\n\t\t\t\t<\/div>\n\t\t\t\t<div class=\"elementor-element elementor-element-60b7c973 elementor-widget elementor-widget-heading\" data-id=\"60b7c973\" data-element_type=\"widget\" data-e-type=\"widget\" data-widget_type=\"heading.default\">\n\t\t\t\t<div class=\"elementor-widget-container\">\n\t\t\t\t\t<h1 class=\"elementor-heading-title elementor-size-default\">Partner \u00fcber den gesamten Lebens&shy;zyklus des Antriebs&shy;systems<\/h1>\t\t\t\t<\/div>\n\t\t\t\t<\/div>\n\t\t\t\t\t<\/div>\n\t\t<\/div>\n\t\t\t\t<div class=\"elementor-column elementor-col-50 elementor-inner-column elementor-element elementor-element-3799a334\" data-id=\"3799a334\" data-element_type=\"column\" data-e-type=\"column\">\n\t\t\t<div class=\"elementor-widget-wrap\">\n\t\t\t\t\t\t\t<\/div>\n\t\t<\/div>\n\t\t\t\t\t<\/div>\n\t\t<\/section>\n\t\t\t\t<section class=\"elementor-section elementor-inner-section elementor-element elementor-element-190d1aaa elementor-section-content-middle elementor-section-boxed elementor-section-height-default elementor-section-height-default\" data-id=\"190d1aaa\" data-element_type=\"section\" data-e-type=\"section\" data-settings=\"{&quot;background_background&quot;:&quot;classic&quot;}\">\n\t\t\t\t\t\t<div class=\"elementor-container elementor-column-gap-default\">\n\t\t\t\t\t<div class=\"elementor-column elementor-col-50 elementor-inner-column elementor-element elementor-element-5a0f327b\" data-id=\"5a0f327b\" data-element_type=\"column\" data-e-type=\"column\">\n\t\t\t<div class=\"elementor-widget-wrap elementor-element-populated\">\n\t\t\t\t\t\t<div class=\"elementor-element elementor-element-70da7802 elementor-widget elementor-widget-toggle\" data-id=\"70da7802\" data-element_type=\"widget\" data-e-type=\"widget\" data-widget_type=\"toggle.default\">\n\t\t\t\t<div class=\"elementor-widget-container\">\n\t\t\t\t\t\t\t<div class=\"elementor-toggle\">\n\t\t\t\t\t\t\t<div class=\"elementor-toggle-item\">\n\t\t\t\t\t<div id=\"elementor-tab-title-1891\" class=\"elementor-tab-title\" data-tab=\"1\" role=\"button\" aria-controls=\"elementor-tab-content-1891\" aria-expanded=\"false\">\n\t\t\t\t\t\t\t\t\t\t\t\t<span class=\"elementor-toggle-icon elementor-toggle-icon-left\" aria-hidden=\"true\">\n\t\t\t\t\t\t\t\t\t\t\t\t\t\t\t<span class=\"elementor-toggle-icon-closed\"><i class=\"fas fa-chevron-down\"><\/i><\/span>\n\t\t\t\t\t\t\t\t<span class=\"elementor-toggle-icon-opened\"><i class=\"elementor-toggle-icon-opened fas fa-chevron-up\"><\/i><\/span>\n\t\t\t\t\t\t\t\t\t\t\t\t\t<\/span>\n\t\t\t\t\t\t\t\t\t\t\t\t<a class=\"elementor-toggle-title\" tabindex=\"0\">Im Mittelpunkt unseres Handelns stehen ins&shy;be&shy;son&shy;de&shy;re die Be&shy;d\u00fcrf&shy;nis&shy;se des Be&shy;trei&shy;bers des Motors oder des An&shy;triebs&shy;sys&shy;tems, das wir mit unseren Sys&shy;te&shy;men be&shy;glei&shy;ten d\u00fcrfen. Die Ge&shy;w\u00e4hr&shy;leis&shy;tung eines siche&shy;ren und kos&shy;ten&shy;g\u00fcns&shy;ti&shy;gen Be&shy;triebs steht f\u00fcr uns immer im Vorder&shy;grund.<\/a>\n\t\t\t\t\t<\/div>\n\n\t\t\t\t\t<div id=\"elementor-tab-content-1891\" class=\"elementor-tab-content elementor-clearfix\" data-tab=\"1\" role=\"region\" aria-labelledby=\"elementor-tab-title-1891\"><p>Ein wesent\u00adlicher Bestand\u00adteil un\u00adse\u00adres Leis\u00ad\u00adtungs\u00adport\u00adfo\u00adlios sind Service und War\u00ad\u00adtung f\u00fcr Schif\u00adfe, Kraft\u00adwerke und andere Sys\u00adteme im lau\u00adfenden Betrieb.<\/p><p>Hier\u00adzu ge\u00adh\u00f6rt neben der Ver\u00adsor\u00adgung mit Er\u00adsatz\u00adtei\u00adlen auch die Nach\u00adr\u00fcs\u00adtung mit neu\u00aden Ag\u00adgre\u00adga\u00adten, zum Bei\u00adspiel mit neu\u00aden Sicher\u00adheits\u00adsys\u00adtemen wie dem \u00d6l\u00adne\u00adbel\u00adde\u00adtek\u00adtor der neu\u00aden Ge\u00adne\u00adra\u00adtion (MEV 283).<\/p><p>Selbst\u00adver\u00adst\u00e4nd\u00adlich f\u00fch\u00adren wir im\u00admer wieder auch Re\u00adpa\u00adra\u00adtu\u00adren an von uns ge\u00adfer\u00adtig\u00adten Sys\u00adtemen durch und ver\u00adsor\u00adgen un\u00adse\u00adre Kun\u00adden lang\u00adfristig mit Ersatz\u00adteilen.<\/p><\/div>\n\t\t\t\t<\/div>\n\t\t\t\t\t\t\t\t<\/div>\n\t\t\t\t\t\t<\/div>\n\t\t\t\t<\/div>\n\t\t\t\t\t<\/div>\n\t\t<\/div>\n\t\t\t\t<div class=\"elementor-column elementor-col-50 elementor-inner-column elementor-element elementor-element-393a7039\" data-id=\"393a7039\" data-element_type=\"column\" data-e-type=\"column\">\n\t\t\t<div class=\"elementor-widget-wrap\">\n\t\t\t\t\t\t\t<\/div>\n\t\t<\/div>\n\t\t\t\t\t<\/div>\n\t\t<\/section>\n\t\t\t\t<div class=\"elementor-element elementor-element-2c472b84 elementor-widget elementor-widget-spacer\" data-id=\"2c472b84\" data-element_type=\"widget\" data-e-type=\"widget\" data-widget_type=\"spacer.default\">\n\t\t\t\t<div class=\"elementor-widget-container\">\n\t\t\t\t\t\t\t<div class=\"elementor-spacer\">\n\t\t\t<div class=\"elementor-spacer-inner\"><\/div>\n\t\t<\/div>\n\t\t\t\t\t\t<\/div>\n\t\t\t\t<\/div>\n\t\t\t\t<div class=\"elementor-element elementor-element-6a4e0c0d elementor-widget elementor-widget-spacer\" data-id=\"6a4e0c0d\" data-element_type=\"widget\" data-e-type=\"widget\" data-widget_type=\"spacer.default\">\n\t\t\t\t<div class=\"elementor-widget-container\">\n\t\t\t\t\t\t\t<div class=\"elementor-spacer\">\n\t\t\t<div class=\"elementor-spacer-inner\"><\/div>\n\t\t<\/div>\n\t\t\t\t\t\t<\/div>\n\t\t\t\t<\/div>\n\t\t\t\t\t<\/div>\n\t\t<\/div>\n\t\t\t\t\t<\/div>\n\t\t<\/section>\n\t\t\t\t<section class=\"elementor-section elementor-top-section elementor-element elementor-element-5e81d6f7 elementor-section-boxed elementor-section-height-default elementor-section-height-default\" data-id=\"5e81d6f7\" data-element_type=\"section\" data-e-type=\"section\" data-settings=\"{&quot;background_background&quot;:&quot;classic&quot;}\">\n\t\t\t\t\t\t<div class=\"elementor-container elementor-column-gap-default\">\n\t\t\t\t\t<div class=\"elementor-column elementor-col-100 elementor-top-column elementor-element elementor-element-79f9fd1a\" data-id=\"79f9fd1a\" data-element_type=\"column\" data-e-type=\"column\">\n\t\t\t<div class=\"elementor-widget-wrap elementor-element-populated\">\n\t\t\t\t\t\t<div class=\"elementor-element elementor-element-1cc12d3b elementor-widget elementor-widget-gt3-core-image-carousel\" data-id=\"1cc12d3b\" data-element_type=\"widget\" data-e-type=\"widget\" data-widget_type=\"gt3-core-image-carousel.default\">\n\t\t\t\t<div class=\"elementor-widget-container\">\n\t\t\t\t\t<div class=\"gt3_module_image_slider gt3_skin_style_dark margin_between_slides_60 iphone_visible crop_for_iphone_enable gt3_module_carousel gt3_center-mode-enable\" style=\"--slides_spacing:60px; --device_width:358px; --device_height:710px; --slide_width:312px; --slide_height:670px;\">\r\n\t<div class=\"gt3_carousel_list\" data-slick=\"{&quot;slidesToShow&quot;:1,&quot;centerMode&quot;:true,&quot;variableWidth&quot;:true,&quot;speed&quot;:300,&quot;useCSS&quot;:false,&quot;waitForAnimate&quot;:false,&quot;useTransform&quot;:false,&quot;infinite&quot;:true,&quot;focusOnSelect&quot;:true,&quot;arrows&quot;:false,&quot;autoplaySpeed&quot;:2500,&quot;autoplay&quot;:true,&quot;dots&quot;:true,&quot;rtl&quot;:false}\">\r\n\t\t\t\t\t\t<div class=\"slider_item_thumb\">\r\n\t\t\t\t\t<div class=\"slider_item_inner\">\r\n\t\t\t\t\t\t<img decoding=\"async\" src=\"https:\/\/dr-horn.org\/wp-content\/uploads\/2020\/03\/handy-service-3-312x670.jpg\" style=\"width:312px;\" alt=\"Service\" \/>\r\n\t\t\t\t\t<\/div>\r\n\t\t\t\t<\/div>\r\n\t\t\t\t\t\t\t\t<div class=\"slider_item_thumb\">\r\n\t\t\t\t\t<div class=\"slider_item_inner\">\r\n\t\t\t\t\t\t<img decoding=\"async\" src=\"https:\/\/dr-horn.org\/wp-content\/uploads\/2020\/03\/handy-service-4-312x670.jpg\" style=\"width:312px;\" alt=\"Service\" \/>\r\n\t\t\t\t\t<\/div>\r\n\t\t\t\t<\/div>\r\n\t\t\t\t\t\t\t\t<div class=\"slider_item_thumb\">\r\n\t\t\t\t\t<div class=\"slider_item_inner\">\r\n\t\t\t\t\t\t<img decoding=\"async\" src=\"https:\/\/dr-horn.org\/wp-content\/uploads\/2020\/03\/handy-service-2-312x670.jpg\" style=\"width:312px;\" alt=\"Service\" \/>\r\n\t\t\t\t\t<\/div>\r\n\t\t\t\t<\/div>\r\n\t\t\t\t\t\t\t\t<div class=\"slider_item_thumb\">\r\n\t\t\t\t\t<div class=\"slider_item_inner\">\r\n\t\t\t\t\t\t<img decoding=\"async\" src=\"https:\/\/dr-horn.org\/wp-content\/uploads\/2020\/03\/handy-service-2-1-312x670.jpg\" style=\"width:312px;\" alt=\"Service\" \/>\r\n\t\t\t\t\t<\/div>\r\n\t\t\t\t<\/div>\r\n\t\t\t\t\t\t\t\t<div class=\"slider_item_thumb\">\r\n\t\t\t\t\t<div class=\"slider_item_inner\">\r\n\t\t\t\t\t\t<img decoding=\"async\" src=\"https:\/\/dr-horn.org\/wp-content\/uploads\/2020\/03\/handy-service-5-312x670.jpg\" style=\"width:312px;\" alt=\"Service\" \/>\r\n\t\t\t\t\t<\/div>\r\n\t\t\t\t<\/div>\r\n\t\t\t\t\t\t\t\t<div class=\"slider_item_thumb\">\r\n\t\t\t\t\t<div class=\"slider_item_inner\">\r\n\t\t\t\t\t\t<img decoding=\"async\" src=\"https:\/\/dr-horn.org\/wp-content\/uploads\/2020\/04\/handy-service-9-312x670.jpg\" style=\"width:312px;\" alt=\"Service\" \/>\r\n\t\t\t\t\t<\/div>\r\n\t\t\t\t<\/div>\r\n\t\t\t\t\t\t\t\t<div class=\"slider_item_thumb\">\r\n\t\t\t\t\t<div class=\"slider_item_inner\">\r\n\t\t\t\t\t\t<img decoding=\"async\" src=\"https:\/\/dr-horn.org\/wp-content\/uploads\/2020\/04\/handy-service-10-312x670.jpg\" style=\"width:312px;\" alt=\"Service\" \/>\r\n\t\t\t\t\t<\/div>\r\n\t\t\t\t<\/div>\r\n\t\t\t\t\t\t\t\t<div class=\"slider_item_thumb\">\r\n\t\t\t\t\t<div class=\"slider_item_inner\">\r\n\t\t\t\t\t\t<img decoding=\"async\" src=\"https:\/\/dr-horn.org\/wp-content\/uploads\/2020\/03\/handy-service-5-1-312x670.jpg\" style=\"width:312px;\" alt=\"Service\" \/>\r\n\t\t\t\t\t<\/div>\r\n\t\t\t\t<\/div>\r\n\t\t\t\t\t\t\t\t<div class=\"slider_item_thumb\">\r\n\t\t\t\t\t<div class=\"slider_item_inner\">\r\n\t\t\t\t\t\t<img decoding=\"async\" src=\"https:\/\/dr-horn.org\/wp-content\/uploads\/2020\/03\/handy-service-1-312x670.jpg\" style=\"width:312px;\" alt=\"Service\" \/>\r\n\t\t\t\t\t<\/div>\r\n\t\t\t\t<\/div>\r\n\t\t\t\t\t\t\t\t<div class=\"slider_item_thumb\">\r\n\t\t\t\t\t<div class=\"slider_item_inner\">\r\n\t\t\t\t\t\t<img decoding=\"async\" src=\"https:\/\/dr-horn.org\/wp-content\/uploads\/2020\/04\/handy-service-8-312x670.jpg\" style=\"width:312px;\" alt=\"Service\" \/>\r\n\t\t\t\t\t<\/div>\r\n\t\t\t\t<\/div>\r\n\t\t\t\t\t<\/div>\r\n\t\t\t<div class=\"gt3_phone_element\"><\/div>\r\n\t\t<\/div>\r\n\r\n\r\n\r\n\r\n\t\t\t\t<\/div>\n\t\t\t\t<\/div>\n\t\t\t\t\t<\/div>\n\t\t<\/div>\n\t\t\t\t\t<\/div>\n\t\t<\/section>\n\t\t\t\t<section class=\"elementor-section elementor-top-section elementor-element elementor-element-93dba32 elementor-section-boxed elementor-section-height-default elementor-section-height-default\" data-id=\"93dba32\" data-element_type=\"section\" data-e-type=\"section\">\n\t\t\t\t\t\t<div class=\"elementor-container elementor-column-gap-default\">\n\t\t\t\t\t<div class=\"elementor-column elementor-col-100 elementor-top-column elementor-element elementor-element-a1a11f1\" data-id=\"a1a11f1\" data-element_type=\"column\" data-e-type=\"column\">\n\t\t\t<div class=\"elementor-widget-wrap elementor-element-populated\">\n\t\t\t\t\t\t<div class=\"elementor-element elementor-element-55c996e elementor-widget elementor-widget-spacer\" data-id=\"55c996e\" data-element_type=\"widget\" data-e-type=\"widget\" data-widget_type=\"spacer.default\">\n\t\t\t\t<div class=\"elementor-widget-container\">\n\t\t\t\t\t\t\t<div class=\"elementor-spacer\">\n\t\t\t<div class=\"elementor-spacer-inner\"><\/div>\n\t\t<\/div>\n\t\t\t\t\t\t<\/div>\n\t\t\t\t<\/div>\n\t\t\t\t\t<\/div>\n\t\t<\/div>\n\t\t\t\t\t<\/div>\n\t\t<\/section>\n\t\t\t\t<\/div>\n\t\t","protected":false},"excerpt":{"rendered":"<p>Business for longlasting PerformancE Partner \u00fcber den gesamten Lebens&shy;zyklus des Antriebs&shy;systems Im Mittelpunkt unseres Handelns stehen ins&shy;be&shy;son&shy;de&shy;re die Be&shy;d\u00fcrf&shy;nis&shy;se des Be&shy;trei&shy;bers des Motors oder des An&shy;triebs&shy;sys&shy;tems, das wir mit unseren Sys&shy;te&shy;men be&shy;glei&shy;ten d\u00fcrfen. Die Ge&shy;w\u00e4hr&shy;leis&shy;tung eines siche&shy;ren und kos&shy;ten&shy;g\u00fcns&shy;ti&shy;gen Be&shy;triebs steht f\u00fcr uns immer im Vorder&shy;grund. Ein wesent\u00adlicher Bestand\u00adteil un\u00adse\u00adres Leis\u00ad\u00adtungs\u00adport\u00adfo\u00adlios sind Service und War\u00ad\u00adtung [&hellip;]<\/p>\n","protected":false},"author":1,"featured_media":0,"parent":0,"menu_order":0,"comment_status":"closed","ping_status":"closed","template":"","meta":{"footnotes":""},"class_list":["post-9933","page","type-page","status-publish","hentry"],"_links":{"self":[{"href":"https:\/\/dr-horn.org\/de\/wp-json\/wp\/v2\/pages\/9933","targetHints":{"allow":["GET"]}}],"collection":[{"href":"https:\/\/dr-horn.org\/de\/wp-json\/wp\/v2\/pages"}],"about":[{"href":"https:\/\/dr-horn.org\/de\/wp-json\/wp\/v2\/types\/page"}],"author":[{"embeddable":true,"href":"https:\/\/dr-horn.org\/de\/wp-json\/wp\/v2\/users\/1"}],"replies":[{"embeddable":true,"href":"https:\/\/dr-horn.org\/de\/wp-json\/wp\/v2\/comments?post=9933"}],"version-history":[{"count":0,"href":"https:\/\/dr-horn.org\/de\/wp-json\/wp\/v2\/pages\/9933\/revisions"}],"wp:attachment":[{"href":"https:\/\/dr-horn.org\/de\/wp-json\/wp\/v2\/media?parent=9933"}],"curies":[{"name":"wp","href":"https:\/\/api.w.org\/{rel}","templated":true}]}}