{"id":19730,"date":"2023-12-20T10:18:27","date_gmt":"2023-12-20T10:18:27","guid":{"rendered":"https:\/\/dr-horn.org\/?page_id=19730"},"modified":"2023-12-20T10:40:40","modified_gmt":"2023-12-20T10:40:40","slug":"hinweisgebersystem","status":"publish","type":"page","link":"https:\/\/dr-horn.org\/de\/hinweisgebersystem\/","title":{"rendered":"Hinweisgebersystem"},"content":{"rendered":"\t\t<div data-elementor-type=\"wp-page\" data-elementor-id=\"19730\" class=\"elementor elementor-19730\" data-elementor-settings=\"{&quot;element_pack_global_tooltip_width&quot;:{&quot;unit&quot;:&quot;px&quot;,&quot;size&quot;:&quot;&quot;,&quot;sizes&quot;:[]},&quot;element_pack_global_tooltip_width_tablet&quot;:{&quot;unit&quot;:&quot;px&quot;,&quot;size&quot;:&quot;&quot;,&quot;sizes&quot;:[]},&quot;element_pack_global_tooltip_width_mobile&quot;:{&quot;unit&quot;:&quot;px&quot;,&quot;size&quot;:&quot;&quot;,&quot;sizes&quot;:[]},&quot;element_pack_global_tooltip_padding&quot;:{&quot;unit&quot;:&quot;px&quot;,&quot;top&quot;:&quot;&quot;,&quot;right&quot;:&quot;&quot;,&quot;bottom&quot;:&quot;&quot;,&quot;left&quot;:&quot;&quot;,&quot;isLinked&quot;:true},&quot;element_pack_global_tooltip_padding_tablet&quot;:{&quot;unit&quot;:&quot;px&quot;,&quot;top&quot;:&quot;&quot;,&quot;right&quot;:&quot;&quot;,&quot;bottom&quot;:&quot;&quot;,&quot;left&quot;:&quot;&quot;,&quot;isLinked&quot;:true},&quot;element_pack_global_tooltip_padding_mobile&quot;:{&quot;unit&quot;:&quot;px&quot;,&quot;top&quot;:&quot;&quot;,&quot;right&quot;:&quot;&quot;,&quot;bottom&quot;:&quot;&quot;,&quot;left&quot;:&quot;&quot;,&quot;isLinked&quot;:true},&quot;element_pack_global_tooltip_border_radius&quot;:{&quot;unit&quot;:&quot;px&quot;,&quot;top&quot;:&quot;&quot;,&quot;right&quot;:&quot;&quot;,&quot;bottom&quot;:&quot;&quot;,&quot;left&quot;:&quot;&quot;,&quot;isLinked&quot;:true},&quot;element_pack_global_tooltip_border_radius_tablet&quot;:{&quot;unit&quot;:&quot;px&quot;,&quot;top&quot;:&quot;&quot;,&quot;right&quot;:&quot;&quot;,&quot;bottom&quot;:&quot;&quot;,&quot;left&quot;:&quot;&quot;,&quot;isLinked&quot;:true},&quot;element_pack_global_tooltip_border_radius_mobile&quot;:{&quot;unit&quot;:&quot;px&quot;,&quot;top&quot;:&quot;&quot;,&quot;right&quot;:&quot;&quot;,&quot;bottom&quot;:&quot;&quot;,&quot;left&quot;:&quot;&quot;,&quot;isLinked&quot;:true}}\" data-elementor-post-type=\"page\">\n\t\t\t\t\t\t<section class=\"elementor-section elementor-top-section elementor-element elementor-element-598fc223 elementor-section-boxed elementor-section-height-default elementor-section-height-default\" data-id=\"598fc223\" data-element_type=\"section\" data-e-type=\"section\" data-settings=\"{&quot;background_background&quot;:&quot;classic&quot;}\">\n\t\t\t\t\t\t<div class=\"elementor-container elementor-column-gap-default\">\n\t\t\t\t\t<div class=\"elementor-column elementor-col-100 elementor-top-column elementor-element elementor-element-7cc3e33e\" data-id=\"7cc3e33e\" data-element_type=\"column\" data-e-type=\"column\">\n\t\t\t<div class=\"elementor-widget-wrap elementor-element-populated\">\n\t\t\t\t\t\t<div class=\"elementor-element elementor-element-1222b7ce elementor-widget elementor-widget-spacer\" data-id=\"1222b7ce\" data-element_type=\"widget\" data-e-type=\"widget\" data-widget_type=\"spacer.default\">\n\t\t\t\t<div class=\"elementor-widget-container\">\n\t\t\t\t\t\t\t<div class=\"elementor-spacer\">\n\t\t\t<div class=\"elementor-spacer-inner\"><\/div>\n\t\t<\/div>\n\t\t\t\t\t\t<\/div>\n\t\t\t\t<\/div>\n\t\t\t\t\t<\/div>\n\t\t<\/div>\n\t\t\t\t\t<\/div>\n\t\t<\/section>\n\t\t\t\t<section class=\"elementor-section elementor-top-section elementor-element elementor-element-5232630f elementor-section-boxed elementor-section-height-default elementor-section-height-default\" data-id=\"5232630f\" data-element_type=\"section\" data-e-type=\"section\">\n\t\t\t\t\t\t<div class=\"elementor-container elementor-column-gap-default\">\n\t\t\t\t\t<div class=\"elementor-column elementor-col-100 elementor-top-column elementor-element elementor-element-2fd92cf9\" data-id=\"2fd92cf9\" data-element_type=\"column\" data-e-type=\"column\">\n\t\t\t<div class=\"elementor-widget-wrap elementor-element-populated\">\n\t\t\t\t\t\t<div class=\"elementor-element elementor-element-7a2d94b7 elementor-hidden-mobile elementor-widget elementor-widget-heading\" data-id=\"7a2d94b7\" data-element_type=\"widget\" data-e-type=\"widget\" data-widget_type=\"heading.default\">\n\t\t\t\t<div class=\"elementor-widget-container\">\n\t\t\t\t\t<h1 class=\"elementor-heading-title elementor-size-default\">Hinweisgebersystem<\/h1>\t\t\t\t<\/div>\n\t\t\t\t<\/div>\n\t\t\t\t<div class=\"elementor-element elementor-element-58c0974e elementor-hidden-mobile elementor-widget-divider--view-line elementor-widget elementor-widget-divider\" data-id=\"58c0974e\" data-element_type=\"widget\" data-e-type=\"widget\" data-widget_type=\"divider.default\">\n\t\t\t\t<div class=\"elementor-widget-container\">\n\t\t\t\t\t\t\t<div class=\"elementor-divider\">\n\t\t\t<span class=\"elementor-divider-separator\">\n\t\t\t\t\t\t<\/span>\n\t\t<\/div>\n\t\t\t\t\t\t<\/div>\n\t\t\t\t<\/div>\n\t\t\t\t\t<\/div>\n\t\t<\/div>\n\t\t\t\t\t<\/div>\n\t\t<\/section>\n\t\t\t\t<section class=\"elementor-section elementor-top-section elementor-element elementor-element-5dda46e elementor-section-boxed elementor-section-height-default elementor-section-height-default\" data-id=\"5dda46e\" data-element_type=\"section\" data-e-type=\"section\">\n\t\t\t\t\t\t<div class=\"elementor-container elementor-column-gap-default\">\n\t\t\t\t\t<div class=\"elementor-column elementor-col-100 elementor-top-column elementor-element elementor-element-c6950bc\" data-id=\"c6950bc\" data-element_type=\"column\" data-e-type=\"column\">\n\t\t\t<div class=\"elementor-widget-wrap elementor-element-populated\">\n\t\t\t\t\t\t<div class=\"elementor-element elementor-element-9226141 elementor-hidden-desktop elementor-hidden-tablet elementor-widget elementor-widget-heading\" data-id=\"9226141\" data-element_type=\"widget\" data-e-type=\"widget\" data-widget_type=\"heading.default\">\n\t\t\t\t<div class=\"elementor-widget-container\">\n\t\t\t\t\t<h1 class=\"elementor-heading-title elementor-size-default\">Hinweisge-bersystem<\/h1>\t\t\t\t<\/div>\n\t\t\t\t<\/div>\n\t\t\t\t<div class=\"elementor-element elementor-element-6d1ca87 elementor-hidden-desktop elementor-hidden-tablet elementor-widget-divider--view-line elementor-widget elementor-widget-divider\" data-id=\"6d1ca87\" data-element_type=\"widget\" data-e-type=\"widget\" data-widget_type=\"divider.default\">\n\t\t\t\t<div class=\"elementor-widget-container\">\n\t\t\t\t\t\t\t<div class=\"elementor-divider\">\n\t\t\t<span class=\"elementor-divider-separator\">\n\t\t\t\t\t\t<\/span>\n\t\t<\/div>\n\t\t\t\t\t\t<\/div>\n\t\t\t\t<\/div>\n\t\t\t\t\t<\/div>\n\t\t<\/div>\n\t\t\t\t\t<\/div>\n\t\t<\/section>\n\t\t\t\t<section class=\"elementor-section elementor-top-section elementor-element elementor-element-2d7b491 elementor-section-boxed elementor-section-height-default elementor-section-height-default\" data-id=\"2d7b491\" data-element_type=\"section\" data-e-type=\"section\">\n\t\t\t\t\t\t<div class=\"elementor-container elementor-column-gap-default\">\n\t\t\t\t\t<div class=\"elementor-column elementor-col-100 elementor-top-column elementor-element elementor-element-b4dd279\" data-id=\"b4dd279\" data-element_type=\"column\" data-e-type=\"column\">\n\t\t\t<div class=\"elementor-widget-wrap\">\n\t\t\t\t\t\t\t<\/div>\n\t\t<\/div>\n\t\t\t\t\t<\/div>\n\t\t<\/section>\n\t\t\t\t<section class=\"elementor-section elementor-top-section elementor-element elementor-element-74f76484 elementor-section-boxed elementor-section-height-default elementor-section-height-default\" data-id=\"74f76484\" data-element_type=\"section\" data-e-type=\"section\">\n\t\t\t\t\t\t<div class=\"elementor-container elementor-column-gap-default\">\n\t\t\t\t\t<div class=\"elementor-column elementor-col-100 elementor-top-column elementor-element elementor-element-4ab4cff4\" data-id=\"4ab4cff4\" data-element_type=\"column\" data-e-type=\"column\">\n\t\t\t<div class=\"elementor-widget-wrap elementor-element-populated\">\n\t\t\t\t\t\t<div class=\"elementor-element elementor-element-29dc0dc4 elementor-widget elementor-widget-text-editor\" data-id=\"29dc0dc4\" data-element_type=\"widget\" data-e-type=\"widget\" data-widget_type=\"text-editor.default\">\n\t\t\t\t<div class=\"elementor-widget-container\">\n\t\t\t\t\t\t\t\t\t<p>Die Dr. E. Horn GmbH &amp; Co.KG stellt mit ihrem sicheren Hinweisgebersystem die M\u00f6glichkeit zur Verf\u00fcgung, Meldungen zu Verst\u00f6\u00dfen gegen Recht, Gesetz, interne Richtlinien und sonstige Regelungen der Dr. E. Horn GmbH &amp; Co.KG (bspw. Straftaten oder Datenschutzverst\u00f6\u00dfe) unter dem strengen Schutz der Identit\u00e4t abzugeben.<\/p><p>Wirtschaftskriminalit\u00e4t und andere gesetzeswidrige Gesch\u00e4ftspraktiken sind in hohem Ma\u00dfe sch\u00e4digend f\u00fcr die Dr. E. Horn GmbH &amp; Co.KG. Ihr Hinweis kann helfen, Fehlverhalten fr\u00fchzeitig aufzudecken, zu unterbinden und auf diesem Wege Schaden von der Dr. E. Horn GmbH &amp; Co.KG und ihren Mitarbeitern abzuwenden.<\/p><p>Unser internes Hinweisgebersystem dient Ihrem Schutz bei der Abgabe von Hinweisen. Ihre Identit\u00e4t ist \u00fcber das spezielle Verfahren der Hinweisgeberplattform sicher gesch\u00fctzt. Die eingehenden Hinweise werden von einer externen, unabh\u00e4ngigen Stelle entgegengenommen und unter strenger Wahrung der Vertraulichkeit bearbeitet, sodass Sie keine Bedenken bzgl. negativer Folgen an Ihrem Arbeitsplatz zu bef\u00fcrchten haben.<\/p><p>Die Meldungen sollten nach bestem Wissen und Gewissen abgegeben werden, wobei der Schutz Ihrer Identit\u00e4t nur soweit reicht, wie Sie selbst nicht gegen geltendes Recht versto\u00dfen. Geben Sie Hinweise auf Missst\u00e4nde daher nur ab, wenn Sie Kenntnis oder den begr\u00fcndeten Verdacht auf das Vorliegen von Verst\u00f6\u00dfen haben. Werden Meldungen leichtfertig oder wissentlich falsch abgegeben sowie unberechtigte Vorw\u00fcrfe oder Anschuldigungen erhoben, muss der Hinweisgeber selbst mit entsprechenden Konsequenzen rechnen.<\/p><p>Wir ermutigen unsere Mitarbeiterinnen und Mitarbeiter, sich bei Kenntnis von Compliance-Risiken und Verst\u00f6\u00dfen vertrauensvoll an ihre Vorgesetzten oder unsere eingerichtete Meldestelle zu wenden. Auf diese Weise erhalten wir die M\u00f6glichkeit, Probleme nachhaltig und schnell zu l\u00f6sen.<\/p><p>Ihre Angaben werden von unabh\u00e4ngigen, zur Verschwiegenheit verpflichteten Personen entgegengenommen, bearbeitet und sodann geeignete Folgema\u00dfnahmen getroffen.<br \/><br \/><\/p>\t\t\t\t\t\t\t\t<\/div>\n\t\t\t\t<\/div>\n\t\t\t\t<div class=\"elementor-element elementor-element-cc77db2 elementor-widget elementor-widget-text-editor\" data-id=\"cc77db2\" data-element_type=\"widget\" data-e-type=\"widget\" data-widget_type=\"text-editor.default\">\n\t\t\t\t<div class=\"elementor-widget-container\">\n\t\t\t\t\t\t\t\t\t<p>Gesch\u00e4ftsf\u00fchrung der Dr. E. Horn GmbH &amp; Co.KG<\/p>\t\t\t\t\t\t\t\t<\/div>\n\t\t\t\t<\/div>\n\t\t\t\t<div class=\"elementor-element elementor-element-33be9f41 elementor-widget elementor-widget-spacer\" data-id=\"33be9f41\" data-element_type=\"widget\" data-e-type=\"widget\" data-widget_type=\"spacer.default\">\n\t\t\t\t<div class=\"elementor-widget-container\">\n\t\t\t\t\t\t\t<div class=\"elementor-spacer\">\n\t\t\t<div class=\"elementor-spacer-inner\"><\/div>\n\t\t<\/div>\n\t\t\t\t\t\t<\/div>\n\t\t\t\t<\/div>\n\t\t\t\t\t<\/div>\n\t\t<\/div>\n\t\t\t\t\t<\/div>\n\t\t<\/section>\n\t\t\t\t<section class=\"elementor-section elementor-top-section elementor-element elementor-element-d1afd99 elementor-section-boxed elementor-section-height-default elementor-section-height-default\" data-id=\"d1afd99\" data-element_type=\"section\" data-e-type=\"section\">\n\t\t\t\t\t\t<div class=\"elementor-container elementor-column-gap-default\">\n\t\t\t\t\t<div class=\"elementor-column elementor-col-100 elementor-top-column elementor-element elementor-element-2ddadc0\" data-id=\"2ddadc0\" data-element_type=\"column\" data-e-type=\"column\" data-settings=\"{&quot;background_background&quot;:&quot;classic&quot;}\">\n\t\t\t<div class=\"elementor-widget-wrap elementor-element-populated\">\n\t\t\t\t\t\t<div class=\"elementor-element elementor-element-2ace2a6 elementor-align-center elementor-widget elementor-widget-button\" data-id=\"2ace2a6\" data-element_type=\"widget\" data-e-type=\"widget\" data-widget_type=\"button.default\">\n\t\t\t\t<div class=\"elementor-widget-container\">\n\t\t\t\t\t\t\t\t\t<div class=\"elementor-button-wrapper\">\n\t\t\t\t\t<a class=\"elementor-button elementor-button-link elementor-size-md\" href=\"https:\/\/adpart.wst-whistleblowing.de\/\">\n\t\t\t\t\t\t<span class=\"elementor-button-content-wrapper\">\n\t\t\t\t\t\t<span class=\"elementor-button-icon\">\n\t\t\t\t<i aria-hidden=\"true\" class=\"fas fa-arrow-right\"><\/i>\t\t\t<\/span>\n\t\t\t\t\t\t\t\t\t<span class=\"elementor-button-text\">Zum Hinweisgebersystem<\/span>\n\t\t\t\t\t<\/span>\n\t\t\t\t\t<\/a>\n\t\t\t\t<\/div>\n\t\t\t\t\t\t\t\t<\/div>\n\t\t\t\t<\/div>\n\t\t\t\t\t<\/div>\n\t\t<\/div>\n\t\t\t\t\t<\/div>\n\t\t<\/section>\n\t\t\t\t<section class=\"elementor-section elementor-top-section elementor-element elementor-element-d5bcf9c elementor-section-boxed elementor-section-height-default elementor-section-height-default\" data-id=\"d5bcf9c\" data-element_type=\"section\" data-e-type=\"section\">\n\t\t\t\t\t\t<div class=\"elementor-container elementor-column-gap-default\">\n\t\t\t\t\t<div class=\"elementor-column elementor-col-100 elementor-top-column elementor-element elementor-element-8c9ebf8\" data-id=\"8c9ebf8\" data-element_type=\"column\" data-e-type=\"column\">\n\t\t\t<div class=\"elementor-widget-wrap\">\n\t\t\t\t\t\t\t<\/div>\n\t\t<\/div>\n\t\t\t\t\t<\/div>\n\t\t<\/section>\n\t\t\t\t<\/div>\n\t\t","protected":false},"excerpt":{"rendered":"<p>Hinweisgebersystem Hinweisge-bersystem Die Dr. E. Horn GmbH &amp; Co.KG stellt mit ihrem sicheren Hinweisgebersystem die M\u00f6glichkeit zur Verf\u00fcgung, Meldungen zu Verst\u00f6\u00dfen gegen Recht, Gesetz, interne Richtlinien und sonstige Regelungen der Dr. E. Horn GmbH &amp; Co.KG (bspw. Straftaten oder Datenschutzverst\u00f6\u00dfe) unter dem strengen Schutz der Identit\u00e4t abzugeben. Wirtschaftskriminalit\u00e4t und andere gesetzeswidrige Gesch\u00e4ftspraktiken sind in hohem [&hellip;]<\/p>\n","protected":false},"author":5,"featured_media":0,"parent":0,"menu_order":0,"comment_status":"closed","ping_status":"closed","template":"","meta":{"footnotes":""},"class_list":["post-19730","page","type-page","status-publish","hentry"],"_links":{"self":[{"href":"https:\/\/dr-horn.org\/de\/wp-json\/wp\/v2\/pages\/19730","targetHints":{"allow":["GET"]}}],"collection":[{"href":"https:\/\/dr-horn.org\/de\/wp-json\/wp\/v2\/pages"}],"about":[{"href":"https:\/\/dr-horn.org\/de\/wp-json\/wp\/v2\/types\/page"}],"author":[{"embeddable":true,"href":"https:\/\/dr-horn.org\/de\/wp-json\/wp\/v2\/users\/5"}],"replies":[{"embeddable":true,"href":"https:\/\/dr-horn.org\/de\/wp-json\/wp\/v2\/comments?post=19730"}],"version-history":[{"count":0,"href":"https:\/\/dr-horn.org\/de\/wp-json\/wp\/v2\/pages\/19730\/revisions"}],"wp:attachment":[{"href":"https:\/\/dr-horn.org\/de\/wp-json\/wp\/v2\/media?parent=19730"}],"curies":[{"name":"wp","href":"https:\/\/api.w.org\/{rel}","templated":true}]}}