{"id":19531,"date":"2021-11-29T11:24:49","date_gmt":"2021-11-29T11:24:49","guid":{"rendered":"https:\/\/drhorn-yam35rk0s9.live-website.com\/?page_id=19531"},"modified":"2021-11-29T11:28:57","modified_gmt":"2021-11-29T11:28:57","slug":"messen","status":"publish","type":"page","link":"https:\/\/dr-horn.org\/de\/messen\/","title":{"rendered":"Messen"},"content":{"rendered":"\t\t<div data-elementor-type=\"wp-page\" data-elementor-id=\"19531\" class=\"elementor elementor-19531\" data-elementor-settings=\"{&quot;element_pack_global_tooltip_width&quot;:{&quot;unit&quot;:&quot;px&quot;,&quot;size&quot;:&quot;&quot;,&quot;sizes&quot;:[]},&quot;element_pack_global_tooltip_width_tablet&quot;:{&quot;unit&quot;:&quot;px&quot;,&quot;size&quot;:&quot;&quot;,&quot;sizes&quot;:[]},&quot;element_pack_global_tooltip_width_mobile&quot;:{&quot;unit&quot;:&quot;px&quot;,&quot;size&quot;:&quot;&quot;,&quot;sizes&quot;:[]},&quot;element_pack_global_tooltip_padding&quot;:{&quot;unit&quot;:&quot;px&quot;,&quot;top&quot;:&quot;&quot;,&quot;right&quot;:&quot;&quot;,&quot;bottom&quot;:&quot;&quot;,&quot;left&quot;:&quot;&quot;,&quot;isLinked&quot;:true},&quot;element_pack_global_tooltip_padding_tablet&quot;:{&quot;unit&quot;:&quot;px&quot;,&quot;top&quot;:&quot;&quot;,&quot;right&quot;:&quot;&quot;,&quot;bottom&quot;:&quot;&quot;,&quot;left&quot;:&quot;&quot;,&quot;isLinked&quot;:true},&quot;element_pack_global_tooltip_padding_mobile&quot;:{&quot;unit&quot;:&quot;px&quot;,&quot;top&quot;:&quot;&quot;,&quot;right&quot;:&quot;&quot;,&quot;bottom&quot;:&quot;&quot;,&quot;left&quot;:&quot;&quot;,&quot;isLinked&quot;:true},&quot;element_pack_global_tooltip_border_radius&quot;:{&quot;unit&quot;:&quot;px&quot;,&quot;top&quot;:&quot;&quot;,&quot;right&quot;:&quot;&quot;,&quot;bottom&quot;:&quot;&quot;,&quot;left&quot;:&quot;&quot;,&quot;isLinked&quot;:true},&quot;element_pack_global_tooltip_border_radius_tablet&quot;:{&quot;unit&quot;:&quot;px&quot;,&quot;top&quot;:&quot;&quot;,&quot;right&quot;:&quot;&quot;,&quot;bottom&quot;:&quot;&quot;,&quot;left&quot;:&quot;&quot;,&quot;isLinked&quot;:true},&quot;element_pack_global_tooltip_border_radius_mobile&quot;:{&quot;unit&quot;:&quot;px&quot;,&quot;top&quot;:&quot;&quot;,&quot;right&quot;:&quot;&quot;,&quot;bottom&quot;:&quot;&quot;,&quot;left&quot;:&quot;&quot;,&quot;isLinked&quot;:true}}\" data-elementor-post-type=\"page\">\n\t\t\t\t\t\t<section class=\"elementor-section elementor-top-section elementor-element elementor-element-9dd6cdc elementor-section-boxed elementor-section-height-default elementor-section-height-default\" data-id=\"9dd6cdc\" data-element_type=\"section\" data-e-type=\"section\" data-settings=\"{&quot;background_background&quot;:&quot;classic&quot;}\">\n\t\t\t\t\t\t<div class=\"elementor-container elementor-column-gap-default\">\n\t\t\t\t\t<div class=\"elementor-column elementor-col-100 elementor-top-column elementor-element elementor-element-b7f620b\" data-id=\"b7f620b\" data-element_type=\"column\" data-e-type=\"column\">\n\t\t\t<div class=\"elementor-widget-wrap elementor-element-populated\">\n\t\t\t\t\t\t<div class=\"elementor-element elementor-element-11dcb87 elementor-widget elementor-widget-spacer\" data-id=\"11dcb87\" data-element_type=\"widget\" data-e-type=\"widget\" data-widget_type=\"spacer.default\">\n\t\t\t\t<div class=\"elementor-widget-container\">\n\t\t\t\t\t\t\t<div class=\"elementor-spacer\">\n\t\t\t<div class=\"elementor-spacer-inner\"><\/div>\n\t\t<\/div>\n\t\t\t\t\t\t<\/div>\n\t\t\t\t<\/div>\n\t\t\t\t\t<\/div>\n\t\t<\/div>\n\t\t\t\t\t<\/div>\n\t\t<\/section>\n\t\t\t\t<section class=\"elementor-section elementor-top-section elementor-element elementor-element-029e5ce elementor-section-boxed elementor-section-height-default elementor-section-height-default\" data-id=\"029e5ce\" data-element_type=\"section\" data-e-type=\"section\">\n\t\t\t\t\t\t<div class=\"elementor-container elementor-column-gap-default\">\n\t\t\t\t\t<div class=\"elementor-column elementor-col-100 elementor-top-column elementor-element elementor-element-cad28d5\" data-id=\"cad28d5\" data-element_type=\"column\" data-e-type=\"column\">\n\t\t\t<div class=\"elementor-widget-wrap elementor-element-populated\">\n\t\t\t\t\t\t<div class=\"elementor-element-custom_line_height elementor-element elementor-element-d9a5702 elementor-widget elementor-widget-text-editor\" data-id=\"d9a5702\" data-element_type=\"widget\" data-e-type=\"widget\" data-widget_type=\"text-editor.default\">\n\t\t\t\t<div class=\"elementor-widget-container\">\n\t\t\t\t\t\t\t\t\t<h6 style=\"text-align: center;\"><span style=\"color: #0080c8;\">Messen<\/span><\/h6>\t\t\t\t\t\t\t\t<\/div>\n\t\t\t\t<\/div>\n\t\t\t\t<div class=\"elementor-element elementor-element-cf7765b elementor-widget-divider--view-line elementor-widget elementor-widget-divider\" data-id=\"cf7765b\" data-element_type=\"widget\" data-e-type=\"widget\" data-widget_type=\"divider.default\">\n\t\t\t\t<div class=\"elementor-widget-container\">\n\t\t\t\t\t\t\t<div class=\"elementor-divider\">\n\t\t\t<span class=\"elementor-divider-separator\">\n\t\t\t\t\t\t<\/span>\n\t\t<\/div>\n\t\t\t\t\t\t<\/div>\n\t\t\t\t<\/div>\n\t\t\t\t<div class=\"elementor-element elementor-element-6aacd6f elementor-widget elementor-widget-spacer\" data-id=\"6aacd6f\" data-element_type=\"widget\" data-e-type=\"widget\" data-widget_type=\"spacer.default\">\n\t\t\t\t<div class=\"elementor-widget-container\">\n\t\t\t\t\t\t\t<div class=\"elementor-spacer\">\n\t\t\t<div class=\"elementor-spacer-inner\"><\/div>\n\t\t<\/div>\n\t\t\t\t\t\t<\/div>\n\t\t\t\t<\/div>\n\t\t\t\t<div class=\"elementor-element elementor-element-5e7ecff elementor-widget elementor-widget-text-editor\" data-id=\"5e7ecff\" data-element_type=\"widget\" data-e-type=\"widget\" data-widget_type=\"text-editor.default\">\n\t\t\t\t<div class=\"elementor-widget-container\">\n\t\t\t\t\t\t\t\t\t<h4 style=\"text-align: center;\"><span style=\"color: #000000;\">Hier finden Sie eine \u00dcbersicht unserer anstehenden Messen.<\/span><\/h4><div><span style=\"color: #000000;\">\u00a0<\/span><\/div>\t\t\t\t\t\t\t\t<\/div>\n\t\t\t\t<\/div>\n\t\t\t\t\t<\/div>\n\t\t<\/div>\n\t\t\t\t\t<\/div>\n\t\t<\/section>\n\t\t\t\t<section class=\"elementor-section elementor-top-section elementor-element elementor-element-841aef6 elementor-section-boxed elementor-section-height-default elementor-section-height-default\" data-id=\"841aef6\" data-element_type=\"section\" data-e-type=\"section\">\n\t\t\t\t\t\t<div class=\"elementor-container elementor-column-gap-default\">\n\t\t\t\t\t<div class=\"elementor-column elementor-col-100 elementor-top-column elementor-element elementor-element-8bf7f0c\" data-id=\"8bf7f0c\" data-element_type=\"column\" data-e-type=\"column\">\n\t\t\t<div class=\"elementor-widget-wrap elementor-element-populated\">\n\t\t\t\t\t\t<div class=\"elementor-element elementor-element-ca976b8 elementor-grid-2 elementor-grid-tablet-2 elementor-grid-mobile-1 elementor-widget elementor-widget-elementor-blog-posts\" data-id=\"ca976b8\" data-element_type=\"widget\" data-e-type=\"widget\" data-settings=\"{&quot;columns&quot;:&quot;2&quot;,&quot;columns_tablet&quot;:&quot;2&quot;,&quot;columns_mobile&quot;:&quot;1&quot;}\" data-widget_type=\"elementor-blog-posts.default\">\n\t\t\t\t<div class=\"elementor-widget-container\">\n\t\t\t\t\t\t\t<div class=\"wpcap-grid\">\n\t\t\t\t\t\t<div class=\"wpcap-grid-container elementor-grid wpcap-grid-desktop-2 wpcap-grid-tablet-2 wpcap-grid-mobile-1\">\n\n\t\t\t\t\n        <article id=\"post-19873\" class=\"wpcap-post post-19873 post type-post status-publish format-standard has-post-thumbnail hentry category-messenews\">\n         \n            <div class=\"post-grid-inner\">\n            \t\n            \t\t\t\t<div class=\"post-grid-thumbnail\">\n\t\t\t\t<a href=\"https:\/\/dr-horn.org\/de\/euromaritim-marseille-3-5-02-26\/\">\n\t\t\t\t\t<img fetchpriority=\"high\" decoding=\"async\" width=\"800\" height=\"533\" src=\"https:\/\/dr-horn.org\/wp-content\/uploads\/2026\/01\/Folie2.jpg\" class=\"attachment-full size-full wp-post-image\" alt=\"\" srcset=\"https:\/\/dr-horn.org\/wp-content\/uploads\/2026\/01\/Folie2.jpg 800w, https:\/\/dr-horn.org\/wp-content\/uploads\/2026\/01\/Folie2-300x200.jpg 300w, https:\/\/dr-horn.org\/wp-content\/uploads\/2026\/01\/Folie2-768x512.jpg 768w, https:\/\/dr-horn.org\/wp-content\/uploads\/2026\/01\/Folie2-18x12.jpg 18w, https:\/\/dr-horn.org\/wp-content\/uploads\/2026\/01\/Folie2-480x320.jpg 480w\" sizes=\"(max-width: 800px) 100vw, 800px\" title=\"Folie2\" \/>\t\t\t\t<\/a>\n\t\t\t<\/div>\n        \n                <div class=\"post-grid-text-wrap\">\n               \t\t\t\t<h3 class=\"title\">\n\t\t\t<a href=\"https:\/\/dr-horn.org\/de\/euromaritim-marseille-3-5-02-26\/\">Euromaritim Marseille, 3.-5.02.26<\/a>\n\t\t<\/h3>\n\t\t\t                \t                \t\t<div class=\"post-grid-excerpt\">\n\t\t\t<p>EUROMARITIME wurde 2020 in Marseille gegr\u00fcndet und ist eine echte Plattform f\u00fcr See- und Binnenschifffahrtsunternehmen, ein Business Accelerator sowie ein lebhaftes Forum, auf dem aktuelle&hellip;<\/p>\n\t\t<\/div>\n\t\t\t                \t\t<a class=\"read-more-btn\" href=\"https:\/\/dr-horn.org\/de\/euromaritim-marseille-3-5-02-26\/\">Mehr lesen \u00bb<\/a>\n\t\t                <\/div>\n\n            <\/div><!-- .blog-inner -->\n           \n        <\/article>\n\n        \n        <article id=\"post-19800\" class=\"wpcap-post post-19800 post type-post status-publish format-standard has-post-thumbnail hentry category-messenews\">\n         \n            <div class=\"post-grid-inner\">\n            \t\n            \t\t\t\t<div class=\"post-grid-thumbnail\">\n\t\t\t\t<a href=\"https:\/\/dr-horn.org\/de\/all-about-automation-friedrichsafen-25-26-02-25\/\">\n\t\t\t\t\t<img decoding=\"async\" width=\"800\" height=\"533\" src=\"https:\/\/dr-horn.org\/wp-content\/uploads\/2026\/01\/Folie3.jpg\" class=\"attachment-full size-full wp-post-image\" alt=\"\" srcset=\"https:\/\/dr-horn.org\/wp-content\/uploads\/2026\/01\/Folie3.jpg 800w, https:\/\/dr-horn.org\/wp-content\/uploads\/2026\/01\/Folie3-300x200.jpg 300w, https:\/\/dr-horn.org\/wp-content\/uploads\/2026\/01\/Folie3-768x512.jpg 768w, https:\/\/dr-horn.org\/wp-content\/uploads\/2026\/01\/Folie3-18x12.jpg 18w, https:\/\/dr-horn.org\/wp-content\/uploads\/2026\/01\/Folie3-480x320.jpg 480w\" sizes=\"(max-width: 800px) 100vw, 800px\" title=\"Folie3\" \/>\t\t\t\t<\/a>\n\t\t\t<\/div>\n        \n                <div class=\"post-grid-text-wrap\">\n               \t\t\t\t<h3 class=\"title\">\n\t\t\t<a href=\"https:\/\/dr-horn.org\/de\/all-about-automation-friedrichsafen-25-26-02-25\/\">all about automation Friedrichsafen, 10. &#8211; 11.03.26<\/a>\n\t\t<\/h3>\n\t\t\t                \t                \t\t<div class=\"post-grid-excerpt\">\n\t\t\t<p>Die\u202fall about automation in Friedrichshafen\u202fbringt neueste Technologien, bew\u00e4hrte Produkte, innovative Konzepte und Top-Aussteller direkt in Ihre N\u00e4he. Im direkten Kontakt entsteht Ihre individuelle L\u00f6sung auf&hellip;<\/p>\n\t\t<\/div>\n\t\t\t                \t\t<a class=\"read-more-btn\" href=\"https:\/\/dr-horn.org\/de\/all-about-automation-friedrichsafen-25-26-02-25\/\">Mehr lesen \u00bb<\/a>\n\t\t                <\/div>\n\n            <\/div><!-- .blog-inner -->\n           \n        <\/article>\n\n        \n        <article id=\"post-19518\" class=\"wpcap-post post-19518 post type-post status-publish format-standard has-post-thumbnail hentry category-messenews\">\n         \n            <div class=\"post-grid-inner\">\n            \t\n            \t\t\t\t<div class=\"post-grid-thumbnail\">\n\t\t\t\t<a href=\"https:\/\/dr-horn.org\/de\/apm-asia-pacific-maritime-singapur-16-18-03-22\/\">\n\t\t\t\t\t<img decoding=\"async\" width=\"800\" height=\"533\" src=\"https:\/\/dr-horn.org\/wp-content\/uploads\/2021\/11\/Folie4.jpg\" class=\"attachment-full size-full wp-post-image\" alt=\"\" srcset=\"https:\/\/dr-horn.org\/wp-content\/uploads\/2021\/11\/Folie4.jpg 800w, https:\/\/dr-horn.org\/wp-content\/uploads\/2021\/11\/Folie4-300x200.jpg 300w, https:\/\/dr-horn.org\/wp-content\/uploads\/2021\/11\/Folie4-768x512.jpg 768w, https:\/\/dr-horn.org\/wp-content\/uploads\/2021\/11\/Folie4-18x12.jpg 18w, https:\/\/dr-horn.org\/wp-content\/uploads\/2021\/11\/Folie4-480x320.jpg 480w\" sizes=\"(max-width: 800px) 100vw, 800px\" title=\"Folie4\" \/>\t\t\t\t<\/a>\n\t\t\t<\/div>\n        \n                <div class=\"post-grid-text-wrap\">\n               \t\t\t\t<h3 class=\"title\">\n\t\t\t<a href=\"https:\/\/dr-horn.org\/de\/apm-asia-pacific-maritime-singapur-16-18-03-22\/\">APM Asia Pacific Maritime Singapur, 25.-27.03.26<\/a>\n\t\t<\/h3>\n\t\t\t                \t                \t\t<div class=\"post-grid-excerpt\">\n\t\t\t<p>Asia Pacific Maritime &#8211; APM ist einer der wichtigsten Marktpl\u00e4tze f\u00fcr die Schifffahrtsindustrie im Pazifikraum und zeigt Ausr\u00fcstungsgegenst\u00e4nde, Technologien und Dienstleistungen f\u00fcr den Schiffsbau sowie&hellip;<\/p>\n\t\t<\/div>\n\t\t\t                \t\t<a class=\"read-more-btn\" href=\"https:\/\/dr-horn.org\/de\/apm-asia-pacific-maritime-singapur-16-18-03-22\/\">Mehr lesen \u00bb<\/a>\n\t\t                <\/div>\n\n            <\/div><!-- .blog-inner -->\n           \n        <\/article>\n\n        \n        <article id=\"post-19747\" class=\"wpcap-post post-19747 post type-post status-publish format-standard has-post-thumbnail hentry category-messenews\">\n         \n            <div class=\"post-grid-inner\">\n            \t\n            \t\t\t\t<div class=\"post-grid-thumbnail\">\n\t\t\t\t<a href=\"https:\/\/dr-horn.org\/de\/navalia-21-23-05-2024\/\">\n\t\t\t\t\t<img loading=\"lazy\" decoding=\"async\" width=\"800\" height=\"533\" src=\"https:\/\/dr-horn.org\/wp-content\/uploads\/2026\/01\/Folie5.jpg\" class=\"attachment-full size-full wp-post-image\" alt=\"\" srcset=\"https:\/\/dr-horn.org\/wp-content\/uploads\/2026\/01\/Folie5.jpg 800w, https:\/\/dr-horn.org\/wp-content\/uploads\/2026\/01\/Folie5-300x200.jpg 300w, https:\/\/dr-horn.org\/wp-content\/uploads\/2026\/01\/Folie5-768x512.jpg 768w, https:\/\/dr-horn.org\/wp-content\/uploads\/2026\/01\/Folie5-18x12.jpg 18w, https:\/\/dr-horn.org\/wp-content\/uploads\/2026\/01\/Folie5-480x320.jpg 480w\" sizes=\"(max-width: 800px) 100vw, 800px\" title=\"Folie5\" \/>\t\t\t\t<\/a>\n\t\t\t<\/div>\n        \n                <div class=\"post-grid-text-wrap\">\n               \t\t\t\t<h3 class=\"title\">\n\t\t\t<a href=\"https:\/\/dr-horn.org\/de\/navalia-21-23-05-2024\/\">Navalia 19. &#8211; 21.05.26<\/a>\n\t\t<\/h3>\n\t\t\t                \t                \t\t<div class=\"post-grid-excerpt\">\n\t\t\t<p>Abgesehen von den 90 L\u00e4ndern, die an der Ausstellung mit 600 vertretenen Marken teilnahmen, \u00fcberstieg die Zahl der Besucher 25.000. Die NAVALIA konsolidiert sich als&hellip;<\/p>\n\t\t<\/div>\n\t\t\t                \t\t<a class=\"read-more-btn\" href=\"https:\/\/dr-horn.org\/de\/navalia-21-23-05-2024\/\">Mehr lesen \u00bb<\/a>\n\t\t                <\/div>\n\n            <\/div><!-- .blog-inner -->\n           \n        <\/article>\n\n        \n        <article id=\"post-19870\" class=\"wpcap-post post-19870 post type-post status-publish format-standard has-post-thumbnail hentry category-messenews\">\n         \n            <div class=\"post-grid-inner\">\n            \t\n            \t\t\t\t<div class=\"post-grid-thumbnail\">\n\t\t\t\t<a href=\"https:\/\/dr-horn.org\/de\/all-about-automation-wels-20-21-05-2026\/\">\n\t\t\t\t\t<img loading=\"lazy\" decoding=\"async\" width=\"800\" height=\"533\" src=\"https:\/\/dr-horn.org\/wp-content\/uploads\/2026\/01\/Folie6.jpg\" class=\"attachment-full size-full wp-post-image\" alt=\"\" srcset=\"https:\/\/dr-horn.org\/wp-content\/uploads\/2026\/01\/Folie6.jpg 800w, https:\/\/dr-horn.org\/wp-content\/uploads\/2026\/01\/Folie6-300x200.jpg 300w, https:\/\/dr-horn.org\/wp-content\/uploads\/2026\/01\/Folie6-768x512.jpg 768w, https:\/\/dr-horn.org\/wp-content\/uploads\/2026\/01\/Folie6-18x12.jpg 18w, https:\/\/dr-horn.org\/wp-content\/uploads\/2026\/01\/Folie6-480x320.jpg 480w\" sizes=\"(max-width: 800px) 100vw, 800px\" title=\"Folie6\" \/>\t\t\t\t<\/a>\n\t\t\t<\/div>\n        \n                <div class=\"post-grid-text-wrap\">\n               \t\t\t\t<h3 class=\"title\">\n\t\t\t<a href=\"https:\/\/dr-horn.org\/de\/all-about-automation-wels-20-21-05-2026\/\">all about automation Wels, 20. &#8211; 21.05.26<\/a>\n\t\t<\/h3>\n\t\t\t                \t                \t\t<div class=\"post-grid-excerpt\">\n\t\t\t<p>Die\u202fall about automation in Wels, \u00d6sterreich, \u202fbringt neueste Technologien, bew\u00e4hrte Produkte, innovative Konzepte und Top-Aussteller direkt in Ihre N\u00e4he. Im direkten Kontakt entsteht Ihre individuelle&hellip;<\/p>\n\t\t<\/div>\n\t\t\t                \t\t<a class=\"read-more-btn\" href=\"https:\/\/dr-horn.org\/de\/all-about-automation-wels-20-21-05-2026\/\">Mehr lesen \u00bb<\/a>\n\t\t                <\/div>\n\n            <\/div><!-- .blog-inner -->\n           \n        <\/article>\n\n        \n        <article id=\"post-19748\" class=\"wpcap-post post-19748 post type-post status-publish format-standard has-post-thumbnail hentry category-messenews\">\n         \n            <div class=\"post-grid-inner\">\n            \t\n            \t\t\t\t<div class=\"post-grid-thumbnail\">\n\t\t\t\t<a href=\"https:\/\/dr-horn.org\/de\/posidonia-3-7-juni-2024\/\">\n\t\t\t\t\t<img loading=\"lazy\" decoding=\"async\" width=\"800\" height=\"533\" src=\"https:\/\/dr-horn.org\/wp-content\/uploads\/2026\/01\/Folie7.jpg\" class=\"attachment-full size-full wp-post-image\" alt=\"\" srcset=\"https:\/\/dr-horn.org\/wp-content\/uploads\/2026\/01\/Folie7.jpg 800w, https:\/\/dr-horn.org\/wp-content\/uploads\/2026\/01\/Folie7-300x200.jpg 300w, https:\/\/dr-horn.org\/wp-content\/uploads\/2026\/01\/Folie7-768x512.jpg 768w, https:\/\/dr-horn.org\/wp-content\/uploads\/2026\/01\/Folie7-18x12.jpg 18w, https:\/\/dr-horn.org\/wp-content\/uploads\/2026\/01\/Folie7-480x320.jpg 480w\" sizes=\"(max-width: 800px) 100vw, 800px\" title=\"Folie7\" \/>\t\t\t\t<\/a>\n\t\t\t<\/div>\n        \n                <div class=\"post-grid-text-wrap\">\n               \t\t\t\t<h3 class=\"title\">\n\t\t\t<a href=\"https:\/\/dr-horn.org\/de\/posidonia-3-7-juni-2024\/\">Posidonia 1. &#8211; 5.06.26<\/a>\n\t\t<\/h3>\n\t\t\t                \t                \t\t<div class=\"post-grid-excerpt\">\n\t\t\t<p>Die Posidonia ist eine der gr\u00f6\u00dften und einflussreichsten Schiffsbaumessen der Welt. Die Messe findet alle zwei Jahre auf dem Metropolitan Expo in Athen, Griechenland statt.&hellip;<\/p>\n\t\t<\/div>\n\t\t\t                \t\t<a class=\"read-more-btn\" href=\"https:\/\/dr-horn.org\/de\/posidonia-3-7-juni-2024\/\">Mehr lesen \u00bb<\/a>\n\t\t                <\/div>\n\n            <\/div><!-- .blog-inner -->\n           \n        <\/article>\n\n        \n        <article id=\"post-19524\" class=\"wpcap-post post-19524 post type-post status-publish format-standard has-post-thumbnail hentry category-messenews\">\n         \n            <div class=\"post-grid-inner\">\n            \t\n            \t\t\t\t<div class=\"post-grid-thumbnail\">\n\t\t\t\t<a href=\"https:\/\/dr-horn.org\/de\/smm-hamburg-6-9-9-22\/\">\n\t\t\t\t\t<img loading=\"lazy\" decoding=\"async\" width=\"800\" height=\"533\" src=\"https:\/\/dr-horn.org\/wp-content\/uploads\/2026\/01\/Folie9.jpg\" class=\"attachment-full size-full wp-post-image\" alt=\"\" srcset=\"https:\/\/dr-horn.org\/wp-content\/uploads\/2026\/01\/Folie9.jpg 800w, https:\/\/dr-horn.org\/wp-content\/uploads\/2026\/01\/Folie9-300x200.jpg 300w, https:\/\/dr-horn.org\/wp-content\/uploads\/2026\/01\/Folie9-768x512.jpg 768w, https:\/\/dr-horn.org\/wp-content\/uploads\/2026\/01\/Folie9-18x12.jpg 18w, https:\/\/dr-horn.org\/wp-content\/uploads\/2026\/01\/Folie9-480x320.jpg 480w\" sizes=\"(max-width: 800px) 100vw, 800px\" title=\"Folie9\" \/>\t\t\t\t<\/a>\n\t\t\t<\/div>\n        \n                <div class=\"post-grid-text-wrap\">\n               \t\t\t\t<h3 class=\"title\">\n\t\t\t<a href=\"https:\/\/dr-horn.org\/de\/smm-hamburg-6-9-9-22\/\">SMM Hamburg, 1. -4.09.26<\/a>\n\t\t<\/h3>\n\t\t\t                \t                \t\t<div class=\"post-grid-excerpt\">\n\t\t\t<p>Die Weltleitmesse der maritimen Wirtschaft Mit mehr als 2.200 Ausstellern und rund 50.000 Fachbesuchern aus allen Teilen der Erde h\u00e4lt die SMM weiterhin ihre Position&hellip;<\/p>\n\t\t<\/div>\n\t\t\t                \t\t<a class=\"read-more-btn\" href=\"https:\/\/dr-horn.org\/de\/smm-hamburg-6-9-9-22\/\">Mehr lesen \u00bb<\/a>\n\t\t                <\/div>\n\n            <\/div><!-- .blog-inner -->\n           \n        <\/article>\n\n        \n        <article id=\"post-19872\" class=\"wpcap-post post-19872 post type-post status-publish format-standard has-post-thumbnail hentry category-messenews\">\n         \n            <div class=\"post-grid-inner\">\n            \t\n            \t\t\t\t<div class=\"post-grid-thumbnail\">\n\t\t\t\t<a href=\"https:\/\/dr-horn.org\/de\/rostocker-grossmotorentagung-13-14-10-26\/\">\n\t\t\t\t\t<img loading=\"lazy\" decoding=\"async\" width=\"800\" height=\"533\" src=\"https:\/\/dr-horn.org\/wp-content\/uploads\/2026\/01\/Folie10.jpg\" class=\"attachment-full size-full wp-post-image\" alt=\"\" srcset=\"https:\/\/dr-horn.org\/wp-content\/uploads\/2026\/01\/Folie10.jpg 800w, https:\/\/dr-horn.org\/wp-content\/uploads\/2026\/01\/Folie10-300x200.jpg 300w, https:\/\/dr-horn.org\/wp-content\/uploads\/2026\/01\/Folie10-768x512.jpg 768w, https:\/\/dr-horn.org\/wp-content\/uploads\/2026\/01\/Folie10-18x12.jpg 18w, https:\/\/dr-horn.org\/wp-content\/uploads\/2026\/01\/Folie10-480x320.jpg 480w\" sizes=\"(max-width: 800px) 100vw, 800px\" title=\"Folie10\" \/>\t\t\t\t<\/a>\n\t\t\t<\/div>\n        \n                <div class=\"post-grid-text-wrap\">\n               \t\t\t\t<h3 class=\"title\">\n\t\t\t<a href=\"https:\/\/dr-horn.org\/de\/rostocker-grossmotorentagung-13-14-10-26\/\">Rostocker Gro\u00dfmotorentagung, 13. &#8211; 14.10.26<\/a>\n\t\t<\/h3>\n\t\t\t                \t                \t\t<div class=\"post-grid-excerpt\">\n\t\t\t<p>Die Rostocker Gro\u00dfmotorentagung bietet spannende Vortr\u00e4ge, Diskussionen und Networking-M\u00f6glichkeiten so wie eine Bandbreite innovativer Konzepte und Projekte und Neuigkeiten rund um die Gro\u00dfmotoren mit Blick&hellip;<\/p>\n\t\t<\/div>\n\t\t\t                \t\t<a class=\"read-more-btn\" href=\"https:\/\/dr-horn.org\/de\/rostocker-grossmotorentagung-13-14-10-26\/\">Mehr lesen \u00bb<\/a>\n\t\t                <\/div>\n\n            <\/div><!-- .blog-inner -->\n           \n        <\/article>\n\n        \n        <article id=\"post-19871\" class=\"wpcap-post post-19871 post type-post status-publish format-standard has-post-thumbnail hentry category-messenews\">\n         \n            <div class=\"post-grid-inner\">\n            \t\n            \t\t\t\t<div class=\"post-grid-thumbnail\">\n\t\t\t\t<a href=\"https:\/\/dr-horn.org\/de\/all-about-automation-duesseldorf-14-15-10-26\/\">\n\t\t\t\t\t<img loading=\"lazy\" decoding=\"async\" width=\"800\" height=\"533\" src=\"https:\/\/dr-horn.org\/wp-content\/uploads\/2026\/01\/Folie11.jpg\" class=\"attachment-full size-full wp-post-image\" alt=\"\" srcset=\"https:\/\/dr-horn.org\/wp-content\/uploads\/2026\/01\/Folie11.jpg 800w, https:\/\/dr-horn.org\/wp-content\/uploads\/2026\/01\/Folie11-300x200.jpg 300w, https:\/\/dr-horn.org\/wp-content\/uploads\/2026\/01\/Folie11-768x512.jpg 768w, https:\/\/dr-horn.org\/wp-content\/uploads\/2026\/01\/Folie11-18x12.jpg 18w, https:\/\/dr-horn.org\/wp-content\/uploads\/2026\/01\/Folie11-480x320.jpg 480w\" sizes=\"(max-width: 800px) 100vw, 800px\" title=\"Folie11\" \/>\t\t\t\t<\/a>\n\t\t\t<\/div>\n        \n                <div class=\"post-grid-text-wrap\">\n               \t\t\t\t<h3 class=\"title\">\n\t\t\t<a href=\"https:\/\/dr-horn.org\/de\/all-about-automation-duesseldorf-14-15-10-26\/\">all about automation D\u00fcsseldorf, 14. &#8211; 15.10.26<\/a>\n\t\t<\/h3>\n\t\t\t                \t                \t\t<div class=\"post-grid-excerpt\">\n\t\t\t<p>Die\u202fall about automation in D\u00fcsseldorf\u202fbringt neueste Technologien, bew\u00e4hrte Produkte, innovative Konzepte und Top-Aussteller direkt in Ihre N\u00e4he. Im direkten Kontakt entsteht Ihre individuelle L\u00f6sung auf&hellip;<\/p>\n\t\t<\/div>\n\t\t\t                \t\t<a class=\"read-more-btn\" href=\"https:\/\/dr-horn.org\/de\/all-about-automation-duesseldorf-14-15-10-26\/\">Mehr lesen \u00bb<\/a>\n\t\t                <\/div>\n\n            <\/div><!-- .blog-inner -->\n           \n        <\/article>\n\n        \n\t\t\t<\/div>\n\t\t<\/div>\n\t\t\t\t\t\t<\/div>\n\t\t\t\t<\/div>\n\t\t\t\t\t<\/div>\n\t\t<\/div>\n\t\t\t\t\t<\/div>\n\t\t<\/section>\n\t\t\t\t<\/div>\n\t\t","protected":false},"excerpt":{"rendered":"<p>Messen Hier finden Sie eine \u00dcbersicht unserer anstehenden Messen. BE 4.0 Salon Industries du futur 4.0 Mulhouse, 30.11.21 -01.12.21 Im Herzen der ostfranz\u00f6sischen Region Grand Est findet die Messe BE 4.0 Industries du Futur in Mulhouse statt, einem von Territoires d\u2019Industrie anerkannten Ballungsraum. Als\u2026 Mehr lesen \u00bb Marintec Shanghai, 7.-10.12.21 Marintec China, die seit \u00fcber [&hellip;]<\/p>\n","protected":false},"author":5,"featured_media":0,"parent":0,"menu_order":0,"comment_status":"closed","ping_status":"closed","template":"","meta":{"footnotes":""},"class_list":["post-19531","page","type-page","status-publish","hentry"],"_links":{"self":[{"href":"https:\/\/dr-horn.org\/de\/wp-json\/wp\/v2\/pages\/19531","targetHints":{"allow":["GET"]}}],"collection":[{"href":"https:\/\/dr-horn.org\/de\/wp-json\/wp\/v2\/pages"}],"about":[{"href":"https:\/\/dr-horn.org\/de\/wp-json\/wp\/v2\/types\/page"}],"author":[{"embeddable":true,"href":"https:\/\/dr-horn.org\/de\/wp-json\/wp\/v2\/users\/5"}],"replies":[{"embeddable":true,"href":"https:\/\/dr-horn.org\/de\/wp-json\/wp\/v2\/comments?post=19531"}],"version-history":[{"count":0,"href":"https:\/\/dr-horn.org\/de\/wp-json\/wp\/v2\/pages\/19531\/revisions"}],"wp:attachment":[{"href":"https:\/\/dr-horn.org\/de\/wp-json\/wp\/v2\/media?parent=19531"}],"curies":[{"name":"wp","href":"https:\/\/api.w.org\/{rel}","templated":true}]}}