{"id":16738,"date":"2020-03-20T14:34:27","date_gmt":"2020-03-20T14:34:27","guid":{"rendered":"https:\/\/drhorn-yam35rk0s9.live-website.com\/?page_id=16738"},"modified":"2020-08-25T16:11:15","modified_gmt":"2020-08-25T16:11:15","slug":"abstand","status":"publish","type":"page","link":"https:\/\/dr-horn.org\/de\/produkte\/abstand\/","title":{"rendered":"Abstand"},"content":{"rendered":"\t\t<div data-elementor-type=\"wp-post\" data-elementor-id=\"16738\" class=\"elementor elementor-16738\" data-elementor-settings=\"{&quot;element_pack_global_tooltip_width&quot;:{&quot;unit&quot;:&quot;px&quot;,&quot;size&quot;:&quot;&quot;,&quot;sizes&quot;:[]},&quot;element_pack_global_tooltip_width_tablet&quot;:{&quot;unit&quot;:&quot;px&quot;,&quot;size&quot;:&quot;&quot;,&quot;sizes&quot;:[]},&quot;element_pack_global_tooltip_width_mobile&quot;:{&quot;unit&quot;:&quot;px&quot;,&quot;size&quot;:&quot;&quot;,&quot;sizes&quot;:[]},&quot;element_pack_global_tooltip_padding&quot;:{&quot;unit&quot;:&quot;px&quot;,&quot;top&quot;:&quot;&quot;,&quot;right&quot;:&quot;&quot;,&quot;bottom&quot;:&quot;&quot;,&quot;left&quot;:&quot;&quot;,&quot;isLinked&quot;:true},&quot;element_pack_global_tooltip_padding_tablet&quot;:{&quot;unit&quot;:&quot;px&quot;,&quot;top&quot;:&quot;&quot;,&quot;right&quot;:&quot;&quot;,&quot;bottom&quot;:&quot;&quot;,&quot;left&quot;:&quot;&quot;,&quot;isLinked&quot;:true},&quot;element_pack_global_tooltip_padding_mobile&quot;:{&quot;unit&quot;:&quot;px&quot;,&quot;top&quot;:&quot;&quot;,&quot;right&quot;:&quot;&quot;,&quot;bottom&quot;:&quot;&quot;,&quot;left&quot;:&quot;&quot;,&quot;isLinked&quot;:true},&quot;element_pack_global_tooltip_border_radius&quot;:{&quot;unit&quot;:&quot;px&quot;,&quot;top&quot;:&quot;&quot;,&quot;right&quot;:&quot;&quot;,&quot;bottom&quot;:&quot;&quot;,&quot;left&quot;:&quot;&quot;,&quot;isLinked&quot;:true},&quot;element_pack_global_tooltip_border_radius_tablet&quot;:{&quot;unit&quot;:&quot;px&quot;,&quot;top&quot;:&quot;&quot;,&quot;right&quot;:&quot;&quot;,&quot;bottom&quot;:&quot;&quot;,&quot;left&quot;:&quot;&quot;,&quot;isLinked&quot;:true},&quot;element_pack_global_tooltip_border_radius_mobile&quot;:{&quot;unit&quot;:&quot;px&quot;,&quot;top&quot;:&quot;&quot;,&quot;right&quot;:&quot;&quot;,&quot;bottom&quot;:&quot;&quot;,&quot;left&quot;:&quot;&quot;,&quot;isLinked&quot;:true}}\" data-elementor-post-type=\"page\">\n\t\t\t\t\t\t<section class=\"elementor-section elementor-top-section elementor-element elementor-element-3c87ab09 elementor-section-boxed elementor-section-height-default elementor-section-height-default\" data-id=\"3c87ab09\" data-element_type=\"section\" data-e-type=\"section\" data-settings=\"{&quot;background_background&quot;:&quot;classic&quot;}\">\n\t\t\t\t\t\t<div class=\"elementor-container elementor-column-gap-default\">\n\t\t\t\t\t<div class=\"elementor-column elementor-col-100 elementor-top-column elementor-element elementor-element-5db61e1\" data-id=\"5db61e1\" data-element_type=\"column\" data-e-type=\"column\">\n\t\t\t<div class=\"elementor-widget-wrap elementor-element-populated\">\n\t\t\t\t\t\t<div class=\"elementor-element elementor-element-529fe8df elementor-widget elementor-widget-spacer\" data-id=\"529fe8df\" data-element_type=\"widget\" data-e-type=\"widget\" data-widget_type=\"spacer.default\">\n\t\t\t\t<div class=\"elementor-widget-container\">\n\t\t\t\t\t\t\t<div class=\"elementor-spacer\">\n\t\t\t<div class=\"elementor-spacer-inner\"><\/div>\n\t\t<\/div>\n\t\t\t\t\t\t<\/div>\n\t\t\t\t<\/div>\n\t\t\t\t<div class=\"elementor-element elementor-element-e8eb29a bdt-flip-box-direction-up bdt-flip-box-effect-flip bdt-flip-box-easing-ease-out elementor-widget elementor-widget-bdt-flip-box\" data-id=\"e8eb29a\" data-element_type=\"widget\" data-e-type=\"widget\" data-widget_type=\"bdt-flip-box.default\">\n\t\t\t\t<div class=\"elementor-widget-container\">\n\t\t\t\t\t\t\t<div class=\"bdt-flip-box\" data-settings=\"{&quot;flipTrigger&quot;:&quot;hover&quot;}\">\n\t\t\t<div class=\"bdt-flip-box-layer bdt-flip-box-front\">\n\t\t\t\t<div class=\"bdt-flip-box-layer-overlay\">\n\t\t\t\t\t<div class=\"bdt-flip-box-layer-inner\">\n\t\t\t\t\t\t\t\t\t\t\t\t\t<div class=\"elementor-icon-wrapper elementor-view-stacked elementor-shape-circle\">\n\t\t\t\t\t\t\t\t<div class=\"elementor-icon\">\n\n\t\t\t\t\t\t\t\t\t<svg xmlns=\"http:\/\/www.w3.org\/2000\/svg\" xmlns:xlink=\"http:\/\/www.w3.org\/1999\/xlink\" id=\"Abstand\" x=\"0px\" y=\"0px\" width=\"51px\" height=\"51px\" viewBox=\"0 0 51 51\" style=\"enable-background:new 0 0 51 51;\" xml:space=\"preserve\"><style type=\"text\/css\">\t.st0{fill:#FFFFFF;}<\/style><g>\t<rect x=\"6.6\" y=\"22.7\" transform=\"matrix(0.9702 -0.2425 0.2425 0.9702 -5.9107 2.3768)\" class=\"st0\" width=\"0.2\" height=\"4.9\"><\/rect><\/g><g>\t<rect x=\"11\" y=\"21.6\" transform=\"matrix(0.9701 -0.2426 0.2426 0.9701 -5.5147 3.4125)\" class=\"st0\" width=\"0.2\" height=\"4.9\"><\/rect><\/g><g>\t<rect x=\"24.1\" y=\"18.4\" transform=\"matrix(0.9702 -0.2425 0.2425 0.9702 -4.3457 6.492)\" class=\"st0\" width=\"0.2\" height=\"4.9\"><\/rect><\/g><g>\t<polygon class=\"st0\" points=\"29,22.2 27.9,17.4 28.1,17.4 29.2,22.2  \"><\/polygon><\/g><g>\t<polygon class=\"st0\" points=\"37.8,20 36.6,15.3 36.8,15.3 38,20  \"><\/polygon><\/g><g>\t<polygon class=\"st0\" points=\"42.1,19 41,14.2 41.2,14.2 42.3,19  \"><\/polygon><\/g><g>\t<rect x=\"19.7\" y=\"19.5\" transform=\"matrix(0.9702 -0.2425 0.2425 0.9702 -4.7438 5.4579)\" class=\"st0\" width=\"0.2\" height=\"4.9\"><\/rect><\/g><g>\t<polygon class=\"st0\" points=\"16.8,28.8 14.8,20.7 15,20.7 17,28.8  \"><\/polygon><\/g><g>\t<polygon class=\"st0\" points=\"34.2,24.5 32.2,16.3 32.4,16.3 34.4,24.5  \"><\/polygon><\/g><g>\t<path class=\"st0\" d=\"M4.8,38C4.7,38,4.7,38,4.8,38c-0.1,0-0.1-0.1-0.1-0.1L1.3,24.3c0-0.1,0-0.1,0.1-0.2L46.3,13c0,0,0.1,0,0.1,0   c0,0,0,0,0.1,0.1l3.4,13.6c0,0.1,0,0.1-0.1,0.2L4.8,38C4.8,38,4.8,38,4.8,38z M1.5,24.3l3.3,13.3l44.7-11l-3.3-13.3L1.5,24.3z\"><\/path><\/g><\/svg>\n\t\t\t\t\t\t\t\t<\/div>\n\t\t\t\t\t\t\t<\/div>\n\t\t\t\t\t\t\n\t\t\t\t\t\t\t\t\t\t\t\t\t<h3 class=\"bdt-flip-box-layer-title\">\n\t\t\t\t\t\t\t\tAbstand\t\t\t\t\t\t\t<\/h3>\n\t\t\t\t\t\t\n\t\t\t\t\t\t\t\t\t\t\t\t\t<div class=\"bdt-flip-box-layer-desc\">\n\t\t\t\t\t\t\t\tSensoren\t\t\t\t\t\t\t<\/div>\n\t\t\t\t\t\t\t\t\t\t\t<\/div>\n\t\t\t\t<\/div>\n\t\t\t<\/div>\n\t\t\t<div class=\"bdt-flip-box-layer bdt-flip-box-back\">\n\t\t\t\t<div class=\"bdt-flip-box-layer-overlay\">\n\t\t\t\t\t<div class=\"bdt-flip-box-layer-inner\">\n\t\t\t\t\t\t\t\t\t\t\t\t\t<h3 class=\"bdt-flip-box-layer-title\">\n\t\t\t\t\t\t\t\tDownloads\t\t\t\t\t\t\t<\/h3>\n\t\t\t\t\t\t\n\t\t\t\t\t\t\t\t\t\t\t\t\t<div class=\"bdt-flip-box-layer-desc\">\n\t\t\t\t\t\t\t\tAbstand\t\t\t\t\t\t\t<\/div>\n\t\t\t\t\t\t\n\t\t\t\t\t\t\t\t\t\t\t<\/div>\n\t\t\t\t<\/div>\n\t\t\t<\/div>\n\t\t<\/div>\n\t\t\t\t\t<\/div>\n\t\t\t\t<\/div>\n\t\t\t\t<div class=\"elementor-element elementor-element-8ea805f elementor-widget elementor-widget-spacer\" data-id=\"8ea805f\" data-element_type=\"widget\" data-e-type=\"widget\" data-widget_type=\"spacer.default\">\n\t\t\t\t<div class=\"elementor-widget-container\">\n\t\t\t\t\t\t\t<div class=\"elementor-spacer\">\n\t\t\t<div class=\"elementor-spacer-inner\"><\/div>\n\t\t<\/div>\n\t\t\t\t\t\t<\/div>\n\t\t\t\t<\/div>\n\t\t\t\t<section class=\"elementor-section elementor-inner-section elementor-element elementor-element-4c008005 elementor-section-boxed elementor-section-height-default elementor-section-height-default\" data-id=\"4c008005\" data-element_type=\"section\" data-e-type=\"section\" data-settings=\"{&quot;background_background&quot;:&quot;classic&quot;}\">\n\t\t\t\t\t\t<div class=\"elementor-container elementor-column-gap-default\">\n\t\t\t\t\t<div class=\"elementor-column elementor-col-100 elementor-inner-column elementor-element elementor-element-57d2b41a\" data-id=\"57d2b41a\" data-element_type=\"column\" data-e-type=\"column\">\n\t\t\t<div class=\"elementor-widget-wrap elementor-element-populated\">\n\t\t\t\t\t\t<div class=\"elementor-element elementor-element-e80e90b elementor-widget elementor-widget-text-editor\" data-id=\"e80e90b\" data-element_type=\"widget\" data-e-type=\"widget\" data-widget_type=\"text-editor.default\">\n\t\t\t\t<div class=\"elementor-widget-container\">\n\t\t\t\t\t\t\t\t\tDie pr\u00e4zise Ab&shy;stands&shy;mes&shy;sung setzen wir vor&shy;nehm&shy;lich bei der Lager&shy;\u00fcber&shy;wa&shy;chung an Gro\u00df&shy;ma&shy;schi&shy;nen so&shy;wie zur Po&shy;si&shy;tions&shy;mes&shy;sung ein, bei denen auch die schnelle Ver&shy;ar&shy;bei&shy;tung eine wichtige Rolle spielt.\t\t\t\t\t\t\t\t<\/div>\n\t\t\t\t<\/div>\n\t\t\t\t\t<\/div>\n\t\t<\/div>\n\t\t\t\t\t<\/div>\n\t\t<\/section>\n\t\t\t\t<div class=\"elementor-element elementor-element-227bd3dc elementor-widget elementor-widget-spacer\" data-id=\"227bd3dc\" data-element_type=\"widget\" data-e-type=\"widget\" data-widget_type=\"spacer.default\">\n\t\t\t\t<div class=\"elementor-widget-container\">\n\t\t\t\t\t\t\t<div class=\"elementor-spacer\">\n\t\t\t<div class=\"elementor-spacer-inner\"><\/div>\n\t\t<\/div>\n\t\t\t\t\t\t<\/div>\n\t\t\t\t<\/div>\n\t\t\t\t\t<\/div>\n\t\t<\/div>\n\t\t\t\t\t<\/div>\n\t\t<\/section>\n\t\t\t\t<section class=\"elementor-section elementor-top-section elementor-element elementor-element-477cd97c elementor-section-boxed elementor-section-height-default elementor-section-height-default\" data-id=\"477cd97c\" data-element_type=\"section\" data-e-type=\"section\" data-settings=\"{&quot;background_background&quot;:&quot;classic&quot;}\">\n\t\t\t\t\t\t<div class=\"elementor-container elementor-column-gap-default\">\n\t\t\t\t\t<div class=\"elementor-column elementor-col-100 elementor-top-column elementor-element elementor-element-24acfd26\" data-id=\"24acfd26\" data-element_type=\"column\" data-e-type=\"column\">\n\t\t\t<div class=\"elementor-widget-wrap elementor-element-populated\">\n\t\t\t\t\t\t<div class=\"elementor-element elementor-element-2041a16a elementor-widget elementor-widget-spacer\" data-id=\"2041a16a\" data-element_type=\"widget\" data-e-type=\"widget\" data-widget_type=\"spacer.default\">\n\t\t\t\t<div class=\"elementor-widget-container\">\n\t\t\t\t\t\t\t<div class=\"elementor-spacer\">\n\t\t\t<div class=\"elementor-spacer-inner\"><\/div>\n\t\t<\/div>\n\t\t\t\t\t\t<\/div>\n\t\t\t\t<\/div>\n\t\t\t\t<div class=\"elementor-element elementor-element-2742ce95 elementor-widget elementor-widget-bdt-fancy-tabs\" data-id=\"2742ce95\" data-element_type=\"widget\" data-e-type=\"widget\" data-widget_type=\"bdt-fancy-tabs.default\">\n\t\t\t\t<div class=\"elementor-widget-container\">\n\t\t\t\t\t\t\t<div id=\"bdt-ep-fancy-tabs-2742ce95\" class=\"bdt-ep-fancy-tabs\" data-settings=\"{&quot;tabs_id&quot;:&quot;bdt-ep-fancy-tabs-2742ce95&quot;,&quot;mouse_event&quot;:&quot;click&quot;}\">\n\t\t\t<div class=\"bdt-grid bdt-flex bdt-flex-middle\">\n\n\t\t\t\t\t\t\t\t\t<div class=\"bdt-width-1-1 bdt-width-1-2@s bdt-flex-center bdt-custom-width\">\n\t\t\t\t\t\t\t\t<div data-bdt-ep-fancy-tabs-items=\"connect: #bdt-tab-content-2742ce95;\">\n\t\t\t<div class=\"bdt-grid bdt-grid-collapse bdt-child-width-1-1 bdt-child-width-1-1@s bdt-child-width-1-1@l\" data-bdt-grid>\n\n\t\t\t\t\t\t\t\t\t<div>\n\t\t\t\t\t\t<div class=\"bdt-ep-fancy-tabs-item active\" data-id=\"bdt-tab-12742ce95\">\n\t\t\t\t\t\t\t<a class=\"bdt-ep-fancy-tabs-icon-box\" href=\"javascript:void(0);\" data-tab-index=\"0\">\n\n\t\t\t\t\t\t\t\t\t\t\t\t\t\t\t\t\t<span class=\"bdt-ep-fancy-tabs-icon\">\n\t\t\t\t\t\t\t\t\t\t<img fetchpriority=\"high\" decoding=\"async\" width=\"300\" height=\"212\" src=\"https:\/\/dr-horn.org\/wp-content\/uploads\/2020\/03\/IW000184-300x212.png\" class=\"attachment-medium size-medium\" alt=\"Abstandsensor mit Tem&shy;pe&shy;ra&shy;tur&shy;kompensation\" srcset=\"https:\/\/dr-horn.org\/wp-content\/uploads\/2020\/03\/IW000184-300x212.png 300w, https:\/\/dr-horn.org\/wp-content\/uploads\/2020\/03\/IW000184-768x543.png 768w, https:\/\/dr-horn.org\/wp-content\/uploads\/2020\/03\/IW000184.png 841w\" sizes=\"(max-width: 300px) 100vw, 300px\" title=\"IW000184\" \/>\t\t\t\t\t\t\t\t\t<\/span>\n\t\t\t\t\t\t\t\t\n\t\t\t\t\t\t\t<\/a>\n\t\t\t\t\t\t<\/div>\n\t\t\t\t\t<\/div>\n\t\t\t\t\n\t\t\t<\/div>\n\t\t<\/div>\n\t\t\t\t\t<\/div>\n\t\t\t\t\t<div class=\"bdt-width-1-1 bdt-width-expand@s\">\n\t\t\t\t\t\t\t\t<div class=\"bdt-ep-fancy-tabs-content-wrap\">\n\t\t\t\n\t\t\t\t<div id=\"bdt-tab-12742ce95\" class=\"bdt-ep-fancy-tabs-content active\">\n\n\t\t\t\t\t\t\t\t\t\t\t<div class=\"bdt-ep-fancy-tabs-sub-title\">\n\t\t\t\t\t\t\tIW00018\u2026\t\t\t\t\t\t<\/div>\n\t\t\t\t\t\n\t\t\t\t\t\t\t\t\t\t\t<div class=\"bdt-ep-fancy-tabs-title\">\n\t\t\t\t\t\t\tAbstandsensor mit Tem&shy;pe&shy;ra&shy;tur&shy;kompensation\t\t\t\t\t\t<\/div>\n\t\t\t\t\t\n\t\t\t\t\t\t\t\t\t\t\t<div class=\"bdt-ep-fancy-tabs-text\">\n\t\t\t\t\t\t\t<h3><a class=\"gt3_icon_link gt3_custom_color\" href=\"https:\/\/dr-horn.org\/wp-content\/uploads\/2020\/04\/IW00018-4-drawing.pdf\" target=\"_blank\" data-color=\"#003468\" data-hover-color=\"#ff392d\" style=\"font-size: 14px;color: #003468;margin-right: 15px;margin-top: 5px\" rel=\"noopener\"><i class=\"fa fa-download\">\u00a0<\/i><\/a><\/h3>\t\t\t\t\t\t<\/div>\n\t\t\t\t\t\n\t\t\t\t\t\n\t\t\t\t<\/div>\n\t\t\t\t\t<\/div>\n\n\t\t\t\t\t\t<\/div>\n\t\t\t\t\n\t\t\t\t\n\t\t\t<\/div>\n\t\t<\/div>\n\t\t\t\t\t<\/div>\n\t\t\t\t<\/div>\n\t\t\t\t<div class=\"elementor-element elementor-element-759e58d2 elementor-widget elementor-widget-spacer\" data-id=\"759e58d2\" data-element_type=\"widget\" data-e-type=\"widget\" data-widget_type=\"spacer.default\">\n\t\t\t\t<div class=\"elementor-widget-container\">\n\t\t\t\t\t\t\t<div class=\"elementor-spacer\">\n\t\t\t<div class=\"elementor-spacer-inner\"><\/div>\n\t\t<\/div>\n\t\t\t\t\t\t<\/div>\n\t\t\t\t<\/div>\n\t\t\t\t<div class=\"elementor-element elementor-element-6a12eef elementor-widget elementor-widget-bdt-fancy-tabs\" data-id=\"6a12eef\" data-element_type=\"widget\" data-e-type=\"widget\" data-widget_type=\"bdt-fancy-tabs.default\">\n\t\t\t\t<div class=\"elementor-widget-container\">\n\t\t\t\t\t\t\t<div id=\"bdt-ep-fancy-tabs-6a12eef\" class=\"bdt-ep-fancy-tabs\" data-settings=\"{&quot;tabs_id&quot;:&quot;bdt-ep-fancy-tabs-6a12eef&quot;,&quot;mouse_event&quot;:&quot;click&quot;}\">\n\t\t\t<div class=\"bdt-grid bdt-flex bdt-flex-middle\">\n\n\t\t\t\t\t\t\t\t\t<div class=\"bdt-width-1-1 bdt-width-1-2@s bdt-flex-center bdt-custom-width\">\n\t\t\t\t\t\t\t\t<div data-bdt-ep-fancy-tabs-items=\"connect: #bdt-tab-content-6a12eef;\">\n\t\t\t<div class=\"bdt-grid bdt-grid-collapse bdt-child-width-1-1 bdt-child-width-1-1@s bdt-child-width-1-1@l\" data-bdt-grid>\n\n\t\t\t\t\t\t\t\t\t<div>\n\t\t\t\t\t\t<div class=\"bdt-ep-fancy-tabs-item active\" data-id=\"bdt-tab-16a12eef\">\n\t\t\t\t\t\t\t<a class=\"bdt-ep-fancy-tabs-icon-box\" href=\"javascript:void(0);\" data-tab-index=\"0\">\n\n\t\t\t\t\t\t\t\t\t\t\t\t\t\t\t\t\t<span class=\"bdt-ep-fancy-tabs-icon\">\n\t\t\t\t\t\t\t\t\t\t<img decoding=\"async\" width=\"300\" height=\"212\" src=\"https:\/\/dr-horn.org\/wp-content\/uploads\/2020\/03\/IW000161-3-300x212.png\" class=\"attachment-medium size-medium\" alt=\"Abstandssensor Motoren und Turbinen\" srcset=\"https:\/\/dr-horn.org\/wp-content\/uploads\/2020\/03\/IW000161-3-300x212.png 300w, https:\/\/dr-horn.org\/wp-content\/uploads\/2020\/03\/IW000161-3-768x543.png 768w, https:\/\/dr-horn.org\/wp-content\/uploads\/2020\/03\/IW000161-3.png 841w\" sizes=\"(max-width: 300px) 100vw, 300px\" title=\"IW000161-3\" \/>\t\t\t\t\t\t\t\t\t<\/span>\n\t\t\t\t\t\t\t\t\n\t\t\t\t\t\t\t<\/a>\n\t\t\t\t\t\t<\/div>\n\t\t\t\t\t<\/div>\n\t\t\t\t\n\t\t\t<\/div>\n\t\t<\/div>\n\t\t\t\t\t<\/div>\n\t\t\t\t\t<div class=\"bdt-width-1-1 bdt-width-expand@s\">\n\t\t\t\t\t\t\t\t<div class=\"bdt-ep-fancy-tabs-content-wrap\">\n\t\t\t\n\t\t\t\t<div id=\"bdt-tab-16a12eef\" class=\"bdt-ep-fancy-tabs-content active\">\n\n\t\t\t\t\t\t\t\t\t\t\t<div class=\"bdt-ep-fancy-tabs-sub-title\">\n\t\t\t\t\t\t\tIW00016....\t\t\t\t\t\t<\/div>\n\t\t\t\t\t\n\t\t\t\t\t\t\t\t\t\t\t<div class=\"bdt-ep-fancy-tabs-title\">\n\t\t\t\t\t\t\tAbstandssensor Motoren und Turbinen\t\t\t\t\t\t<\/div>\n\t\t\t\t\t\n\t\t\t\t\t\t\t\t\t\t\t<div class=\"bdt-ep-fancy-tabs-text\">\n\t\t\t\t\t\t\t<h3><a class=\"gt3_icon_link gt3_custom_color\" href=\"https:\/\/dr-horn.org\/wp-content\/uploads\/2020\/04\/IW000160-General-Datasheet-Speed-Sensors-DK002639-Rev-3.pdf\" target=\"_blank\" data-color=\"#003468\" data-hover-color=\"#ff392d\" style=\"font-size: 14px;color: #003468;margin-right: 15px;margin-top: 5px\" rel=\"noopener\"><i class=\"fa fa-download\">\u00a0<\/i><\/a><\/h3>\t\t\t\t\t\t<\/div>\n\t\t\t\t\t\n\t\t\t\t\t\n\t\t\t\t<\/div>\n\t\t\t\t\t<\/div>\n\n\t\t\t\t\t\t<\/div>\n\t\t\t\t\n\t\t\t\t\n\t\t\t<\/div>\n\t\t<\/div>\n\t\t\t\t\t<\/div>\n\t\t\t\t<\/div>\n\t\t\t\t\t<\/div>\n\t\t<\/div>\n\t\t\t\t\t<\/div>\n\t\t<\/section>\n\t\t\t\t<section class=\"elementor-section elementor-top-section elementor-element elementor-element-5deed43 elementor-section-boxed elementor-section-height-default elementor-section-height-default\" data-id=\"5deed43\" data-element_type=\"section\" data-e-type=\"section\">\n\t\t\t\t\t\t<div class=\"elementor-container elementor-column-gap-default\">\n\t\t\t\t\t<div class=\"elementor-column elementor-col-100 elementor-top-column elementor-element elementor-element-2aef5e7\" data-id=\"2aef5e7\" data-element_type=\"column\" data-e-type=\"column\">\n\t\t\t<div class=\"elementor-widget-wrap elementor-element-populated\">\n\t\t\t\t\t\t<div class=\"elementor-element elementor-element-a6434c9 elementor-widget elementor-widget-spacer\" data-id=\"a6434c9\" data-element_type=\"widget\" data-e-type=\"widget\" data-widget_type=\"spacer.default\">\n\t\t\t\t<div class=\"elementor-widget-container\">\n\t\t\t\t\t\t\t<div class=\"elementor-spacer\">\n\t\t\t<div class=\"elementor-spacer-inner\"><\/div>\n\t\t<\/div>\n\t\t\t\t\t\t<\/div>\n\t\t\t\t<\/div>\n\t\t\t\t\t<\/div>\n\t\t<\/div>\n\t\t\t\t\t<\/div>\n\t\t<\/section>\n\t\t\t\t<\/div>\n\t\t","protected":false},"excerpt":{"rendered":"<p>Abstand Sensoren Downloads Abstand Die pr\u00e4zise Ab&shy;stands&shy;mes&shy;sung setzen wir vor&shy;nehm&shy;lich bei der Lager&shy;\u00fcber&shy;wa&shy;chung an Gro\u00df&shy;ma&shy;schi&shy;nen so&shy;wie zur Po&shy;si&shy;tions&shy;mes&shy;sung ein, bei denen auch die schnelle Ver&shy;ar&shy;bei&shy;tung eine wichtige Rolle spielt. IW00018\u2026 Abstandsensor mit Tem&shy;pe&shy;ra&shy;tur&shy;kompensation \u00a0 IW00016&#8230;. Abstandssensor Motoren und Turbinen \u00a0<\/p>\n","protected":false},"author":1,"featured_media":0,"parent":8022,"menu_order":0,"comment_status":"closed","ping_status":"closed","template":"","meta":{"footnotes":""},"class_list":["post-16738","page","type-page","status-publish","hentry"],"_links":{"self":[{"href":"https:\/\/dr-horn.org\/de\/wp-json\/wp\/v2\/pages\/16738","targetHints":{"allow":["GET"]}}],"collection":[{"href":"https:\/\/dr-horn.org\/de\/wp-json\/wp\/v2\/pages"}],"about":[{"href":"https:\/\/dr-horn.org\/de\/wp-json\/wp\/v2\/types\/page"}],"author":[{"embeddable":true,"href":"https:\/\/dr-horn.org\/de\/wp-json\/wp\/v2\/users\/1"}],"replies":[{"embeddable":true,"href":"https:\/\/dr-horn.org\/de\/wp-json\/wp\/v2\/comments?post=16738"}],"version-history":[{"count":0,"href":"https:\/\/dr-horn.org\/de\/wp-json\/wp\/v2\/pages\/16738\/revisions"}],"up":[{"embeddable":true,"href":"https:\/\/dr-horn.org\/de\/wp-json\/wp\/v2\/pages\/8022"}],"wp:attachment":[{"href":"https:\/\/dr-horn.org\/de\/wp-json\/wp\/v2\/media?parent=16738"}],"curies":[{"name":"wp","href":"https:\/\/api.w.org\/{rel}","templated":true}]}}