{"id":16720,"date":"2020-03-20T14:21:19","date_gmt":"2020-03-20T14:21:19","guid":{"rendered":"https:\/\/drhorn-yam35rk0s9.live-website.com\/?page_id=16720"},"modified":"2020-08-20T16:44:16","modified_gmt":"2020-08-20T16:44:16","slug":"zubehoer-und-auswerter","status":"publish","type":"page","link":"https:\/\/dr-horn.org\/de\/produkte\/zubehoer-und-auswerter\/","title":{"rendered":"Zubeh\u00f6r und  Auswerter"},"content":{"rendered":"\t\t<div data-elementor-type=\"wp-post\" data-elementor-id=\"16720\" class=\"elementor elementor-16720\" data-elementor-settings=\"{&quot;element_pack_global_tooltip_width&quot;:{&quot;unit&quot;:&quot;px&quot;,&quot;size&quot;:&quot;&quot;,&quot;sizes&quot;:[]},&quot;element_pack_global_tooltip_width_tablet&quot;:{&quot;unit&quot;:&quot;px&quot;,&quot;size&quot;:&quot;&quot;,&quot;sizes&quot;:[]},&quot;element_pack_global_tooltip_width_mobile&quot;:{&quot;unit&quot;:&quot;px&quot;,&quot;size&quot;:&quot;&quot;,&quot;sizes&quot;:[]},&quot;element_pack_global_tooltip_padding&quot;:{&quot;unit&quot;:&quot;px&quot;,&quot;top&quot;:&quot;&quot;,&quot;right&quot;:&quot;&quot;,&quot;bottom&quot;:&quot;&quot;,&quot;left&quot;:&quot;&quot;,&quot;isLinked&quot;:true},&quot;element_pack_global_tooltip_padding_tablet&quot;:{&quot;unit&quot;:&quot;px&quot;,&quot;top&quot;:&quot;&quot;,&quot;right&quot;:&quot;&quot;,&quot;bottom&quot;:&quot;&quot;,&quot;left&quot;:&quot;&quot;,&quot;isLinked&quot;:true},&quot;element_pack_global_tooltip_padding_mobile&quot;:{&quot;unit&quot;:&quot;px&quot;,&quot;top&quot;:&quot;&quot;,&quot;right&quot;:&quot;&quot;,&quot;bottom&quot;:&quot;&quot;,&quot;left&quot;:&quot;&quot;,&quot;isLinked&quot;:true},&quot;element_pack_global_tooltip_border_radius&quot;:{&quot;unit&quot;:&quot;px&quot;,&quot;top&quot;:&quot;&quot;,&quot;right&quot;:&quot;&quot;,&quot;bottom&quot;:&quot;&quot;,&quot;left&quot;:&quot;&quot;,&quot;isLinked&quot;:true},&quot;element_pack_global_tooltip_border_radius_tablet&quot;:{&quot;unit&quot;:&quot;px&quot;,&quot;top&quot;:&quot;&quot;,&quot;right&quot;:&quot;&quot;,&quot;bottom&quot;:&quot;&quot;,&quot;left&quot;:&quot;&quot;,&quot;isLinked&quot;:true},&quot;element_pack_global_tooltip_border_radius_mobile&quot;:{&quot;unit&quot;:&quot;px&quot;,&quot;top&quot;:&quot;&quot;,&quot;right&quot;:&quot;&quot;,&quot;bottom&quot;:&quot;&quot;,&quot;left&quot;:&quot;&quot;,&quot;isLinked&quot;:true}}\" data-elementor-post-type=\"page\">\n\t\t\t\t\t\t<section class=\"elementor-section elementor-top-section elementor-element elementor-element-3c87ab09 elementor-section-boxed elementor-section-height-default elementor-section-height-default\" data-id=\"3c87ab09\" data-element_type=\"section\" data-e-type=\"section\" data-settings=\"{&quot;background_background&quot;:&quot;classic&quot;}\">\n\t\t\t\t\t\t<div class=\"elementor-container elementor-column-gap-default\">\n\t\t\t\t\t<div class=\"elementor-column elementor-col-100 elementor-top-column elementor-element elementor-element-5db61e1\" data-id=\"5db61e1\" data-element_type=\"column\" data-e-type=\"column\">\n\t\t\t<div class=\"elementor-widget-wrap elementor-element-populated\">\n\t\t\t\t\t\t<div class=\"elementor-element elementor-element-529fe8df elementor-widget elementor-widget-spacer\" data-id=\"529fe8df\" data-element_type=\"widget\" data-e-type=\"widget\" data-widget_type=\"spacer.default\">\n\t\t\t\t<div class=\"elementor-widget-container\">\n\t\t\t\t\t\t\t<div class=\"elementor-spacer\">\n\t\t\t<div class=\"elementor-spacer-inner\"><\/div>\n\t\t<\/div>\n\t\t\t\t\t\t<\/div>\n\t\t\t\t<\/div>\n\t\t\t\t<div class=\"elementor-element elementor-element-e8eb29a bdt-flip-box-direction-up bdt-flip-box-effect-flip bdt-flip-box-easing-ease-out elementor-widget elementor-widget-bdt-flip-box\" data-id=\"e8eb29a\" data-element_type=\"widget\" data-e-type=\"widget\" data-widget_type=\"bdt-flip-box.default\">\n\t\t\t\t<div class=\"elementor-widget-container\">\n\t\t\t\t\t\t\t<div class=\"bdt-flip-box\" data-settings=\"{&quot;flipTrigger&quot;:&quot;hover&quot;}\">\n\t\t\t<div class=\"bdt-flip-box-layer bdt-flip-box-front\">\n\t\t\t\t<div class=\"bdt-flip-box-layer-overlay\">\n\t\t\t\t\t<div class=\"bdt-flip-box-layer-inner\">\n\t\t\t\t\t\t\t\t\t\t\t\t\t<div class=\"elementor-icon-wrapper elementor-view-stacked elementor-shape-circle\">\n\t\t\t\t\t\t\t\t<div class=\"elementor-icon\">\n\n\t\t\t\t\t\t\t\t\t<svg xmlns=\"http:\/\/www.w3.org\/2000\/svg\" xmlns:xlink=\"http:\/\/www.w3.org\/1999\/xlink\" id=\"Zubehoer\" x=\"0px\" y=\"0px\" viewBox=\"0 0 51 51\" style=\"enable-background:new 0 0 51 51;\" xml:space=\"preserve\"><style type=\"text\/css\">\t.st0{fill:none;stroke:#FFFFFF;stroke-linejoin:round;}<\/style><path class=\"st0\" d=\"M18.7,27.9l-2.9,2.9L13,33.6l-0.3,0.2c-0.1-0.1-0.2-0.1-0.3-0.2c-0.2-0.1-0.5-0.2-0.8-0.3c-2-0.6-4.2,0-5.6,1.5  c-0.5,0.4-0.9,1-1.2,1.5c-1.4,2.6-1.5,5.2-0.1,7.1c0.1,0.1,0.3,0.4,0.3,0.4s1.7-2.5,2.4-3.7c0.5-0.8,1.8-1.8,4.2-0.2  c1.9,1.3,2,2.6,1.3,3.7s-2.3,3.7-2.3,3.7s0.4,0.1,0.5,0.2c1.9,0.5,4,0,5.4-1.5l0.1-0.1c1.5-1.7,2.1-4,1.5-6.2c-0.1-0.2-0.4-1-0.4-1  l0.2-0.2l3-3.1l2.7-2.8\"><\/path><path class=\"st0\" d=\"M16.9,6.9l-0.2,0.2L3.8,19.9l0.5,0.5l5.4,5.4l5.3-5.3l24.2,24.3l5.1-5.1L20.2,15.3l7.1-7.1l1.4-1.4  C28.7,6.9,16.9,6.9,16.9,6.9z\"><\/path><path class=\"st0\" d=\"M32.4,24l2.7-2.7c0.1-0.1,0.7-0.6,2.8-2.8l0.3-0.2c0.1,0.1,0.2,0.1,0.3,0.2c0.2,0.1,0.5,0.2,0.8,0.3  c2,0.6,4.2,0,5.7-1.6c0.5-0.4,0.9-1,1.2-1.5c1.4-2.6,1.5-5.2,0.1-7.1c-0.1-0.1-0.2-0.3-0.3-0.4c0,0-1.7,2.5-2.4,3.7  c-0.5,0.8-1.8,1.8-4.2,0.2c-2-1.3-2-2.6-1.3-3.7s2.3-3.7,2.3-3.7s-0.4-0.1-0.5-0.2c-0.5-0.1-0.9-0.1-1.4-0.2c-1.5-0.1-3,0.5-4,1.7  c0,0-0.1,0.1-0.2,0.2c-1.5,1.7-2.1,4-1.4,6.2c0.1,0.2,0.4,1,0.4,1c-0.1,0.1-0.1,0.1-0.2,0.2l-3,3.1c0.1-0.1-2.4,2.5-2.4,2.5\"><\/path><\/svg>\n\t\t\t\t\t\t\t\t<\/div>\n\t\t\t\t\t\t\t<\/div>\n\t\t\t\t\t\t\n\t\t\t\t\t\t\t\t\t\t\t\t\t<h3 class=\"bdt-flip-box-layer-title\">\n\t\t\t\t\t\t\t\tZubeh\u00f6r \/ Auswerter\t\t\t\t\t\t\t<\/h3>\n\t\t\t\t\t\t\n\t\t\t\t\t\t\t\t\t\t\t\t\t<div class=\"bdt-flip-box-layer-desc\">\n\t\t\t\t\t\t\t\tSensoren\t\t\t\t\t\t\t<\/div>\n\t\t\t\t\t\t\t\t\t\t\t<\/div>\n\t\t\t\t<\/div>\n\t\t\t<\/div>\n\t\t\t<div class=\"bdt-flip-box-layer bdt-flip-box-back\">\n\t\t\t\t<div class=\"bdt-flip-box-layer-overlay\">\n\t\t\t\t\t<div class=\"bdt-flip-box-layer-inner\">\n\t\t\t\t\t\t\t\t\t\t\t\t\t<h3 class=\"bdt-flip-box-layer-title\">\n\t\t\t\t\t\t\t\tDownloads\t\t\t\t\t\t\t<\/h3>\n\t\t\t\t\t\t\n\t\t\t\t\t\t\t\t\t\t\t\t\t<div class=\"bdt-flip-box-layer-desc\">\n\t\t\t\t\t\t\t\tZubeh\u00f6r und Auswerter\t\t\t\t\t\t\t<\/div>\n\t\t\t\t\t\t\n\t\t\t\t\t\t\t\t\t\t\t<\/div>\n\t\t\t\t<\/div>\n\t\t\t<\/div>\n\t\t<\/div>\n\t\t\t\t\t<\/div>\n\t\t\t\t<\/div>\n\t\t\t\t<div class=\"elementor-element elementor-element-8ea805f elementor-widget elementor-widget-spacer\" data-id=\"8ea805f\" data-element_type=\"widget\" data-e-type=\"widget\" data-widget_type=\"spacer.default\">\n\t\t\t\t<div class=\"elementor-widget-container\">\n\t\t\t\t\t\t\t<div class=\"elementor-spacer\">\n\t\t\t<div class=\"elementor-spacer-inner\"><\/div>\n\t\t<\/div>\n\t\t\t\t\t\t<\/div>\n\t\t\t\t<\/div>\n\t\t\t\t<section class=\"elementor-section elementor-inner-section elementor-element elementor-element-4c008005 elementor-section-boxed elementor-section-height-default elementor-section-height-default\" data-id=\"4c008005\" data-element_type=\"section\" data-e-type=\"section\" data-settings=\"{&quot;background_background&quot;:&quot;classic&quot;}\">\n\t\t\t\t\t\t<div class=\"elementor-container elementor-column-gap-default\">\n\t\t\t\t\t<div class=\"elementor-column elementor-col-100 elementor-inner-column elementor-element elementor-element-57d2b41a\" data-id=\"57d2b41a\" data-element_type=\"column\" data-e-type=\"column\">\n\t\t\t<div class=\"elementor-widget-wrap elementor-element-populated\">\n\t\t\t\t\t\t<div class=\"elementor-element elementor-element-e80e90b elementor-widget elementor-widget-text-editor\" data-id=\"e80e90b\" data-element_type=\"widget\" data-e-type=\"widget\" data-widget_type=\"text-editor.default\">\n\t\t\t\t<div class=\"elementor-widget-container\">\n\t\t\t\t\t\t\t\t\tDer uni&shy;ver&shy;selle Ein&shy;satz unse&shy;rer Sen&shy;so&shy;ren ge&shy;w\u00e4hr&shy;leis&shy;ten wir durch ein viel&shy;f\u00e4l&shy;tiges Zu&shy;be&shy;h\u00f6r&shy;an&shy;gebot. Dazu dienen in erster Linie Sig&shy;nal&shy;wand&shy;ler, welche die Sen&shy;sor&shy;sig&shy;nale an die Ein&shy;gabe&shy;m\u00f6g&shy;lich&shy;kei&shy;ten Ihres Systems anpasst.\t\t\t\t\t\t\t\t<\/div>\n\t\t\t\t<\/div>\n\t\t\t\t\t<\/div>\n\t\t<\/div>\n\t\t\t\t\t<\/div>\n\t\t<\/section>\n\t\t\t\t<div class=\"elementor-element elementor-element-227bd3dc elementor-widget elementor-widget-spacer\" data-id=\"227bd3dc\" data-element_type=\"widget\" data-e-type=\"widget\" data-widget_type=\"spacer.default\">\n\t\t\t\t<div class=\"elementor-widget-container\">\n\t\t\t\t\t\t\t<div class=\"elementor-spacer\">\n\t\t\t<div class=\"elementor-spacer-inner\"><\/div>\n\t\t<\/div>\n\t\t\t\t\t\t<\/div>\n\t\t\t\t<\/div>\n\t\t\t\t\t<\/div>\n\t\t<\/div>\n\t\t\t\t\t<\/div>\n\t\t<\/section>\n\t\t\t\t<section class=\"elementor-section elementor-top-section elementor-element elementor-element-755e633a elementor-section-boxed elementor-section-height-default elementor-section-height-default\" data-id=\"755e633a\" data-element_type=\"section\" data-e-type=\"section\" data-settings=\"{&quot;background_background&quot;:&quot;classic&quot;}\">\n\t\t\t\t\t\t<div class=\"elementor-container elementor-column-gap-default\">\n\t\t\t\t\t<div class=\"elementor-column elementor-col-100 elementor-top-column elementor-element elementor-element-5cc3652b\" data-id=\"5cc3652b\" data-element_type=\"column\" data-e-type=\"column\">\n\t\t\t<div class=\"elementor-widget-wrap elementor-element-populated\">\n\t\t\t\t\t\t<div class=\"elementor-element elementor-element-7ee24176 elementor-widget elementor-widget-bdt-fancy-tabs\" data-id=\"7ee24176\" data-element_type=\"widget\" data-e-type=\"widget\" data-widget_type=\"bdt-fancy-tabs.default\">\n\t\t\t\t<div class=\"elementor-widget-container\">\n\t\t\t\t\t\t\t<div id=\"bdt-ep-fancy-tabs-7ee24176\" class=\"bdt-ep-fancy-tabs\" data-settings=\"{&quot;tabs_id&quot;:&quot;bdt-ep-fancy-tabs-7ee24176&quot;,&quot;mouse_event&quot;:&quot;click&quot;}\">\n\t\t\t<div class=\"bdt-grid bdt-flex bdt-flex-middle\">\n\n\t\t\t\t\t\t\t\t\t<div class=\"bdt-width-1-1 bdt-width-1-2@s bdt-flex-center bdt-custom-width\">\n\t\t\t\t\t\t\t\t<div data-bdt-ep-fancy-tabs-items=\"connect: #bdt-tab-content-7ee24176;\">\n\t\t\t<div class=\"bdt-grid bdt-grid-collapse bdt-child-width-1-1 bdt-child-width-1-1@s bdt-child-width-1-1@l\" data-bdt-grid>\n\n\t\t\t\t\t\t\t\t\t<div>\n\t\t\t\t\t\t<div class=\"bdt-ep-fancy-tabs-item active\" data-id=\"bdt-tab-17ee24176\">\n\t\t\t\t\t\t\t<a class=\"bdt-ep-fancy-tabs-icon-box\" href=\"javascript:void(0);\" data-tab-index=\"0\">\n\n\t\t\t\t\t\t\t\t\t\t\t\t\t\t\t\t\t<span class=\"bdt-ep-fancy-tabs-icon\">\n\t\t\t\t\t\t\t\t\t\t<img fetchpriority=\"high\" decoding=\"async\" width=\"300\" height=\"212\" src=\"https:\/\/dr-horn.org\/wp-content\/uploads\/2020\/03\/coming-soon-big-300x212.png\" class=\"attachment-medium size-medium\" alt=\"Drehzahl-Grenz&shy;wert&shy;schalter mit Zeitvergleich\" srcset=\"https:\/\/dr-horn.org\/wp-content\/uploads\/2020\/03\/coming-soon-big-300x212.png 300w, https:\/\/dr-horn.org\/wp-content\/uploads\/2020\/03\/coming-soon-big-768x543.png 768w, https:\/\/dr-horn.org\/wp-content\/uploads\/2020\/03\/coming-soon-big.png 841w\" sizes=\"(max-width: 300px) 100vw, 300px\" title=\"coming-soon-big\" \/>\t\t\t\t\t\t\t\t\t<\/span>\n\t\t\t\t\t\t\t\t\n\t\t\t\t\t\t\t<\/a>\n\t\t\t\t\t\t<\/div>\n\t\t\t\t\t<\/div>\n\t\t\t\t\n\t\t\t<\/div>\n\t\t<\/div>\n\t\t\t\t\t<\/div>\n\t\t\t\t\t<div class=\"bdt-width-1-1 bdt-width-expand@s\">\n\t\t\t\t\t\t\t\t<div class=\"bdt-ep-fancy-tabs-content-wrap\">\n\t\t\t\n\t\t\t\t<div id=\"bdt-tab-17ee24176\" class=\"bdt-ep-fancy-tabs-content active\">\n\n\t\t\t\t\t\t\t\t\t\t\t<div class=\"bdt-ep-fancy-tabs-sub-title\">\n\t\t\t\t\t\t\tEL 151\u2026\t\t\t\t\t\t<\/div>\n\t\t\t\t\t\n\t\t\t\t\t\t\t\t\t\t\t<div class=\"bdt-ep-fancy-tabs-title\">\n\t\t\t\t\t\t\tDrehzahl-Grenz&shy;wert&shy;schalter mit Zeitvergleich\t\t\t\t\t\t<\/div>\n\t\t\t\t\t\n\t\t\t\t\t\t\t\t\t\t\t<div class=\"bdt-ep-fancy-tabs-text\">\n\t\t\t\t\t\t\t<h3><a class=\"gt3_icon_link gt3_custom_color\" href=\"https:\/\/dr-horn.org\/wp-content\/uploads\/2020\/03\/Speed-limit-switch-with-time-comparison-DK002603-Rev.3-EL151..pdf\" target=\"_blank\" data-color=\"#003468\" data-hover-color=\"#ff392d\" style=\"font-size: 14px;color: #003468;margin-right: 15px;margin-top: 5px\" rel=\"noopener\"><i class=\"fa fa-download\">\u00a0<\/i><\/a><\/h3>\t\t\t\t\t\t<\/div>\n\t\t\t\t\t\n\t\t\t\t\t\n\t\t\t\t<\/div>\n\t\t\t\t\t<\/div>\n\n\t\t\t\t\t\t<\/div>\n\t\t\t\t\n\t\t\t\t\n\t\t\t<\/div>\n\t\t<\/div>\n\t\t\t\t\t<\/div>\n\t\t\t\t<\/div>\n\t\t\t\t<div class=\"elementor-element elementor-element-3f47d4f2 elementor-widget elementor-widget-spacer\" data-id=\"3f47d4f2\" data-element_type=\"widget\" data-e-type=\"widget\" data-widget_type=\"spacer.default\">\n\t\t\t\t<div class=\"elementor-widget-container\">\n\t\t\t\t\t\t\t<div class=\"elementor-spacer\">\n\t\t\t<div class=\"elementor-spacer-inner\"><\/div>\n\t\t<\/div>\n\t\t\t\t\t\t<\/div>\n\t\t\t\t<\/div>\n\t\t\t\t<div class=\"elementor-element elementor-element-1680fad elementor-widget elementor-widget-bdt-fancy-tabs\" data-id=\"1680fad\" data-element_type=\"widget\" data-e-type=\"widget\" data-widget_type=\"bdt-fancy-tabs.default\">\n\t\t\t\t<div class=\"elementor-widget-container\">\n\t\t\t\t\t\t\t<div id=\"bdt-ep-fancy-tabs-1680fad\" class=\"bdt-ep-fancy-tabs\" data-settings=\"{&quot;tabs_id&quot;:&quot;bdt-ep-fancy-tabs-1680fad&quot;,&quot;mouse_event&quot;:&quot;click&quot;}\">\n\t\t\t<div class=\"bdt-grid bdt-flex bdt-flex-middle\">\n\n\t\t\t\t\t\t\t\t\t<div class=\"bdt-width-1-1 bdt-width-1-2@s bdt-flex-center bdt-custom-width\">\n\t\t\t\t\t\t\t\t<div data-bdt-ep-fancy-tabs-items=\"connect: #bdt-tab-content-1680fad;\">\n\t\t\t<div class=\"bdt-grid bdt-grid-collapse bdt-child-width-1-1 bdt-child-width-1-1@s bdt-child-width-1-1@l\" data-bdt-grid>\n\n\t\t\t\t\t\t\t\t\t<div>\n\t\t\t\t\t\t<div class=\"bdt-ep-fancy-tabs-item active\" data-id=\"bdt-tab-11680fad\">\n\t\t\t\t\t\t\t<a class=\"bdt-ep-fancy-tabs-icon-box\" href=\"javascript:void(0);\" data-tab-index=\"0\">\n\n\t\t\t\t\t\t\t\t\t\t\t\t\t\t\t\t\t<span class=\"bdt-ep-fancy-tabs-icon\">\n\t\t\t\t\t\t\t\t\t\t<img decoding=\"async\" width=\"300\" height=\"212\" src=\"https:\/\/dr-horn.org\/wp-content\/uploads\/2020\/03\/coming-soon-big-300x212.png\" class=\"attachment-medium size-medium\" alt=\"Frequenz\/Analog&shy;umformer\" srcset=\"https:\/\/dr-horn.org\/wp-content\/uploads\/2020\/03\/coming-soon-big-300x212.png 300w, https:\/\/dr-horn.org\/wp-content\/uploads\/2020\/03\/coming-soon-big-768x543.png 768w, https:\/\/dr-horn.org\/wp-content\/uploads\/2020\/03\/coming-soon-big.png 841w\" sizes=\"(max-width: 300px) 100vw, 300px\" title=\"coming-soon-big\" \/>\t\t\t\t\t\t\t\t\t<\/span>\n\t\t\t\t\t\t\t\t\n\t\t\t\t\t\t\t<\/a>\n\t\t\t\t\t\t<\/div>\n\t\t\t\t\t<\/div>\n\t\t\t\t\n\t\t\t<\/div>\n\t\t<\/div>\n\t\t\t\t\t<\/div>\n\t\t\t\t\t<div class=\"bdt-width-1-1 bdt-width-expand@s\">\n\t\t\t\t\t\t\t\t<div class=\"bdt-ep-fancy-tabs-content-wrap\">\n\t\t\t\n\t\t\t\t<div id=\"bdt-tab-11680fad\" class=\"bdt-ep-fancy-tabs-content active\">\n\n\t\t\t\t\t\t\t\t\t\t\t<div class=\"bdt-ep-fancy-tabs-sub-title\">\n\t\t\t\t\t\t\tEV 188\u2026\t\t\t\t\t\t<\/div>\n\t\t\t\t\t\n\t\t\t\t\t\t\t\t\t\t\t<div class=\"bdt-ep-fancy-tabs-title\">\n\t\t\t\t\t\t\tFrequenz\/Analog&shy;umformer\t\t\t\t\t\t<\/div>\n\t\t\t\t\t\n\t\t\t\t\t\t\t\t\t\t\t<div class=\"bdt-ep-fancy-tabs-text\">\n\t\t\t\t\t\t\t<h3><a class=\"gt3_icon_link gt3_custom_color\" href=\"https:\/\/dr-horn.org\/wp-content\/uploads\/2020\/03\/Frequency_Analogue-Converter-DK002608-Rev.7-EV-188.pdf\" target=\"_blank\" data-color=\"#003468\" data-hover-color=\"#ff392d\" style=\"font-size: 14px;color: #003468;margin-right: 15px;margin-top: 5px\" rel=\"noopener\"><i class=\"fa fa-download\">\u00a0<\/i><\/a><\/h3>\t\t\t\t\t\t<\/div>\n\t\t\t\t\t\n\t\t\t\t\t\n\t\t\t\t<\/div>\n\t\t\t\t\t<\/div>\n\n\t\t\t\t\t\t<\/div>\n\t\t\t\t\n\t\t\t\t\n\t\t\t<\/div>\n\t\t<\/div>\n\t\t\t\t\t<\/div>\n\t\t\t\t<\/div>\n\t\t\t\t<div class=\"elementor-element elementor-element-5875c683 elementor-widget elementor-widget-spacer\" data-id=\"5875c683\" data-element_type=\"widget\" data-e-type=\"widget\" data-widget_type=\"spacer.default\">\n\t\t\t\t<div class=\"elementor-widget-container\">\n\t\t\t\t\t\t\t<div class=\"elementor-spacer\">\n\t\t\t<div class=\"elementor-spacer-inner\"><\/div>\n\t\t<\/div>\n\t\t\t\t\t\t<\/div>\n\t\t\t\t<\/div>\n\t\t\t\t<div class=\"elementor-element elementor-element-19897a95 elementor-widget elementor-widget-spacer\" data-id=\"19897a95\" data-element_type=\"widget\" data-e-type=\"widget\" data-widget_type=\"spacer.default\">\n\t\t\t\t<div class=\"elementor-widget-container\">\n\t\t\t\t\t\t\t<div class=\"elementor-spacer\">\n\t\t\t<div class=\"elementor-spacer-inner\"><\/div>\n\t\t<\/div>\n\t\t\t\t\t\t<\/div>\n\t\t\t\t<\/div>\n\t\t\t\t<div class=\"elementor-element elementor-element-bbbbcdd elementor-widget elementor-widget-bdt-fancy-tabs\" data-id=\"bbbbcdd\" data-element_type=\"widget\" data-e-type=\"widget\" data-widget_type=\"bdt-fancy-tabs.default\">\n\t\t\t\t<div class=\"elementor-widget-container\">\n\t\t\t\t\t\t\t<div id=\"bdt-ep-fancy-tabs-bbbbcdd\" class=\"bdt-ep-fancy-tabs\" data-settings=\"{&quot;tabs_id&quot;:&quot;bdt-ep-fancy-tabs-bbbbcdd&quot;,&quot;mouse_event&quot;:&quot;click&quot;}\">\n\t\t\t<div class=\"bdt-grid bdt-flex bdt-flex-middle\">\n\n\t\t\t\t\t\t\t\t\t<div class=\"bdt-width-1-1 bdt-width-1-2@s bdt-flex-center bdt-custom-width\">\n\t\t\t\t\t\t\t\t<div data-bdt-ep-fancy-tabs-items=\"connect: #bdt-tab-content-bbbbcdd;\">\n\t\t\t<div class=\"bdt-grid bdt-grid-collapse bdt-child-width-1-1 bdt-child-width-1-1@s bdt-child-width-1-1@l\" data-bdt-grid>\n\n\t\t\t\t\t\t\t\t\t<div>\n\t\t\t\t\t\t<div class=\"bdt-ep-fancy-tabs-item active\" data-id=\"bdt-tab-1bbbbcdd\">\n\t\t\t\t\t\t\t<a class=\"bdt-ep-fancy-tabs-icon-box\" href=\"javascript:void(0);\" data-tab-index=\"0\">\n\n\t\t\t\t\t\t\t\t\t\t\t\t\t\t\t\t\t<span class=\"bdt-ep-fancy-tabs-icon\">\n\t\t\t\t\t\t\t\t\t\t<img decoding=\"async\" width=\"300\" height=\"212\" src=\"https:\/\/dr-horn.org\/wp-content\/uploads\/2020\/03\/coming-soon-big-300x212.png\" class=\"attachment-medium size-medium\" alt=\"f\/U oder f\/I Umformer mit Grenzwert\" srcset=\"https:\/\/dr-horn.org\/wp-content\/uploads\/2020\/03\/coming-soon-big-300x212.png 300w, https:\/\/dr-horn.org\/wp-content\/uploads\/2020\/03\/coming-soon-big-768x543.png 768w, https:\/\/dr-horn.org\/wp-content\/uploads\/2020\/03\/coming-soon-big.png 841w\" sizes=\"(max-width: 300px) 100vw, 300px\" title=\"coming-soon-big\" \/>\t\t\t\t\t\t\t\t\t<\/span>\n\t\t\t\t\t\t\t\t\n\t\t\t\t\t\t\t<\/a>\n\t\t\t\t\t\t<\/div>\n\t\t\t\t\t<\/div>\n\t\t\t\t\n\t\t\t<\/div>\n\t\t<\/div>\n\t\t\t\t\t<\/div>\n\t\t\t\t\t<div class=\"bdt-width-1-1 bdt-width-expand@s\">\n\t\t\t\t\t\t\t\t<div class=\"bdt-ep-fancy-tabs-content-wrap\">\n\t\t\t\n\t\t\t\t<div id=\"bdt-tab-1bbbbcdd\" class=\"bdt-ep-fancy-tabs-content active\">\n\n\t\t\t\t\t\t\t\t\t\t\t<div class=\"bdt-ep-fancy-tabs-sub-title\">\n\t\t\t\t\t\t\tMEV 265\u2026\t\t\t\t\t\t<\/div>\n\t\t\t\t\t\n\t\t\t\t\t\t\t\t\t\t\t<div class=\"bdt-ep-fancy-tabs-title\">\n\t\t\t\t\t\t\tf\/U oder f\/I Umformer mit Grenzwert\t\t\t\t\t\t<\/div>\n\t\t\t\t\t\n\t\t\t\t\t\t\t\t\t\t\t<div class=\"bdt-ep-fancy-tabs-text\">\n\t\t\t\t\t\t\t<h3><a class=\"gt3_icon_link gt3_custom_color\" href=\"https:\/\/dr-horn.org\/wp-content\/uploads\/2020\/03\/Converter-with-Limit-Switch-DK002607-Rev.3-f_u-or-f_l-MEV265.pdf\" target=\"_blank\" data-color=\"#003468\" data-hover-color=\"#ff392d\" style=\"font-size: 14px;color: #003468;margin-right: 15px;margin-top: 5px\" rel=\"noopener\"><i class=\"fa fa-download\">\u00a0<\/i><\/a><\/h3>\t\t\t\t\t\t<\/div>\n\t\t\t\t\t\n\t\t\t\t\t\n\t\t\t\t<\/div>\n\t\t\t\t\t<\/div>\n\n\t\t\t\t\t\t<\/div>\n\t\t\t\t\n\t\t\t\t\n\t\t\t<\/div>\n\t\t<\/div>\n\t\t\t\t\t<\/div>\n\t\t\t\t<\/div>\n\t\t\t\t\t<\/div>\n\t\t<\/div>\n\t\t\t\t\t<\/div>\n\t\t<\/section>\n\t\t\t\t<section class=\"elementor-section elementor-top-section elementor-element elementor-element-5deed43 elementor-section-boxed elementor-section-height-default elementor-section-height-default\" data-id=\"5deed43\" data-element_type=\"section\" data-e-type=\"section\">\n\t\t\t\t\t\t<div class=\"elementor-container elementor-column-gap-default\">\n\t\t\t\t\t<div class=\"elementor-column elementor-col-100 elementor-top-column elementor-element elementor-element-2aef5e7\" data-id=\"2aef5e7\" data-element_type=\"column\" data-e-type=\"column\">\n\t\t\t<div class=\"elementor-widget-wrap elementor-element-populated\">\n\t\t\t\t\t\t<div class=\"elementor-element elementor-element-a6434c9 elementor-widget elementor-widget-spacer\" data-id=\"a6434c9\" data-element_type=\"widget\" data-e-type=\"widget\" data-widget_type=\"spacer.default\">\n\t\t\t\t<div class=\"elementor-widget-container\">\n\t\t\t\t\t\t\t<div class=\"elementor-spacer\">\n\t\t\t<div class=\"elementor-spacer-inner\"><\/div>\n\t\t<\/div>\n\t\t\t\t\t\t<\/div>\n\t\t\t\t<\/div>\n\t\t\t\t\t<\/div>\n\t\t<\/div>\n\t\t\t\t\t<\/div>\n\t\t<\/section>\n\t\t\t\t<\/div>\n\t\t","protected":false},"excerpt":{"rendered":"<p>Zubeh\u00f6r \/ Auswerter Sensoren Downloads Zubeh\u00f6r und Auswerter Der uni&shy;ver&shy;selle Ein&shy;satz unse&shy;rer Sen&shy;so&shy;ren ge&shy;w\u00e4hr&shy;leis&shy;ten wir durch ein viel&shy;f\u00e4l&shy;tiges Zu&shy;be&shy;h\u00f6r&shy;an&shy;gebot. Dazu dienen in erster Linie Sig&shy;nal&shy;wand&shy;ler, welche die Sen&shy;sor&shy;sig&shy;nale an die Ein&shy;gabe&shy;m\u00f6g&shy;lich&shy;kei&shy;ten Ihres Systems anpasst. EL 151\u2026 Drehzahl-Grenz&shy;wert&shy;schalter mit Zeitvergleich \u00a0 EV 188\u2026 Frequenz\/Analog&shy;umformer \u00a0 MEV 265\u2026 f\/U oder f\/I Umformer mit Grenzwert \u00a0<\/p>\n","protected":false},"author":1,"featured_media":0,"parent":8022,"menu_order":0,"comment_status":"closed","ping_status":"closed","template":"","meta":{"footnotes":""},"class_list":["post-16720","page","type-page","status-publish","hentry"],"_links":{"self":[{"href":"https:\/\/dr-horn.org\/de\/wp-json\/wp\/v2\/pages\/16720","targetHints":{"allow":["GET"]}}],"collection":[{"href":"https:\/\/dr-horn.org\/de\/wp-json\/wp\/v2\/pages"}],"about":[{"href":"https:\/\/dr-horn.org\/de\/wp-json\/wp\/v2\/types\/page"}],"author":[{"embeddable":true,"href":"https:\/\/dr-horn.org\/de\/wp-json\/wp\/v2\/users\/1"}],"replies":[{"embeddable":true,"href":"https:\/\/dr-horn.org\/de\/wp-json\/wp\/v2\/comments?post=16720"}],"version-history":[{"count":0,"href":"https:\/\/dr-horn.org\/de\/wp-json\/wp\/v2\/pages\/16720\/revisions"}],"up":[{"embeddable":true,"href":"https:\/\/dr-horn.org\/de\/wp-json\/wp\/v2\/pages\/8022"}],"wp:attachment":[{"href":"https:\/\/dr-horn.org\/de\/wp-json\/wp\/v2\/media?parent=16720"}],"curies":[{"name":"wp","href":"https:\/\/api.w.org\/{rel}","templated":true}]}}