{"id":16689,"date":"2020-03-20T13:53:19","date_gmt":"2020-03-20T13:53:19","guid":{"rendered":"https:\/\/drhorn-yam35rk0s9.live-website.com\/?page_id=16689"},"modified":"2021-07-05T15:15:04","modified_gmt":"2021-07-05T15:15:04","slug":"magnetfeld","status":"publish","type":"page","link":"https:\/\/dr-horn.org\/de\/produkte\/magnetfeld\/","title":{"rendered":"Magnetfeld"},"content":{"rendered":"\t\t<div data-elementor-type=\"wp-post\" data-elementor-id=\"16689\" class=\"elementor elementor-16689\" data-elementor-settings=\"{&quot;element_pack_global_tooltip_width&quot;:{&quot;unit&quot;:&quot;px&quot;,&quot;size&quot;:&quot;&quot;,&quot;sizes&quot;:[]},&quot;element_pack_global_tooltip_width_tablet&quot;:{&quot;unit&quot;:&quot;px&quot;,&quot;size&quot;:&quot;&quot;,&quot;sizes&quot;:[]},&quot;element_pack_global_tooltip_width_mobile&quot;:{&quot;unit&quot;:&quot;px&quot;,&quot;size&quot;:&quot;&quot;,&quot;sizes&quot;:[]},&quot;element_pack_global_tooltip_padding&quot;:{&quot;unit&quot;:&quot;px&quot;,&quot;top&quot;:&quot;&quot;,&quot;right&quot;:&quot;&quot;,&quot;bottom&quot;:&quot;&quot;,&quot;left&quot;:&quot;&quot;,&quot;isLinked&quot;:true},&quot;element_pack_global_tooltip_padding_tablet&quot;:{&quot;unit&quot;:&quot;px&quot;,&quot;top&quot;:&quot;&quot;,&quot;right&quot;:&quot;&quot;,&quot;bottom&quot;:&quot;&quot;,&quot;left&quot;:&quot;&quot;,&quot;isLinked&quot;:true},&quot;element_pack_global_tooltip_padding_mobile&quot;:{&quot;unit&quot;:&quot;px&quot;,&quot;top&quot;:&quot;&quot;,&quot;right&quot;:&quot;&quot;,&quot;bottom&quot;:&quot;&quot;,&quot;left&quot;:&quot;&quot;,&quot;isLinked&quot;:true},&quot;element_pack_global_tooltip_border_radius&quot;:{&quot;unit&quot;:&quot;px&quot;,&quot;top&quot;:&quot;&quot;,&quot;right&quot;:&quot;&quot;,&quot;bottom&quot;:&quot;&quot;,&quot;left&quot;:&quot;&quot;,&quot;isLinked&quot;:true},&quot;element_pack_global_tooltip_border_radius_tablet&quot;:{&quot;unit&quot;:&quot;px&quot;,&quot;top&quot;:&quot;&quot;,&quot;right&quot;:&quot;&quot;,&quot;bottom&quot;:&quot;&quot;,&quot;left&quot;:&quot;&quot;,&quot;isLinked&quot;:true},&quot;element_pack_global_tooltip_border_radius_mobile&quot;:{&quot;unit&quot;:&quot;px&quot;,&quot;top&quot;:&quot;&quot;,&quot;right&quot;:&quot;&quot;,&quot;bottom&quot;:&quot;&quot;,&quot;left&quot;:&quot;&quot;,&quot;isLinked&quot;:true}}\" data-elementor-post-type=\"page\">\n\t\t\t\t\t\t<section class=\"elementor-section elementor-top-section elementor-element elementor-element-3c87ab09 elementor-section-boxed elementor-section-height-default elementor-section-height-default\" data-id=\"3c87ab09\" data-element_type=\"section\" data-e-type=\"section\" data-settings=\"{&quot;background_background&quot;:&quot;classic&quot;}\">\n\t\t\t\t\t\t<div class=\"elementor-container elementor-column-gap-default\">\n\t\t\t\t\t<div class=\"elementor-column elementor-col-100 elementor-top-column elementor-element elementor-element-5db61e1\" data-id=\"5db61e1\" data-element_type=\"column\" data-e-type=\"column\">\n\t\t\t<div class=\"elementor-widget-wrap elementor-element-populated\">\n\t\t\t\t\t\t<div class=\"elementor-element elementor-element-529fe8df elementor-widget elementor-widget-spacer\" data-id=\"529fe8df\" data-element_type=\"widget\" data-e-type=\"widget\" data-widget_type=\"spacer.default\">\n\t\t\t\t<div class=\"elementor-widget-container\">\n\t\t\t\t\t\t\t<div class=\"elementor-spacer\">\n\t\t\t<div class=\"elementor-spacer-inner\"><\/div>\n\t\t<\/div>\n\t\t\t\t\t\t<\/div>\n\t\t\t\t<\/div>\n\t\t\t\t<div class=\"elementor-element elementor-element-e8eb29a bdt-flip-box-direction-up bdt-flip-box-effect-flip bdt-flip-box-easing-ease-out elementor-widget elementor-widget-bdt-flip-box\" data-id=\"e8eb29a\" data-element_type=\"widget\" data-e-type=\"widget\" data-widget_type=\"bdt-flip-box.default\">\n\t\t\t\t<div class=\"elementor-widget-container\">\n\t\t\t\t\t\t\t<div class=\"bdt-flip-box\" data-settings=\"{&quot;flipTrigger&quot;:&quot;hover&quot;}\">\n\t\t\t<div class=\"bdt-flip-box-layer bdt-flip-box-front\">\n\t\t\t\t<div class=\"bdt-flip-box-layer-overlay\">\n\t\t\t\t\t<div class=\"bdt-flip-box-layer-inner\">\n\t\t\t\t\t\t\t\t\t\t\t\t\t<div class=\"elementor-icon-wrapper elementor-view-stacked elementor-shape-circle\">\n\t\t\t\t\t\t\t\t<div class=\"elementor-icon\">\n\n\t\t\t\t\t\t\t\t\t<svg xmlns=\"http:\/\/www.w3.org\/2000\/svg\" xmlns:xlink=\"http:\/\/www.w3.org\/1999\/xlink\" id=\"Magnet\" x=\"0px\" y=\"0px\" width=\"50.2px\" height=\"39px\" viewBox=\"0 0 50.2 39\" style=\"enable-background:new 0 0 50.2 39;\" xml:space=\"preserve\"><style type=\"text\/css\">\t.st0{fill:#FFFFFF;}<\/style><g>\t<path class=\"st0\" d=\"M25.1,14.4c-3.9,0-7-3.1-7-6.9s3.2-6.9,7-6.9s7,3.1,7,6.9S29,14.4,25.1,14.4z M25.1,0.8c-3.7,0-6.8,3-6.8,6.7   s3,6.7,6.8,6.7s6.8-3,6.8-6.7S28.8,0.8,25.1,0.8z\"><\/path><\/g><g>\t<path class=\"st0\" d=\"M25.1,38.4c-3.9,0-7-3.1-7-6.9s3.2-6.9,7-6.9s7,3.1,7,6.9S29,38.4,25.1,38.4z M25.1,24.8c-3.7,0-6.8,3-6.8,6.7   s3,6.7,6.8,6.7s6.8-3,6.8-6.7S28.8,24.8,25.1,24.8z\"><\/path><\/g><g>\t<rect x=\"20.9\" y=\"31.4\" class=\"st0\" width=\"8.3\" height=\"0.2\"><\/rect><\/g><g>\t<rect x=\"25\" y=\"3.4\" class=\"st0\" width=\"0.2\" height=\"8.3\"><\/rect><\/g><g>\t<rect x=\"20.9\" y=\"7.2\" class=\"st0\" width=\"8.3\" height=\"0.2\"><\/rect><\/g><g>\t<path class=\"st0\" d=\"M34.4,24.6c-0.1,0-0.1,0-0.2,0l0-0.2c1.4,0,2.8-0.4,3.8-1.4c1-0.9,1.6-2.2,1.7-3.6c-0.1-2.8-2.5-5-5.3-5   c-0.1,0-0.1,0-0.2,0l0-0.2c0.1,0,0.1,0,0.2,0c3,0,5.4,2.3,5.5,5.2c0,1.5-0.7,2.8-1.8,3.8C37.1,24.1,35.8,24.6,34.4,24.6z\"><\/path><\/g><g>\t<path class=\"st0\" d=\"M34.2,27.7v-0.2c4.8,0,8.7-3.6,8.7-8c0-4.5-3.8-8-8.7-8v-0.2c5,0,8.9,3.6,8.9,8.2C43.1,24,39.1,27.7,34.2,27.7   z\"><\/path><\/g><g>\t<path class=\"st0\" d=\"M34.2,30.6v-0.2c6.6,0,12-4.9,12-10.9c0-6.1-5.4-11-12-11V8.3c6.7,0,12.2,5,12.2,11.2   C46.4,25.6,40.9,30.6,34.2,30.6z\"><\/path><\/g><g>\t<path class=\"st0\" d=\"M34.2,33.5v-0.2c8.4,0,15.2-6.2,15.2-13.9S42.6,5.5,34.2,5.5V5.3c8.5,0,15.4,6.3,15.4,14.1   S42.7,33.5,34.2,33.5z\"><\/path><\/g><g>\t<path class=\"st0\" d=\"M15.8,24.7c-3,0-5.4-2.3-5.5-5.2c0-1.5,0.7-2.8,1.8-3.8c1.1-1,2.5-1.5,4-1.4l0,0.2c-0.1,0-0.1,0-0.2,0   c-2.9,0-5.2,2.2-5.3,5c0.1,2.8,2.6,5.1,5.5,5l0,0.2C15.9,24.7,15.9,24.7,15.8,24.7z\"><\/path><\/g><g>\t<path class=\"st0\" d=\"M16,27.6c-5,0-8.9-3.6-8.9-8.2c0-4.5,4-8.2,8.9-8.2v0.2c-4.8,0-8.7,3.6-8.7,8c0,4.5,3.8,8,8.7,8V27.6z\"><\/path><\/g><g>\t<path class=\"st0\" d=\"M16,30.6c-6.7,0-12.1-5-12.1-11.1C3.9,13.3,9.3,8.3,16,8.3v0.2c-6.5,0-11.9,4.9-11.9,11   c0,6,5.3,10.9,11.9,10.9V30.6z\"><\/path><\/g><g>\t<path class=\"st0\" d=\"M16,33.6c-8.5,0-15.4-6.3-15.4-14.1C0.6,11.7,7.5,5.4,16,5.4v0.2c-8.4,0-15.2,6.2-15.2,13.9   c0,7.7,6.8,13.9,15.2,13.9V33.6z\"><\/path><\/g><\/svg>\n\t\t\t\t\t\t\t\t<\/div>\n\t\t\t\t\t\t\t<\/div>\n\t\t\t\t\t\t\n\t\t\t\t\t\t\t\t\t\t\t\t\t<h3 class=\"bdt-flip-box-layer-title\">\n\t\t\t\t\t\t\t\tMagnetfeld\t\t\t\t\t\t\t<\/h3>\n\t\t\t\t\t\t\n\t\t\t\t\t\t\t\t\t\t\t\t\t<div class=\"bdt-flip-box-layer-desc\">\n\t\t\t\t\t\t\t\tSensoren\t\t\t\t\t\t\t<\/div>\n\t\t\t\t\t\t\t\t\t\t\t<\/div>\n\t\t\t\t<\/div>\n\t\t\t<\/div>\n\t\t\t<div class=\"bdt-flip-box-layer bdt-flip-box-back\">\n\t\t\t\t<div class=\"bdt-flip-box-layer-overlay\">\n\t\t\t\t\t<div class=\"bdt-flip-box-layer-inner\">\n\t\t\t\t\t\t\t\t\t\t\t\t\t<h3 class=\"bdt-flip-box-layer-title\">\n\t\t\t\t\t\t\t\tDownloads\t\t\t\t\t\t\t<\/h3>\n\t\t\t\t\t\t\n\t\t\t\t\t\t\t\t\t\t\t\t\t<div class=\"bdt-flip-box-layer-desc\">\n\t\t\t\t\t\t\t\tMagnetfeld\t\t\t\t\t\t\t<\/div>\n\t\t\t\t\t\t\n\t\t\t\t\t\t\t\t\t\t\t<\/div>\n\t\t\t\t<\/div>\n\t\t\t<\/div>\n\t\t<\/div>\n\t\t\t\t\t<\/div>\n\t\t\t\t<\/div>\n\t\t\t\t<div class=\"elementor-element elementor-element-8ea805f elementor-widget elementor-widget-spacer\" data-id=\"8ea805f\" data-element_type=\"widget\" data-e-type=\"widget\" data-widget_type=\"spacer.default\">\n\t\t\t\t<div class=\"elementor-widget-container\">\n\t\t\t\t\t\t\t<div class=\"elementor-spacer\">\n\t\t\t<div class=\"elementor-spacer-inner\"><\/div>\n\t\t<\/div>\n\t\t\t\t\t\t<\/div>\n\t\t\t\t<\/div>\n\t\t\t\t<section class=\"elementor-section elementor-inner-section elementor-element elementor-element-4c008005 elementor-section-boxed elementor-section-height-default elementor-section-height-default\" data-id=\"4c008005\" data-element_type=\"section\" data-e-type=\"section\" data-settings=\"{&quot;background_background&quot;:&quot;classic&quot;}\">\n\t\t\t\t\t\t<div class=\"elementor-container elementor-column-gap-default\">\n\t\t\t\t\t<div class=\"elementor-column elementor-col-100 elementor-inner-column elementor-element elementor-element-57d2b41a\" data-id=\"57d2b41a\" data-element_type=\"column\" data-e-type=\"column\">\n\t\t\t<div class=\"elementor-widget-wrap elementor-element-populated\">\n\t\t\t\t\t\t<div class=\"elementor-element elementor-element-e80e90b elementor-widget elementor-widget-text-editor\" data-id=\"e80e90b\" data-element_type=\"widget\" data-e-type=\"widget\" data-widget_type=\"text-editor.default\">\n\t\t\t\t<div class=\"elementor-widget-container\">\n\t\t\t\t\t\t\t\t\tMagnetische Sen&shy;so&shy;ren setzen wir f\u00fcr unter&shy;schied&shy;liche Mess&shy;auf&shy;gaben ein. Dreh&shy;zahl&shy;er&shy;fas&shy;sung ist ein gro&shy;\u00dfer An&shy;teil un&shy;se&shy;rer Sen&shy;so&shy;ren. Dar\u00fcber hin&shy;aus wer&shy;den Mag&shy;net&shy;feld&shy;sen&shy;soren f\u00fcr die Be&shy;we&shy;gungs&shy;er&shy;fas&shy;sung in ganz uni&shy;ver&shy;seller Art ein&shy;gesetzt.\t\t\t\t\t\t\t\t<\/div>\n\t\t\t\t<\/div>\n\t\t\t\t\t<\/div>\n\t\t<\/div>\n\t\t\t\t\t<\/div>\n\t\t<\/section>\n\t\t\t\t<div class=\"elementor-element elementor-element-227bd3dc elementor-widget elementor-widget-spacer\" data-id=\"227bd3dc\" data-element_type=\"widget\" data-e-type=\"widget\" data-widget_type=\"spacer.default\">\n\t\t\t\t<div class=\"elementor-widget-container\">\n\t\t\t\t\t\t\t<div class=\"elementor-spacer\">\n\t\t\t<div class=\"elementor-spacer-inner\"><\/div>\n\t\t<\/div>\n\t\t\t\t\t\t<\/div>\n\t\t\t\t<\/div>\n\t\t\t\t\t<\/div>\n\t\t<\/div>\n\t\t\t\t\t<\/div>\n\t\t<\/section>\n\t\t\t\t<section class=\"elementor-section elementor-top-section elementor-element elementor-element-def0297 elementor-section-boxed elementor-section-height-default elementor-section-height-default\" data-id=\"def0297\" data-element_type=\"section\" data-e-type=\"section\" data-settings=\"{&quot;background_background&quot;:&quot;classic&quot;}\">\n\t\t\t\t\t\t<div class=\"elementor-container elementor-column-gap-default\">\n\t\t\t\t\t<div class=\"elementor-column elementor-col-100 elementor-top-column elementor-element elementor-element-3a6b7f4\" data-id=\"3a6b7f4\" data-element_type=\"column\" data-e-type=\"column\">\n\t\t\t<div class=\"elementor-widget-wrap elementor-element-populated\">\n\t\t\t\t\t\t<div class=\"elementor-element elementor-element-61e3f1d elementor-widget elementor-widget-spacer\" data-id=\"61e3f1d\" data-element_type=\"widget\" data-e-type=\"widget\" data-widget_type=\"spacer.default\">\n\t\t\t\t<div class=\"elementor-widget-container\">\n\t\t\t\t\t\t\t<div class=\"elementor-spacer\">\n\t\t\t<div class=\"elementor-spacer-inner\"><\/div>\n\t\t<\/div>\n\t\t\t\t\t\t<\/div>\n\t\t\t\t<\/div>\n\t\t\t\t<div class=\"elementor-element elementor-element-84660c5 elementor-widget elementor-widget-bdt-fancy-tabs\" data-id=\"84660c5\" data-element_type=\"widget\" data-e-type=\"widget\" data-widget_type=\"bdt-fancy-tabs.default\">\n\t\t\t\t<div class=\"elementor-widget-container\">\n\t\t\t\t\t\t\t<div id=\"bdt-ep-fancy-tabs-84660c5\" class=\"bdt-ep-fancy-tabs\" data-settings=\"{&quot;tabs_id&quot;:&quot;bdt-ep-fancy-tabs-84660c5&quot;,&quot;mouse_event&quot;:&quot;click&quot;}\">\n\t\t\t<div class=\"bdt-grid bdt-flex bdt-flex-middle\">\n\n\t\t\t\t\t\t\t\t\t<div class=\"bdt-width-1-1 bdt-width-1-2@s bdt-flex-center bdt-custom-width\">\n\t\t\t\t\t\t\t\t<div data-bdt-ep-fancy-tabs-items=\"connect: #bdt-tab-content-84660c5;\">\n\t\t\t<div class=\"bdt-grid bdt-grid-collapse bdt-child-width-1-1 bdt-child-width-1-1@s bdt-child-width-1-1@l\" data-bdt-grid>\n\n\t\t\t\t\t\t\t\t\t<div>\n\t\t\t\t\t\t<div class=\"bdt-ep-fancy-tabs-item active\" data-id=\"bdt-tab-184660c5\">\n\t\t\t\t\t\t\t<a class=\"bdt-ep-fancy-tabs-icon-box\" href=\"javascript:void(0);\" data-tab-index=\"0\">\n\n\t\t\t\t\t\t\t\t\t\t\t\t\t\t\t\t\t<span class=\"bdt-ep-fancy-tabs-icon\">\n\t\t\t\t\t\t\t\t\t\t<img fetchpriority=\"high\" decoding=\"async\" width=\"300\" height=\"212\" src=\"https:\/\/dr-horn.org\/wp-content\/uploads\/2020\/03\/coming-soon-big-300x212.png\" class=\"attachment-medium size-medium\" alt=\"Drehzahlsensor f\u00fcr hohe Drehzahlen\" srcset=\"https:\/\/dr-horn.org\/wp-content\/uploads\/2020\/03\/coming-soon-big-300x212.png 300w, https:\/\/dr-horn.org\/wp-content\/uploads\/2020\/03\/coming-soon-big-768x543.png 768w, https:\/\/dr-horn.org\/wp-content\/uploads\/2020\/03\/coming-soon-big.png 841w\" sizes=\"(max-width: 300px) 100vw, 300px\" title=\"coming-soon-big\" \/>\t\t\t\t\t\t\t\t\t<\/span>\n\t\t\t\t\t\t\t\t\n\t\t\t\t\t\t\t<\/a>\n\t\t\t\t\t\t<\/div>\n\t\t\t\t\t<\/div>\n\t\t\t\t\n\t\t\t<\/div>\n\t\t<\/div>\n\t\t\t\t\t<\/div>\n\t\t\t\t\t<div class=\"bdt-width-1-1 bdt-width-expand@s\">\n\t\t\t\t\t\t\t\t<div class=\"bdt-ep-fancy-tabs-content-wrap\">\n\t\t\t\n\t\t\t\t<div id=\"bdt-tab-184660c5\" class=\"bdt-ep-fancy-tabs-content active\">\n\n\t\t\t\t\t\t\t\t\t\t\t<div class=\"bdt-ep-fancy-tabs-sub-title\">\n\t\t\t\t\t\t\tFGL 8\u2026\t\t\t\t\t\t<\/div>\n\t\t\t\t\t\n\t\t\t\t\t\t\t\t\t\t\t<div class=\"bdt-ep-fancy-tabs-title\">\n\t\t\t\t\t\t\tDrehzahlsensor f\u00fcr hohe Drehzahlen\t\t\t\t\t\t<\/div>\n\t\t\t\t\t\n\t\t\t\t\t\t\t\t\t\t\t<div class=\"bdt-ep-fancy-tabs-text\">\n\t\t\t\t\t\t\t<h3><a class=\"gt3_icon_link gt3_custom_color\" href=\"https:\/\/dr-horn.org\/wp-content\/uploads\/2020\/03\/Magnetic-field-pulse-sensor-FGL8-with-built-in-amplifier-DK002604-Rev.3-FGL8.pdf\" target=\"_blank\" data-color=\"#003468\" data-hover-color=\"#ff392d\" style=\"font-size: 14px;color: #003468;margin-right: 15px;margin-top: 5px\" rel=\"noopener\"><i class=\"fa fa-download\">\u00a0<\/i><\/a>\u00a0<\/h3>\t\t\t\t\t\t<\/div>\n\t\t\t\t\t\n\t\t\t\t\t\n\t\t\t\t<\/div>\n\t\t\t\t\t<\/div>\n\n\t\t\t\t\t\t<\/div>\n\t\t\t\t\n\t\t\t\t\n\t\t\t<\/div>\n\t\t<\/div>\n\t\t\t\t\t<\/div>\n\t\t\t\t<\/div>\n\t\t\t\t<div class=\"elementor-element elementor-element-0bc5455 elementor-widget elementor-widget-spacer\" data-id=\"0bc5455\" data-element_type=\"widget\" data-e-type=\"widget\" data-widget_type=\"spacer.default\">\n\t\t\t\t<div class=\"elementor-widget-container\">\n\t\t\t\t\t\t\t<div class=\"elementor-spacer\">\n\t\t\t<div class=\"elementor-spacer-inner\"><\/div>\n\t\t<\/div>\n\t\t\t\t\t\t<\/div>\n\t\t\t\t<\/div>\n\t\t\t\t<div class=\"elementor-element elementor-element-0b9a03b elementor-widget elementor-widget-bdt-fancy-tabs\" data-id=\"0b9a03b\" data-element_type=\"widget\" data-e-type=\"widget\" data-widget_type=\"bdt-fancy-tabs.default\">\n\t\t\t\t<div class=\"elementor-widget-container\">\n\t\t\t\t\t\t\t<div id=\"bdt-ep-fancy-tabs-0b9a03b\" class=\"bdt-ep-fancy-tabs\" data-settings=\"{&quot;tabs_id&quot;:&quot;bdt-ep-fancy-tabs-0b9a03b&quot;,&quot;mouse_event&quot;:&quot;click&quot;}\">\n\t\t\t<div class=\"bdt-grid bdt-flex bdt-flex-middle\">\n\n\t\t\t\t\t\t\t\t\t<div class=\"bdt-width-1-1 bdt-width-1-2@s bdt-flex-center bdt-custom-width\">\n\t\t\t\t\t\t\t\t<div data-bdt-ep-fancy-tabs-items=\"connect: #bdt-tab-content-0b9a03b;\">\n\t\t\t<div class=\"bdt-grid bdt-grid-collapse bdt-child-width-1-1 bdt-child-width-1-1@s bdt-child-width-1-1@l\" data-bdt-grid>\n\n\t\t\t\t\t\t\t\t\t<div>\n\t\t\t\t\t\t<div class=\"bdt-ep-fancy-tabs-item active\" data-id=\"bdt-tab-10b9a03b\">\n\t\t\t\t\t\t\t<a class=\"bdt-ep-fancy-tabs-icon-box\" href=\"javascript:void(0);\" data-tab-index=\"0\">\n\n\t\t\t\t\t\t\t\t\t\t\t\t\t\t\t\t\t<span class=\"bdt-ep-fancy-tabs-icon\">\n\t\t\t\t\t\t\t\t\t\t<img decoding=\"async\" width=\"300\" height=\"212\" src=\"https:\/\/dr-horn.org\/wp-content\/uploads\/2020\/03\/coming-soon-big-300x212.png\" class=\"attachment-medium size-medium\" alt=\"Drehzahlsensor resistent gegen hohe St\u00f6rfelder\" srcset=\"https:\/\/dr-horn.org\/wp-content\/uploads\/2020\/03\/coming-soon-big-300x212.png 300w, https:\/\/dr-horn.org\/wp-content\/uploads\/2020\/03\/coming-soon-big-768x543.png 768w, https:\/\/dr-horn.org\/wp-content\/uploads\/2020\/03\/coming-soon-big.png 841w\" sizes=\"(max-width: 300px) 100vw, 300px\" title=\"coming-soon-big\" \/>\t\t\t\t\t\t\t\t\t<\/span>\n\t\t\t\t\t\t\t\t\n\t\t\t\t\t\t\t<\/a>\n\t\t\t\t\t\t<\/div>\n\t\t\t\t\t<\/div>\n\t\t\t\t\n\t\t\t<\/div>\n\t\t<\/div>\n\t\t\t\t\t<\/div>\n\t\t\t\t\t<div class=\"bdt-width-1-1 bdt-width-expand@s\">\n\t\t\t\t\t\t\t\t<div class=\"bdt-ep-fancy-tabs-content-wrap\">\n\t\t\t\n\t\t\t\t<div id=\"bdt-tab-10b9a03b\" class=\"bdt-ep-fancy-tabs-content active\">\n\n\t\t\t\t\t\t\t\t\t\t\t<div class=\"bdt-ep-fancy-tabs-sub-title\">\n\t\t\t\t\t\t\tFGL02020\t\t\t\t\t\t<\/div>\n\t\t\t\t\t\n\t\t\t\t\t\t\t\t\t\t\t<div class=\"bdt-ep-fancy-tabs-title\">\n\t\t\t\t\t\t\tDrehzahlsensor resistent gegen hohe St\u00f6rfelder\t\t\t\t\t\t<\/div>\n\t\t\t\t\t\n\t\t\t\t\t\t\t\t\t\t\t<div class=\"bdt-ep-fancy-tabs-text\">\n\t\t\t\t\t\t\t<h3><a class=\"gt3_icon_link gt3_custom_color\" href=\"https:\/\/dr-horn.org\/wp-content\/uploads\/2020\/04\/FG02020-General-Datasheet-Speed-Sensors-DK002639-Rev-3.pdf\" target=\"_blank\" data-color=\"#003468\" data-hover-color=\"#ff392d\" style=\"font-size: 14px;color: #003468;margin-right: 15px;margin-top: 5px\" rel=\"noopener\"><i class=\"fa fa-download\">\u00a0<\/i><\/a><\/h3>\t\t\t\t\t\t<\/div>\n\t\t\t\t\t\n\t\t\t\t\t\n\t\t\t\t<\/div>\n\t\t\t\t\t<\/div>\n\n\t\t\t\t\t\t<\/div>\n\t\t\t\t\n\t\t\t\t\n\t\t\t<\/div>\n\t\t<\/div>\n\t\t\t\t\t<\/div>\n\t\t\t\t<\/div>\n\t\t\t\t<div class=\"elementor-element elementor-element-54fe60e elementor-widget elementor-widget-spacer\" data-id=\"54fe60e\" data-element_type=\"widget\" data-e-type=\"widget\" data-widget_type=\"spacer.default\">\n\t\t\t\t<div class=\"elementor-widget-container\">\n\t\t\t\t\t\t\t<div class=\"elementor-spacer\">\n\t\t\t<div class=\"elementor-spacer-inner\"><\/div>\n\t\t<\/div>\n\t\t\t\t\t\t<\/div>\n\t\t\t\t<\/div>\n\t\t\t\t<div class=\"elementor-element elementor-element-4596c91 elementor-widget elementor-widget-bdt-fancy-tabs\" data-id=\"4596c91\" data-element_type=\"widget\" data-e-type=\"widget\" data-widget_type=\"bdt-fancy-tabs.default\">\n\t\t\t\t<div class=\"elementor-widget-container\">\n\t\t\t\t\t\t\t<div id=\"bdt-ep-fancy-tabs-4596c91\" class=\"bdt-ep-fancy-tabs\" data-settings=\"{&quot;tabs_id&quot;:&quot;bdt-ep-fancy-tabs-4596c91&quot;,&quot;mouse_event&quot;:&quot;click&quot;}\">\n\t\t\t<div class=\"bdt-grid bdt-flex bdt-flex-middle\">\n\n\t\t\t\t\t\t\t\t\t<div class=\"bdt-width-1-1 bdt-width-1-2@s bdt-flex-center bdt-custom-width\">\n\t\t\t\t\t\t\t\t<div data-bdt-ep-fancy-tabs-items=\"connect: #bdt-tab-content-4596c91;\">\n\t\t\t<div class=\"bdt-grid bdt-grid-collapse bdt-child-width-1-1 bdt-child-width-1-1@s bdt-child-width-1-1@l\" data-bdt-grid>\n\n\t\t\t\t\t\t\t\t\t<div>\n\t\t\t\t\t\t<div class=\"bdt-ep-fancy-tabs-item active\" data-id=\"bdt-tab-14596c91\">\n\t\t\t\t\t\t\t<a class=\"bdt-ep-fancy-tabs-icon-box\" href=\"javascript:void(0);\" data-tab-index=\"0\">\n\n\t\t\t\t\t\t\t\t\t\t\t\t\t\t\t\t\t<span class=\"bdt-ep-fancy-tabs-icon\">\n\t\t\t\t\t\t\t\t\t\t<img decoding=\"async\" width=\"300\" height=\"212\" src=\"https:\/\/dr-horn.org\/wp-content\/uploads\/2020\/03\/Nr-3-FGL01612-300x212.png\" class=\"attachment-medium size-medium\" alt=\"Sensor zur Messung von Magnetfeldern\" srcset=\"https:\/\/dr-horn.org\/wp-content\/uploads\/2020\/03\/Nr-3-FGL01612-300x212.png 300w, https:\/\/dr-horn.org\/wp-content\/uploads\/2020\/03\/Nr-3-FGL01612-768x543.png 768w, https:\/\/dr-horn.org\/wp-content\/uploads\/2020\/03\/Nr-3-FGL01612.png 841w\" sizes=\"(max-width: 300px) 100vw, 300px\" title=\"Nr-3-FGL01612\" \/>\t\t\t\t\t\t\t\t\t<\/span>\n\t\t\t\t\t\t\t\t\n\t\t\t\t\t\t\t<\/a>\n\t\t\t\t\t\t<\/div>\n\t\t\t\t\t<\/div>\n\t\t\t\t\n\t\t\t<\/div>\n\t\t<\/div>\n\t\t\t\t\t<\/div>\n\t\t\t\t\t<div class=\"bdt-width-1-1 bdt-width-expand@s\">\n\t\t\t\t\t\t\t\t<div class=\"bdt-ep-fancy-tabs-content-wrap\">\n\t\t\t\n\t\t\t\t<div id=\"bdt-tab-14596c91\" class=\"bdt-ep-fancy-tabs-content active\">\n\n\t\t\t\t\t\t\t\t\t\t\t<div class=\"bdt-ep-fancy-tabs-sub-title\">\n\t\t\t\t\t\t\tFGL01612\t\t\t\t\t\t<\/div>\n\t\t\t\t\t\n\t\t\t\t\t\t\t\t\t\t\t<div class=\"bdt-ep-fancy-tabs-title\">\n\t\t\t\t\t\t\tSensor zur Messung von Magnetfeldern\t\t\t\t\t\t<\/div>\n\t\t\t\t\t\n\t\t\t\t\t\t\t\t\t\t\t<div class=\"bdt-ep-fancy-tabs-text\">\n\t\t\t\t\t\t\t<h3><a class=\"gt3_icon_link gt3_custom_color\" href=\"https:\/\/dr-horn.org\/wp-content\/uploads\/2021\/07\/Magnetic-field-position-sensor-DK-Rev.0-FGL01612.pdf\" target=\"_blank\" data-color=\"#003468\" data-hover-color=\"#ff392d\" style=\"font-size: 14px;color: #003468;margin-right: 15px;margin-top: 5px\" rel=\"noopener\"><i class=\"fa fa-download\">\u00a0<\/i><\/a><\/h3>\t\t\t\t\t\t<\/div>\n\t\t\t\t\t\n\t\t\t\t\t\n\t\t\t\t<\/div>\n\t\t\t\t\t<\/div>\n\n\t\t\t\t\t\t<\/div>\n\t\t\t\t\n\t\t\t\t\n\t\t\t<\/div>\n\t\t<\/div>\n\t\t\t\t\t<\/div>\n\t\t\t\t<\/div>\n\t\t\t\t\t<\/div>\n\t\t<\/div>\n\t\t\t\t\t<\/div>\n\t\t<\/section>\n\t\t\t\t<section class=\"elementor-section elementor-top-section elementor-element elementor-element-5deed43 elementor-section-boxed elementor-section-height-default elementor-section-height-default\" data-id=\"5deed43\" data-element_type=\"section\" data-e-type=\"section\">\n\t\t\t\t\t\t<div class=\"elementor-container elementor-column-gap-default\">\n\t\t\t\t\t<div class=\"elementor-column elementor-col-100 elementor-top-column elementor-element elementor-element-2aef5e7\" data-id=\"2aef5e7\" data-element_type=\"column\" data-e-type=\"column\">\n\t\t\t<div class=\"elementor-widget-wrap elementor-element-populated\">\n\t\t\t\t\t\t<div class=\"elementor-element elementor-element-a6434c9 elementor-widget elementor-widget-spacer\" data-id=\"a6434c9\" data-element_type=\"widget\" data-e-type=\"widget\" data-widget_type=\"spacer.default\">\n\t\t\t\t<div class=\"elementor-widget-container\">\n\t\t\t\t\t\t\t<div class=\"elementor-spacer\">\n\t\t\t<div class=\"elementor-spacer-inner\"><\/div>\n\t\t<\/div>\n\t\t\t\t\t\t<\/div>\n\t\t\t\t<\/div>\n\t\t\t\t\t<\/div>\n\t\t<\/div>\n\t\t\t\t\t<\/div>\n\t\t<\/section>\n\t\t\t\t<\/div>\n\t\t","protected":false},"excerpt":{"rendered":"<p>Magnetfeld Sensoren Downloads Magnetfeld Magnetische Sen&shy;so&shy;ren setzen wir f\u00fcr unter&shy;schied&shy;liche Mess&shy;auf&shy;gaben ein. Dreh&shy;zahl&shy;er&shy;fas&shy;sung ist ein gro&shy;\u00dfer An&shy;teil un&shy;se&shy;rer Sen&shy;so&shy;ren. Dar\u00fcber hin&shy;aus wer&shy;den Mag&shy;net&shy;feld&shy;sen&shy;soren f\u00fcr die Be&shy;we&shy;gungs&shy;er&shy;fas&shy;sung in ganz uni&shy;ver&shy;seller Art ein&shy;gesetzt. FGL 8\u2026 Drehzahlsensor f\u00fcr hohe Drehzahlen \u00a0\u00a0 FGL02020 Drehzahlsensor resistent gegen hohe St\u00f6rfelder \u00a0 FGL01612 Sensor zur Messung von Magnetfeldern \u00a0<\/p>\n","protected":false},"author":1,"featured_media":0,"parent":8022,"menu_order":0,"comment_status":"closed","ping_status":"closed","template":"","meta":{"footnotes":""},"class_list":["post-16689","page","type-page","status-publish","hentry"],"_links":{"self":[{"href":"https:\/\/dr-horn.org\/de\/wp-json\/wp\/v2\/pages\/16689","targetHints":{"allow":["GET"]}}],"collection":[{"href":"https:\/\/dr-horn.org\/de\/wp-json\/wp\/v2\/pages"}],"about":[{"href":"https:\/\/dr-horn.org\/de\/wp-json\/wp\/v2\/types\/page"}],"author":[{"embeddable":true,"href":"https:\/\/dr-horn.org\/de\/wp-json\/wp\/v2\/users\/1"}],"replies":[{"embeddable":true,"href":"https:\/\/dr-horn.org\/de\/wp-json\/wp\/v2\/comments?post=16689"}],"version-history":[{"count":0,"href":"https:\/\/dr-horn.org\/de\/wp-json\/wp\/v2\/pages\/16689\/revisions"}],"up":[{"embeddable":true,"href":"https:\/\/dr-horn.org\/de\/wp-json\/wp\/v2\/pages\/8022"}],"wp:attachment":[{"href":"https:\/\/dr-horn.org\/de\/wp-json\/wp\/v2\/media?parent=16689"}],"curies":[{"name":"wp","href":"https:\/\/api.w.org\/{rel}","templated":true}]}}